{"id":997,"date":"2021-01-22T15:16:24","date_gmt":"2021-01-22T14:16:24","guid":{"rendered":"https:\/\/www.honeymoon-world.com\/france\/?page_id=997"},"modified":"2021-02-04T15:45:23","modified_gmt":"2021-02-04T14:45:23","slug":"savana","status":"publish","type":"page","link":"https:\/\/www.honeymoon-world.com\/france\/savana\/","title":{"rendered":"Savana"},"content":{"rendered":"<p>[et_pb_section fb_built=\u00a0\u00bb1&Prime; _builder_version=\u00a0\u00bb4.4.1&Prime; custom_padding=\u00a0\u00bb20px|||||\u00a0\u00bb][et_pb_row _builder_version=\u00a0\u00bb4.4.1&Prime; custom_margin=\u00a0\u00bb23px|auto||auto||\u00a0\u00bb animation_style=\u00a0\u00bbfold\u00a0\u00bb animation_direction=\u00a0\u00bbright\u00a0\u00bb animation_duration=\u00a0\u00bb1350ms\u00a0\u00bb animation_delay=\u00a0\u00bb250ms\u00a0\u00bb][et_pb_column type=\u00a0\u00bb4_4&Prime; _builder_version=\u00a0\u00bb4.4.1&Prime;][et_pb_text _builder_version=\u00a0\u00bb4.4.1&Prime; text_font=\u00a0\u00bbAbel||||||||\u00a0\u00bb text_font_size=\u00a0\u00bb58px\u00a0\u00bb]<\/p>\n<p>Savana<\/p>\n<p>[\/et_pb_text][et_pb_text _builder_version=\u00a0\u00bb4.4.1&Prime;]<\/p>\n<p><em>Lit avec couverture \u2022 M\u00e9diterran\u00e9en<\/em><\/p>\n<p>[\/et_pb_text][\/et_pb_column][\/et_pb_row][et_pb_row _builder_version=\u00a0\u00bb4.4.1&Prime; custom_padding=\u00a0\u00bb12px|||||\u00a0\u00bb animation_style=\u00a0\u00bbfold\u00a0\u00bb animation_direction=\u00a0\u00bbleft\u00a0\u00bb][et_pb_column type=\u00a0\u00bb4_4&Prime; _builder_version=\u00a0\u00bb4.4.1&Prime;][et_pb_image src=\u00a0\u00bbhttps:\/\/www.honeymoon-world.com\/france\/wp-content\/uploads\/2021\/01\/Savana-FP01.jpg\u00a0\u00bb _builder_version=\u00a0\u00bb4.4.1&Prime;][\/et_pb_image][\/et_pb_column][\/et_pb_row][et_pb_row column_structure=\u00a0\u00bb3_5,2_5&Prime; _builder_version=\u00a0\u00bb4.4.1&Prime; custom_margin=\u00a0\u00bb-6px|auto||auto|false|false\u00a0\u00bb custom_padding=\u00a0\u00bb16px|||||\u00a0\u00bb animation_style=\u00a0\u00bbflip\u00a0\u00bb][et_pb_column type=\u00a0\u00bb3_5&Prime; _builder_version=\u00a0\u00bb4.4.1&Prime;][et_pb_text _builder_version=\u00a0\u00bb4.4.1&Prime; text_line_height=\u00a0\u00bb2em\u00a0\u00bb]<\/p>\n<p><strong>Espace de d\u00e9tente et de convivialit\u00e9 au style authentique<\/strong><\/p>\n<p>Allong\u00e9s sur le matelas ou adoss\u00e9s aux barri\u00e8res, ses utilisateurs passeront de longs moments au c\u0153ur du jardin ou au bord de la piscine. L\u2019espace pourra \u00eatre personnalis\u00e9 en utilisant le large deck et la tablette qui longent les barri\u00e8res. A toute heure du jour ou de la nuit, les larges d\u00e9bords de la couverture apporteront de l\u2019ombre ou une protection contre la fraicheur nocturne\u2026<br \/> Sa structure est en teck massif, et sa couverture \u00e9tanche de style m\u00e9diterran\u00e9en r\u00e9siste \u00e0 presque toutes les conditions m\u00e9t\u00e9orologiques. Ses matelas et coussins sont en tissu Sunbrella\u00ae enti\u00e8rement d\u00e9houssables, plusieurs options sont disponibles.<\/p>\n<p><em>Structure 253 x 178 x 295 cm<\/em><\/p>\n<p>[\/et_pb_text][\/et_pb_column][et_pb_column type=\u00a0\u00bb2_5&Prime; _builder_version=\u00a0\u00bb4.4.1&Prime;][et_pb_text _builder_version=\u00a0\u00bb4.4.1&Prime;]<\/p>\n<p><strong>Equipement Standard :<\/strong><\/p>\n<p>1 matelas d\u2019assise 229 x 155 x 15 cm\u00a0; 6 coussins carr\u00e9s 60 x 60 cm\u00a0; 4 coussins carr\u00e9s 40 x 40 cm\u00a0; 2 traversins \u00d8 25 cm x 155 cm &#8211; ensemble d\u00e9houssable &#8211; Tissus Sunbrella\u00ae Blanc<br \/> 1 jeu de b\u00e2che de toit<br \/> 1 b\u00e2che de protection des int\u00e9rieurs<\/p>\n<p>Options :<br \/> Tissus des gammes Sunbrella\u00ae<br \/> Set de rideaux\u00a0: tringles en teck massif &#8211; 8 rideaux Sunbrella\u00ae<br \/> Equipement \u00e9lectrique et \u00e9clairage int\u00e9rieur<\/p>\n<p>[\/et_pb_text][\/et_pb_column][\/et_pb_row][et_pb_row column_structure=\u00a0\u00bb1_2,1_2&Prime; use_custom_gutter=\u00a0\u00bbon\u00a0\u00bb gutter_width=\u00a0\u00bb2&Prime; _builder_version=\u00a0\u00bb4.4.1&Prime; custom_padding=\u00a0\u00bb||8px|||\u00a0\u00bb animation_style=\u00a0\u00bbfade\u00a0\u00bb animation_duration=\u00a0\u00bb1150ms\u00a0\u00bb][et_pb_column type=\u00a0\u00bb1_2&Prime; _builder_version=\u00a0\u00bb4.4.1&Prime;][et_pb_image src=\u00a0\u00bbhttps:\/\/www.honeymoon-world.com\/france\/wp-content\/uploads\/2021\/01\/Savana-FP02.jpg\u00a0\u00bb _builder_version=\u00a0\u00bb4.4.1&Prime;][\/et_pb_image][\/et_pb_column][et_pb_column type=\u00a0\u00bb1_2&Prime; _builder_version=\u00a0\u00bb4.4.1&Prime;][et_pb_image src=\u00a0\u00bbhttps:\/\/www.honeymoon-world.com\/france\/wp-content\/uploads\/2021\/01\/Savana-FP05.jpg\u00a0\u00bb _builder_version=\u00a0\u00bb4.4.1&Prime;][\/et_pb_image][\/et_pb_column][\/et_pb_row][et_pb_row column_structure=\u00a0\u00bb1_2,1_2&Prime; use_custom_gutter=\u00a0\u00bbon\u00a0\u00bb gutter_width=\u00a0\u00bb2&Prime; _builder_version=\u00a0\u00bb4.4.1&Prime; custom_padding=\u00a0\u00bb28px|||||\u00a0\u00bb animation_style=\u00a0\u00bbfade\u00a0\u00bb animation_duration=\u00a0\u00bb1150ms\u00a0\u00bb][et_pb_column type=\u00a0\u00bb1_2&Prime; _builder_version=\u00a0\u00bb4.4.1&Prime;][et_pb_image src=\u00a0\u00bbhttps:\/\/www.honeymoon-world.com\/france\/wp-content\/uploads\/2021\/01\/Savana-FP04.jpg\u00a0\u00bb _builder_version=\u00a0\u00bb4.4.1&Prime;][\/et_pb_image][\/et_pb_column][et_pb_column type=\u00a0\u00bb1_2&Prime; _builder_version=\u00a0\u00bb4.4.1&Prime;][et_pb_image src=\u00a0\u00bbhttps:\/\/www.honeymoon-world.com\/france\/wp-content\/uploads\/2021\/01\/Savana-FP07.jpg\u00a0\u00bb _builder_version=\u00a0\u00bb4.4.1&Prime;][\/et_pb_image][\/et_pb_column][\/et_pb_row][et_pb_row column_structure=\u00a0\u00bb1_2,1_2&Prime; use_custom_gutter=\u00a0\u00bbon\u00a0\u00bb gutter_width=\u00a0\u00bb2&Prime; _builder_version=\u00a0\u00bb4.4.1&Prime; custom_padding=\u00a0\u00bb28px|||||\u00a0\u00bb animation_style=\u00a0\u00bbfade\u00a0\u00bb animation_duration=\u00a0\u00bb1150ms\u00a0\u00bb][et_pb_column type=\u00a0\u00bb1_2&Prime; _builder_version=\u00a0\u00bb4.4.1&Prime;][et_pb_image src=\u00a0\u00bbhttps:\/\/www.honeymoon-world.com\/france\/wp-content\/uploads\/2021\/01\/Savana-FP06.jpg\u00a0\u00bb _builder_version=\u00a0\u00bb4.4.1&Prime;][\/et_pb_image][\/et_pb_column][et_pb_column type=\u00a0\u00bb1_2&Prime; _builder_version=\u00a0\u00bb4.4.1&Prime;][et_pb_image src=\u00a0\u00bbhttps:\/\/www.honeymoon-world.com\/france\/wp-content\/uploads\/2021\/01\/Savana-FP03.jpg\u00a0\u00bb _builder_version=\u00a0\u00bb4.4.1&Prime;][\/et_pb_image][\/et_pb_column][\/et_pb_row][\/et_pb_section][et_pb_section fb_built=\u00a0\u00bb1&Prime; _builder_version=\u00a0\u00bb4.4.1&Prime; background_color=\u00a0\u00bb#f2f2f2&Prime; custom_padding=\u00a0\u00bb33px||30px|||\u00a0\u00bb animation_style=\u00a0\u00bbflip\u00a0\u00bb global_module=\u00a0\u00bb832&Prime; saved_tabs=\u00a0\u00bball\u00a0\u00bb][et_pb_row _builder_version=\u00a0\u00bb4.4.1&Prime;][et_pb_column type=\u00a0\u00bb4_4&Prime; _builder_version=\u00a0\u00bb4.4.1&Prime;][et_pb_text _builder_version=\u00a0\u00bb4.4.1&Prime; text_font=\u00a0\u00bbAbel||||||||\u00a0\u00bb text_font_size=\u00a0\u00bb40px\u00a0\u00bb text_font_size_tablet=\u00a0\u00bb28px\u00a0\u00bb text_font_size_phone=\u00a0\u00bb28px\u00a0\u00bb text_font_size_last_edited=\u00a0\u00bbon|desktop\u00a0\u00bb]<\/p>\n<p>A d\u00e9courvir dans la collection lit d&rsquo;ext\u00e9rieur contemporain<\/p>\n<p>[\/et_pb_text][\/et_pb_column][\/et_pb_row][et_pb_row column_structure=\u00a0\u00bb1_3,1_3,1_3&Prime; _builder_version=\u00a0\u00bb4.4.1&Prime; custom_margin=\u00a0\u00bb-6px|auto|17px|auto|false|false\u00a0\u00bb custom_padding=\u00a0\u00bb16px|||||\u00a0\u00bb][et_pb_column type=\u00a0\u00bb1_3&Prime; _builder_version=\u00a0\u00bb4.4.1&Prime;][et_pb_image src=\u00a0\u00bbhttps:\/\/www.honeymoon-world.com\/france\/wp-content\/uploads\/2021\/01\/web-madrague01.jpg\u00a0\u00bb url=\u00a0\u00bbhttps:\/\/www.honeymoon-world.com\/france\/madrague\/\u00a0\u00bb _builder_version=\u00a0\u00bb4.4.1&Prime; hover_enabled=\u00a0\u00bb0&Prime;][\/et_pb_image][et_pb_text _builder_version=\u00a0\u00bb4.4.1&Prime; text_font=\u00a0\u00bbAbel||||||||\u00a0\u00bb text_font_size=\u00a0\u00bb40px\u00a0\u00bb]<\/p>\n<p>Madrague<\/p>\n<p>[\/et_pb_text][et_pb_text _builder_version=\u00a0\u00bb4.4.1&Prime; text_font_size=\u00a0\u00bb15px\u00a0\u00bb custom_margin=\u00a0\u00bb||-1px|||\u00a0\u00bb]<\/p>\n<p>Avec un design contemporain, il offre un espace de repos \u00e9l\u00e9gant et confortable&#8230;<\/p>\n<p>[\/et_pb_text][et_pb_text _builder_version=\u00a0\u00bb4.4.1&Prime; min_height=\u00a0\u00bb19.2px\u00a0\u00bb custom_padding=\u00a0\u00bb8px||3px|||\u00a0\u00bb]<a href=\"https:\/\/www.honeymoon-world.com\/france\/madrague\/\">D\u00e9couvrir &gt;&gt;<\/a>[\/et_pb_text][\/et_pb_column][et_pb_column type=\u00a0\u00bb1_3&Prime; _builder_version=\u00a0\u00bb4.4.1&Prime;][et_pb_image src=\u00a0\u00bbhttps:\/\/www.honeymoon-world.com\/france\/wp-content\/uploads\/2021\/01\/web-heartbreaker02.jpg\u00a0\u00bb url=\u00a0\u00bbhttps:\/\/www.honeymoon-world.com\/france\/heartbreaker\/\u00a0\u00bb _builder_version=\u00a0\u00bb4.4.1&Prime; hover_enabled=\u00a0\u00bb0&Prime;][\/et_pb_image][et_pb_text _builder_version=\u00a0\u00bb4.4.1&Prime; text_font=\u00a0\u00bbAbel||||||||\u00a0\u00bb text_font_size=\u00a0\u00bb40px\u00a0\u00bb]<\/p>\n<p>Heartbreaker<\/p>\n<p>[\/et_pb_text][et_pb_text _builder_version=\u00a0\u00bb4.4.1&Prime; text_font_size=\u00a0\u00bb15px\u00a0\u00bb custom_margin=\u00a0\u00bb||-1px|||\u00a0\u00bb]<\/p>\n<p>Grace \u00e0 ses larges d\u00e9bords de toit, il permet d\u2019installer un espace de charme et de confort dans le jardin&#8230;<\/p>\n<p>[\/et_pb_text][et_pb_text _builder_version=\u00a0\u00bb4.4.1&Prime; min_height=\u00a0\u00bb19.2px\u00a0\u00bb custom_padding=\u00a0\u00bb8px||3px|||\u00a0\u00bb]<a href=\"https:\/\/www.honeymoon-world.com\/france\/heartbreaker\/\">D\u00e9couvrir &gt;&gt;<\/a>[\/et_pb_text][\/et_pb_column][et_pb_column type=\u00a0\u00bb1_3&Prime; _builder_version=\u00a0\u00bb4.4.1&Prime;][et_pb_image src=\u00a0\u00bbhttps:\/\/www.honeymoon-world.com\/france\/wp-content\/uploads\/2021\/02\/honeymoon.jpg\u00a0\u00bb url=\u00a0\u00bbhttps:\/\/www.honeymoon-world.com\/france\/honeymoon\/\u00a0\u00bb _builder_version=\u00a0\u00bb4.4.1&Prime; hover_enabled=\u00a0\u00bb0&Prime;][\/et_pb_image][et_pb_text _builder_version=\u00a0\u00bb4.4.1&Prime; text_font=\u00a0\u00bbAbel||||||||\u00a0\u00bb text_font_size=\u00a0\u00bb40px\u00a0\u00bb]<\/p>\n<p>Honeymoon<\/p>\n<p>[\/et_pb_text][et_pb_text _builder_version=\u00a0\u00bb4.4.1&Prime; text_font_size=\u00a0\u00bb15px\u00a0\u00bb custom_margin=\u00a0\u00bb||-1px|||\u00a0\u00bb]<\/p>\n<p>Ic\u00f4ne des lits d\u2019ext\u00e9rieur, le meuble d\u2019ext\u00e9rieur pour les amateurs de confort&#8230;<\/p>\n<p>[\/et_pb_text][et_pb_text _builder_version=\u00a0\u00bb4.4.1&Prime; min_height=\u00a0\u00bb19.2px\u00a0\u00bb custom_padding=\u00a0\u00bb8px||3px|||\u00a0\u00bb]<a href=\"https:\/\/www.honeymoon-world.com\/france\/honeymoon\/\">D\u00e9couvrir &gt;&gt;<\/a>[\/et_pb_text][\/et_pb_column][\/et_pb_row][et_pb_row column_structure=\u00a0\u00bb1_3,1_3,1_3&Prime; _builder_version=\u00a0\u00bb4.4.1&Prime; custom_margin=\u00a0\u00bb-6px|auto||auto|false|false\u00a0\u00bb custom_padding=\u00a0\u00bb16px|||||\u00a0\u00bb][et_pb_column type=\u00a0\u00bb1_3&Prime; _builder_version=\u00a0\u00bb4.4.1&Prime;][et_pb_image src=\u00a0\u00bbhttps:\/\/www.honeymoon-world.com\/france\/wp-content\/uploads\/2021\/02\/thunderbird.jpg\u00a0\u00bb url=\u00a0\u00bbhttps:\/\/www.honeymoon-world.com\/france\/thunderbird\/\u00a0\u00bb _builder_version=\u00a0\u00bb4.4.1&Prime; hover_enabled=\u00a0\u00bb0&Prime;][\/et_pb_image][et_pb_text _builder_version=\u00a0\u00bb4.4.1&Prime; text_font=\u00a0\u00bbAbel||||||||\u00a0\u00bb text_font_size=\u00a0\u00bb40px\u00a0\u00bb]<\/p>\n<p>Thunderbird<\/p>\n<p>[\/et_pb_text][et_pb_text _builder_version=\u00a0\u00bb4.4.1&Prime; text_font_size=\u00a0\u00bb15px\u00a0\u00bb custom_margin=\u00a0\u00bb||-1px|||\u00a0\u00bb]<\/p>\n<p>Le lit de repos kingsize pour la sieste en ext\u00e9rieur&#8230;<\/p>\n<p>[\/et_pb_text][et_pb_text _builder_version=\u00a0\u00bb4.4.1&Prime; min_height=\u00a0\u00bb19.2px\u00a0\u00bb custom_padding=\u00a0\u00bb8px||3px|||\u00a0\u00bb]<a href=\"https:\/\/www.honeymoon-world.com\/france\/thunderbird\/\">D\u00e9couvrir &gt;&gt;<\/a>[\/et_pb_text][\/et_pb_column][et_pb_column type=\u00a0\u00bb1_3&Prime; _builder_version=\u00a0\u00bb4.4.1&Prime;][et_pb_image src=\u00a0\u00bbhttps:\/\/www.honeymoon-world.com\/france\/wp-content\/uploads\/2021\/02\/savana.jpg\u00a0\u00bb url=\u00a0\u00bbhttps:\/\/www.honeymoon-world.com\/france\/savana\/\u00a0\u00bb _builder_version=\u00a0\u00bb4.4.1&Prime; hover_enabled=\u00a0\u00bb0&Prime;][\/et_pb_image][et_pb_text _builder_version=\u00a0\u00bb4.4.1&Prime; text_font=\u00a0\u00bbAbel||||||||\u00a0\u00bb text_font_size=\u00a0\u00bb40px\u00a0\u00bb]<\/p>\n<p>Savana<\/p>\n<p>[\/et_pb_text][et_pb_text _builder_version=\u00a0\u00bb4.4.1&Prime; text_font_size=\u00a0\u00bb15px\u00a0\u00bb custom_margin=\u00a0\u00bb||-1px|||\u00a0\u00bb]<\/p>\n<p>Espace de d\u00e9tente et de convivialit\u00e9 au style authentique&#8230;<\/p>\n<p>[\/et_pb_text][et_pb_text _builder_version=\u00a0\u00bb4.4.1&Prime; min_height=\u00a0\u00bb19.2px\u00a0\u00bb custom_padding=\u00a0\u00bb8px||3px|||\u00a0\u00bb]<a href=\"https:\/\/www.honeymoon-world.com\/france\/savana\/\">D\u00e9couvrir &gt;&gt;<\/a>[\/et_pb_text][\/et_pb_column][et_pb_column type=\u00a0\u00bb1_3&Prime; _builder_version=\u00a0\u00bb4.4.1&Prime;][et_pb_image src=\u00a0\u00bbhttps:\/\/www.honeymoon-world.com\/france\/wp-content\/uploads\/2021\/01\/web-horizon03.jpg\u00a0\u00bb url=\u00a0\u00bbhttps:\/\/www.honeymoon-world.com\/france\/horizon\/\u00a0\u00bb _builder_version=\u00a0\u00bb4.4.1&Prime; hover_enabled=\u00a0\u00bb0&Prime;][\/et_pb_image][et_pb_text _builder_version=\u00a0\u00bb4.4.1&Prime; text_font=\u00a0\u00bbAbel||||||||\u00a0\u00bb text_font_size=\u00a0\u00bb40px\u00a0\u00bb]<\/p>\n<p>Horizon<\/p>\n<p>[\/et_pb_text][et_pb_text _builder_version=\u00a0\u00bb4.4.1&Prime; text_font_size=\u00a0\u00bb15px\u00a0\u00bb custom_margin=\u00a0\u00bb||-1px|||\u00a0\u00bb]Le mariage \u00e9l\u00e9gant du teck, de l\u2019acier inoxydable et des tissus techniques &#8230;[\/et_pb_text][et_pb_text _builder_version=\u00a0\u00bb4.4.1&Prime; min_height=\u00a0\u00bb19.2px\u00a0\u00bb custom_padding=\u00a0\u00bb8px||3px|||\u00a0\u00bb]<a href=\"https:\/\/www.honeymoon-world.com\/france\/horizon\/\">D\u00e9couvrir &gt;&gt;<\/a>[\/et_pb_text][\/et_pb_column][\/et_pb_row][et_pb_row _builder_version=\u00a0\u00bb4.4.1&Prime;][et_pb_column type=\u00a0\u00bb4_4&Prime; _builder_version=\u00a0\u00bb4.4.1&Prime;][et_pb_cta button_url=\u00a0\u00bbhttps:\/\/www.honeymoon-world.com\/france\/contact\/\u00a0\u00bb button_text=\u00a0\u00bbRenseignements et Devis\u00a0\u00bb _builder_version=\u00a0\u00bb4.4.1&Prime; header_font=\u00a0\u00bbAbel||||||||\u00a0\u00bb body_font=\u00a0\u00bb||||||||\u00a0\u00bb background_enable_color=\u00a0\u00bboff\u00a0\u00bb background_enable_image=\u00a0\u00bboff\u00a0\u00bb custom_button=\u00a0\u00bbon\u00a0\u00bb button_text_size=\u00a0\u00bb22px\u00a0\u00bb button_bg_color=\u00a0\u00bb#0c71c3&Prime; button_border_radius=\u00a0\u00bb12px\u00a0\u00bb button_letter_spacing=\u00a0\u00bb1px\u00a0\u00bb button_font=\u00a0\u00bbAbel||||||||\u00a0\u00bb button_icon=\u00a0\u00bb%%24%%\u00a0\u00bb custom_padding=\u00a0\u00bb11px||12px|||\u00a0\u00bb][\/et_pb_cta][\/et_pb_column][\/et_pb_row][\/et_pb_section]<\/p>\n","protected":false},"excerpt":{"rendered":"<p>[et_pb_section fb_built=\u00a0\u00bb1&Prime; _builder_version=\u00a0\u00bb4.4.1&Prime; custom_padding=\u00a0\u00bb20px|||||\u00a0\u00bb][et_pb_row _builder_version=\u00a0\u00bb4.4.1&Prime; custom_margin=\u00a0\u00bb23px|auto||auto||\u00a0\u00bb animation_style=\u00a0\u00bbfold\u00a0\u00bb animation_direction=\u00a0\u00bbright\u00a0\u00bb animation_duration=\u00a0\u00bb1350ms\u00a0\u00bb animation_delay=\u00a0\u00bb250ms\u00a0\u00bb][et_pb_column type=\u00a0\u00bb4_4&Prime; _builder_version=\u00a0\u00bb4.4.1&Prime;][et_pb_text _builder_version=\u00a0\u00bb4.4.1&Prime; text_font=\u00a0\u00bbAbel||||||||\u00a0\u00bb text_font_size=\u00a0\u00bb58px\u00a0\u00bb] Savana [\/et_pb_text][et_pb_text _builder_version=\u00a0\u00bb4.4.1&Prime;] Lit avec couverture \u2022 M\u00e9diterran\u00e9en [\/et_pb_text][\/et_pb_column][\/et_pb_row][et_pb_row _builder_version=\u00a0\u00bb4.4.1&Prime; custom_padding=\u00a0\u00bb12px|||||\u00a0\u00bb animation_style=\u00a0\u00bbfold\u00a0\u00bb animation_direction=\u00a0\u00bbleft\u00a0\u00bb][et_pb_column type=\u00a0\u00bb4_4&Prime; _builder_version=\u00a0\u00bb4.4.1&Prime;][et_pb_image src=\u00a0\u00bbhttps:\/\/www.honeymoon-world.com\/france\/wp-content\/uploads\/2021\/01\/Savana-FP01.jpg\u00a0\u00bb _builder_version=\u00a0\u00bb4.4.1&Prime;][\/et_pb_image][\/et_pb_column][\/et_pb_row][et_pb_row column_structure=\u00a0\u00bb3_5,2_5&Prime; _builder_version=\u00a0\u00bb4.4.1&Prime; custom_margin=\u00a0\u00bb-6px|auto||auto|false|false\u00a0\u00bb custom_padding=\u00a0\u00bb16px|||||\u00a0\u00bb animation_style=\u00a0\u00bbflip\u00a0\u00bb][et_pb_column type=\u00a0\u00bb3_5&Prime; _builder_version=\u00a0\u00bb4.4.1&Prime;][et_pb_text _builder_version=\u00a0\u00bb4.4.1&Prime; text_line_height=\u00a0\u00bb2em\u00a0\u00bb] Espace de d\u00e9tente et de convivialit\u00e9 au style authentique Allong\u00e9s sur le matelas ou [&hellip;]<\/p>\n","protected":false},"author":1,"featured_media":0,"parent":0,"menu_order":0,"comment_status":"closed","ping_status":"closed","template":"","meta":{"_et_pb_use_builder":"on","_et_pb_old_content":"","_et_gb_content_width":"","footnotes":""},"class_list":["post-997","page","type-page","status-publish","hentry"],"yoast_head":"<!-- This site is optimized with the Yoast SEO plugin v25.1 - https:\/\/yoast.com\/wordpress\/plugins\/seo\/ -->\n<title>Savana - Honeymoon World<\/title>\n<meta name=\"robots\" content=\"index, follow, max-snippet:-1, max-image-preview:large, max-video-preview:-1\" \/>\n<link rel=\"canonical\" href=\"https:\/\/www.honeymoon-world.com\/france\/savana\/\" \/>\n<meta property=\"og:locale\" content=\"fr_FR\" \/>\n<meta property=\"og:type\" content=\"article\" \/>\n<meta property=\"og:title\" content=\"Savana - Honeymoon World\" \/>\n<meta property=\"og:description\" content=\"[et_pb_section fb_built=\u00a0\u00bb1&Prime; _builder_version=\u00a0\u00bb4.4.1&Prime; custom_padding=\u00a0\u00bb20px|||||\u00a0\u00bb][et_pb_row _builder_version=\u00a0\u00bb4.4.1&Prime; custom_margin=\u00a0\u00bb23px|auto||auto||\u00a0\u00bb animation_style=\u00a0\u00bbfold\u00a0\u00bb animation_direction=\u00a0\u00bbright\u00a0\u00bb animation_duration=\u00a0\u00bb1350ms\u00a0\u00bb animation_delay=\u00a0\u00bb250ms\u00a0\u00bb][et_pb_column type=\u00a0\u00bb4_4&Prime; _builder_version=\u00a0\u00bb4.4.1&Prime;][et_pb_text _builder_version=\u00a0\u00bb4.4.1&Prime; text_font=\u00a0\u00bbAbel||||||||\u00a0\u00bb text_font_size=\u00a0\u00bb58px\u00a0\u00bb] Savana [\/et_pb_text][et_pb_text _builder_version=\u00a0\u00bb4.4.1&Prime;] Lit avec couverture \u2022 M\u00e9diterran\u00e9en [\/et_pb_text][\/et_pb_column][\/et_pb_row][et_pb_row _builder_version=\u00a0\u00bb4.4.1&Prime; custom_padding=\u00a0\u00bb12px|||||\u00a0\u00bb animation_style=\u00a0\u00bbfold\u00a0\u00bb animation_direction=\u00a0\u00bbleft\u00a0\u00bb][et_pb_column type=\u00a0\u00bb4_4&Prime; _builder_version=\u00a0\u00bb4.4.1&Prime;][et_pb_image src=\u00a0\u00bbhttps:\/\/www.honeymoon-world.com\/france\/wp-content\/uploads\/2021\/01\/Savana-FP01.jpg\u00a0\u00bb _builder_version=\u00a0\u00bb4.4.1&Prime;][\/et_pb_image][\/et_pb_column][\/et_pb_row][et_pb_row column_structure=\u00a0\u00bb3_5,2_5&Prime; _builder_version=\u00a0\u00bb4.4.1&Prime; custom_margin=\u00a0\u00bb-6px|auto||auto|false|false\u00a0\u00bb custom_padding=\u00a0\u00bb16px|||||\u00a0\u00bb animation_style=\u00a0\u00bbflip\u00a0\u00bb][et_pb_column type=\u00a0\u00bb3_5&Prime; _builder_version=\u00a0\u00bb4.4.1&Prime;][et_pb_text _builder_version=\u00a0\u00bb4.4.1&Prime; text_line_height=\u00a0\u00bb2em\u00a0\u00bb] Espace de d\u00e9tente et de convivialit\u00e9 au style authentique Allong\u00e9s sur le matelas ou [&hellip;]\" \/>\n<meta property=\"og:url\" content=\"https:\/\/www.honeymoon-world.com\/france\/savana\/\" \/>\n<meta property=\"og:site_name\" content=\"Honeymoon World\" \/>\n<meta property=\"article:modified_time\" content=\"2021-02-04T14:45:23+00:00\" \/>\n<meta name=\"twitter:card\" content=\"summary_large_image\" \/>\n<meta name=\"twitter:label1\" content=\"Dur\u00e9e de lecture estim\u00e9e\" \/>\n\t<meta name=\"twitter:data1\" content=\"7 minutes\" \/>\n<script type=\"application\/ld+json\" class=\"yoast-schema-graph\">{\"@context\":\"https:\/\/schema.org\",\"@graph\":[{\"@type\":\"WebPage\",\"@id\":\"https:\/\/www.honeymoon-world.com\/france\/savana\/\",\"url\":\"https:\/\/www.honeymoon-world.com\/france\/savana\/\",\"name\":\"Savana - Honeymoon World\",\"isPartOf\":{\"@id\":\"https:\/\/www.honeymoon-world.com\/france\/#website\"},\"datePublished\":\"2021-01-22T14:16:24+00:00\",\"dateModified\":\"2021-02-04T14:45:23+00:00\",\"breadcrumb\":{\"@id\":\"https:\/\/www.honeymoon-world.com\/france\/savana\/#breadcrumb\"},\"inLanguage\":\"fr-FR\",\"potentialAction\":[{\"@type\":\"ReadAction\",\"target\":[\"https:\/\/www.honeymoon-world.com\/france\/savana\/\"]}]},{\"@type\":\"BreadcrumbList\",\"@id\":\"https:\/\/www.honeymoon-world.com\/france\/savana\/#breadcrumb\",\"itemListElement\":[{\"@type\":\"ListItem\",\"position\":1,\"name\":\"Accueil\",\"item\":\"https:\/\/www.honeymoon-world.com\/france\/\"},{\"@type\":\"ListItem\",\"position\":2,\"name\":\"Savana\"}]},{\"@type\":\"WebSite\",\"@id\":\"https:\/\/www.honeymoon-world.com\/france\/#website\",\"url\":\"https:\/\/www.honeymoon-world.com\/france\/\",\"name\":\"Honeymoon World\",\"description\":\"L&#039;art de vivre en plein air - Gaz\u00e9bo, mobilier d&#039;ext\u00e9rieur, cuisine d&#039;\u00e9t\u00e9\",\"potentialAction\":[{\"@type\":\"SearchAction\",\"target\":{\"@type\":\"EntryPoint\",\"urlTemplate\":\"https:\/\/www.honeymoon-world.com\/france\/?s={search_term_string}\"},\"query-input\":{\"@type\":\"PropertyValueSpecification\",\"valueRequired\":true,\"valueName\":\"search_term_string\"}}],\"inLanguage\":\"fr-FR\"}]}<\/script>\n<!-- \/ Yoast SEO plugin. -->","yoast_head_json":{"title":"Savana - Honeymoon World","robots":{"index":"index","follow":"follow","max-snippet":"max-snippet:-1","max-image-preview":"max-image-preview:large","max-video-preview":"max-video-preview:-1"},"canonical":"https:\/\/www.honeymoon-world.com\/france\/savana\/","og_locale":"fr_FR","og_type":"article","og_title":"Savana - Honeymoon World","og_description":"[et_pb_section fb_built=\u00a0\u00bb1&Prime; _builder_version=\u00a0\u00bb4.4.1&Prime; custom_padding=\u00a0\u00bb20px|||||\u00a0\u00bb][et_pb_row _builder_version=\u00a0\u00bb4.4.1&Prime; custom_margin=\u00a0\u00bb23px|auto||auto||\u00a0\u00bb animation_style=\u00a0\u00bbfold\u00a0\u00bb animation_direction=\u00a0\u00bbright\u00a0\u00bb animation_duration=\u00a0\u00bb1350ms\u00a0\u00bb animation_delay=\u00a0\u00bb250ms\u00a0\u00bb][et_pb_column type=\u00a0\u00bb4_4&Prime; _builder_version=\u00a0\u00bb4.4.1&Prime;][et_pb_text _builder_version=\u00a0\u00bb4.4.1&Prime; text_font=\u00a0\u00bbAbel||||||||\u00a0\u00bb text_font_size=\u00a0\u00bb58px\u00a0\u00bb] Savana [\/et_pb_text][et_pb_text _builder_version=\u00a0\u00bb4.4.1&Prime;] Lit avec couverture \u2022 M\u00e9diterran\u00e9en [\/et_pb_text][\/et_pb_column][\/et_pb_row][et_pb_row _builder_version=\u00a0\u00bb4.4.1&Prime; custom_padding=\u00a0\u00bb12px|||||\u00a0\u00bb animation_style=\u00a0\u00bbfold\u00a0\u00bb animation_direction=\u00a0\u00bbleft\u00a0\u00bb][et_pb_column type=\u00a0\u00bb4_4&Prime; _builder_version=\u00a0\u00bb4.4.1&Prime;][et_pb_image src=\u00a0\u00bbhttps:\/\/www.honeymoon-world.com\/france\/wp-content\/uploads\/2021\/01\/Savana-FP01.jpg\u00a0\u00bb _builder_version=\u00a0\u00bb4.4.1&Prime;][\/et_pb_image][\/et_pb_column][\/et_pb_row][et_pb_row column_structure=\u00a0\u00bb3_5,2_5&Prime; _builder_version=\u00a0\u00bb4.4.1&Prime; custom_margin=\u00a0\u00bb-6px|auto||auto|false|false\u00a0\u00bb custom_padding=\u00a0\u00bb16px|||||\u00a0\u00bb animation_style=\u00a0\u00bbflip\u00a0\u00bb][et_pb_column type=\u00a0\u00bb3_5&Prime; _builder_version=\u00a0\u00bb4.4.1&Prime;][et_pb_text _builder_version=\u00a0\u00bb4.4.1&Prime; text_line_height=\u00a0\u00bb2em\u00a0\u00bb] Espace de d\u00e9tente et de convivialit\u00e9 au style authentique Allong\u00e9s sur le matelas ou [&hellip;]","og_url":"https:\/\/www.honeymoon-world.com\/france\/savana\/","og_site_name":"Honeymoon World","article_modified_time":"2021-02-04T14:45:23+00:00","twitter_card":"summary_large_image","twitter_misc":{"Dur\u00e9e de lecture estim\u00e9e":"7 minutes"},"schema":{"@context":"https:\/\/schema.org","@graph":[{"@type":"WebPage","@id":"https:\/\/www.honeymoon-world.com\/france\/savana\/","url":"https:\/\/www.honeymoon-world.com\/france\/savana\/","name":"Savana - Honeymoon World","isPartOf":{"@id":"https:\/\/www.honeymoon-world.com\/france\/#website"},"datePublished":"2021-01-22T14:16:24+00:00","dateModified":"2021-02-04T14:45:23+00:00","breadcrumb":{"@id":"https:\/\/www.honeymoon-world.com\/france\/savana\/#breadcrumb"},"inLanguage":"fr-FR","potentialAction":[{"@type":"ReadAction","target":["https:\/\/www.honeymoon-world.com\/france\/savana\/"]}]},{"@type":"BreadcrumbList","@id":"https:\/\/www.honeymoon-world.com\/france\/savana\/#breadcrumb","itemListElement":[{"@type":"ListItem","position":1,"name":"Accueil","item":"https:\/\/www.honeymoon-world.com\/france\/"},{"@type":"ListItem","position":2,"name":"Savana"}]},{"@type":"WebSite","@id":"https:\/\/www.honeymoon-world.com\/france\/#website","url":"https:\/\/www.honeymoon-world.com\/france\/","name":"Honeymoon World","description":"L&#039;art de vivre en plein air - Gaz\u00e9bo, mobilier d&#039;ext\u00e9rieur, cuisine d&#039;\u00e9t\u00e9","potentialAction":[{"@type":"SearchAction","target":{"@type":"EntryPoint","urlTemplate":"https:\/\/www.honeymoon-world.com\/france\/?s={search_term_string}"},"query-input":{"@type":"PropertyValueSpecification","valueRequired":true,"valueName":"search_term_string"}}],"inLanguage":"fr-FR"}]}},"_links":{"self":[{"href":"https:\/\/www.honeymoon-world.com\/france\/wp-json\/wp\/v2\/pages\/997","targetHints":{"allow":["GET"]}}],"collection":[{"href":"https:\/\/www.honeymoon-world.com\/france\/wp-json\/wp\/v2\/pages"}],"about":[{"href":"https:\/\/www.honeymoon-world.com\/france\/wp-json\/wp\/v2\/types\/page"}],"author":[{"embeddable":true,"href":"https:\/\/www.honeymoon-world.com\/france\/wp-json\/wp\/v2\/users\/1"}],"replies":[{"embeddable":true,"href":"https:\/\/www.honeymoon-world.com\/france\/wp-json\/wp\/v2\/comments?post=997"}],"version-history":[{"count":6,"href":"https:\/\/www.honeymoon-world.com\/france\/wp-json\/wp\/v2\/pages\/997\/revisions"}],"predecessor-version":[{"id":1766,"href":"https:\/\/www.honeymoon-world.com\/france\/wp-json\/wp\/v2\/pages\/997\/revisions\/1766"}],"wp:attachment":[{"href":"https:\/\/www.honeymoon-world.com\/france\/wp-json\/wp\/v2\/media?parent=997"}],"curies":[{"name":"wp","href":"https:\/\/api.w.org\/{rel}","templated":true}]}}