{"id":84,"date":"2021-01-07T19:03:19","date_gmt":"2021-01-07T18:03:19","guid":{"rendered":"https:\/\/www.honeymoon-world.com\/france\/?page_id=84"},"modified":"2021-02-04T15:08:11","modified_gmt":"2021-02-04T14:08:11","slug":"ecologie","status":"publish","type":"page","link":"https:\/\/www.honeymoon-world.com\/france\/ecologie\/","title":{"rendered":"Ecologie"},"content":{"rendered":"<p>[et_pb_section fb_built=\u00a0\u00bb1&Prime; fullwidth=\u00a0\u00bbon\u00a0\u00bb _builder_version=\u00a0\u00bb4.4.1&Prime; background_image=\u00a0\u00bbhttps:\/\/www.honeymoon-world.com\/france\/wp-content\/uploads\/2021\/01\/teck-foret.jpg\u00a0\u00bb bottom_divider_style=\u00a0\u00bbtriangle\u00a0\u00bb bottom_divider_color=\u00a0\u00bb#ffffff\u00a0\u00bb bottom_divider_height=\u00a0\u00bb41px\u00a0\u00bb][et_pb_fullwidth_header title=\u00a0\u00bbEcologie\u00a0\u00bb background_overlay_color=\u00a0\u00bbrgba(0,0,0,0.22)\u00a0\u00bb _builder_version=\u00a0\u00bb4.4.1&Prime; title_font_size=\u00a0\u00bb60px\u00a0\u00bb content_font_size=\u00a0\u00bb18px\u00a0\u00bb background_color=\u00a0\u00bb#5d996d\u00a0\u00bb background_image=\u00a0\u00bbhttps:\/\/www.honeymoon-world.com\/france\/wp-content\/uploads\/2021\/02\/fond001.jpg\u00a0\u00bb custom_padding=\u00a0\u00bb60px||60px||false|false\u00a0\u00bb hover_enabled=\u00a0\u00bb0&Prime;]<\/p>\n<p><em>\u00ab\u00a0Honeymoon est fier de favoriser l\u2019harmonie entre l\u2019homme et la nature\u00a0\u00bb<\/em><\/p>\n<p>[\/et_pb_fullwidth_header][\/et_pb_section][et_pb_section fb_built=\u00a0\u00bb1&Prime; _builder_version=\u00a0\u00bb4.4.1&Prime; animation_style=\u00a0\u00bbflip\u00a0\u00bb][et_pb_row _builder_version=\u00a0\u00bb4.4.1&Prime;][et_pb_column type=\u00a0\u00bb4_4&Prime; _builder_version=\u00a0\u00bb4.4.1&Prime;][et_pb_text _builder_version=\u00a0\u00bb4.4.1&Prime; text_font=\u00a0\u00bbAbel||||||||\u00a0\u00bb text_font_size=\u00a0\u00bb21px\u00a0\u00bb custom_margin=\u00a0\u00bb||-1px|||\u00a0\u00bb]<\/p>\n<p>Soucieux de pr\u00e9server l\u2019\u00e9quilibre de la plan\u00e8te et de ses ressources naturelles, Honeymoon s\u2019engage \u00e0 utiliser du Teck et du Bangkirai exclusivement issus d\u2019exploitations foresti\u00e8res g\u00e9r\u00e9es, p\u00e9riodiquement contr\u00f4l\u00e9es et dont l\u2019exploitation est r\u00e9gul\u00e9e de fa\u00e7on \u00e0 permettre le renouvellement naturel des ressources.<\/p>\n<p>[\/et_pb_text][\/et_pb_column][\/et_pb_row][et_pb_row _builder_version=\u00a0\u00bb4.4.1&Prime; custom_margin=\u00a0\u00bb||||false|false\u00a0\u00bb custom_padding=\u00a0\u00bb||||false|false\u00a0\u00bb][et_pb_column type=\u00a0\u00bb4_4&Prime; _builder_version=\u00a0\u00bb4.4.1&Prime;][et_pb_text _builder_version=\u00a0\u00bb4.4.1&Prime; text_line_height=\u00a0\u00bb2em\u00a0\u00bb]<\/p>\n<p>Afin d\u2019\u00e9viter tout gaspillage nuisible \u00e0 l\u2019\u00e9quilibre de notre syst\u00e8me \u00e9cologique, Honeymoon s\u2019attache \u00e0 concevoir des cr\u00e9ations de tr\u00e8s haute qualit\u00e9 qui durent dans le temps. \u00ab\u00a0L\u2019esprit m\u00eame de nos cr\u00e9ations est, \u00e0 notre sens, favorable \u00e0 un rapprochement de l\u2019homme et du milieu naturel, prompt \u00e0 d\u00e9velopper le respect de l\u2019homme face \u00e0 ce que la nature lui offre de plus beau l\u2019aidant ainsi \u00e0 la respecter plus encore\u00a0\u00bb.<\/p>\n<p>Notre engagement s\u2019appuie \u00e9galement sur le choix de produire des volumes raisonnables et la plus part du temps \u00e0 la demande (plus de 50% de notre production), et de toujours respecter le processus de s\u00e9chage des bois\u2026 ainsi nous consommons uniquement ce qui est n\u00e9cessaire et nos produits ont une plus grande esp\u00e9rance de vie\u2026<br \/> Par-dessus tout, Honeymoon est fier de favoriser l\u2019harmonie entre l\u2019homme et la nature.<\/p>\n<p>[\/et_pb_text][\/et_pb_column][\/et_pb_row][\/et_pb_section][et_pb_section fb_built=\u00a0\u00bb1&Prime; fullwidth=\u00a0\u00bbon\u00a0\u00bb _builder_version=\u00a0\u00bb4.4.1&Prime;][et_pb_fullwidth_image src=\u00a0\u00bbhttps:\/\/www.honeymoon-world.com\/france\/wp-content\/uploads\/2021\/01\/visu-ecologie.jpg\u00a0\u00bb _builder_version=\u00a0\u00bb4.4.1&Prime;][\/et_pb_fullwidth_image][\/et_pb_section]<\/p>\n","protected":false},"excerpt":{"rendered":"<p>[et_pb_section fb_built=\u00a0\u00bb1&Prime; fullwidth=\u00a0\u00bbon\u00a0\u00bb _builder_version=\u00a0\u00bb4.4.1&Prime; background_image=\u00a0\u00bbhttps:\/\/www.honeymoon-world.com\/france\/wp-content\/uploads\/2021\/01\/teck-foret.jpg\u00a0\u00bb bottom_divider_style=\u00a0\u00bbtriangle\u00a0\u00bb bottom_divider_color=\u00a0\u00bb#ffffff\u00a0\u00bb bottom_divider_height=\u00a0\u00bb41px\u00a0\u00bb][et_pb_fullwidth_header title=\u00a0\u00bbEcologie\u00a0\u00bb background_overlay_color=\u00a0\u00bbrgba(0,0,0,0.22)\u00a0\u00bb _builder_version=\u00a0\u00bb4.4.1&Prime; title_font_size=\u00a0\u00bb60px\u00a0\u00bb content_font_size=\u00a0\u00bb18px\u00a0\u00bb background_color=\u00a0\u00bb#5d996d\u00a0\u00bb background_image=\u00a0\u00bbhttps:\/\/www.honeymoon-world.com\/france\/wp-content\/uploads\/2021\/02\/fond001.jpg\u00a0\u00bb custom_padding=\u00a0\u00bb60px||60px||false|false\u00a0\u00bb hover_enabled=\u00a0\u00bb0&Prime;] \u00ab\u00a0Honeymoon est fier de favoriser l\u2019harmonie entre l\u2019homme et la nature\u00a0\u00bb [\/et_pb_fullwidth_header][\/et_pb_section][et_pb_section fb_built=\u00a0\u00bb1&Prime; _builder_version=\u00a0\u00bb4.4.1&Prime; animation_style=\u00a0\u00bbflip\u00a0\u00bb][et_pb_row _builder_version=\u00a0\u00bb4.4.1&Prime;][et_pb_column type=\u00a0\u00bb4_4&Prime; _builder_version=\u00a0\u00bb4.4.1&Prime;][et_pb_text _builder_version=\u00a0\u00bb4.4.1&Prime; text_font=\u00a0\u00bbAbel||||||||\u00a0\u00bb text_font_size=\u00a0\u00bb21px\u00a0\u00bb custom_margin=\u00a0\u00bb||-1px|||\u00a0\u00bb] Soucieux de pr\u00e9server l\u2019\u00e9quilibre de la plan\u00e8te et de ses ressources naturelles, Honeymoon s\u2019engage \u00e0 utiliser [&hellip;]<\/p>\n","protected":false},"author":1,"featured_media":0,"parent":0,"menu_order":0,"comment_status":"closed","ping_status":"closed","template":"","meta":{"_et_pb_use_builder":"on","_et_pb_old_content":"","_et_gb_content_width":"","footnotes":""},"class_list":["post-84","page","type-page","status-publish","hentry"],"yoast_head":"<!-- This site is optimized with the Yoast SEO plugin v25.1 - https:\/\/yoast.com\/wordpress\/plugins\/seo\/ -->\n<title>Cr\u00e9ation de gazebo, salon de jardin de haute qualit\u00e9<\/title>\n<meta name=\"description\" content=\"Cr\u00e9ation de gazebo, salon de jardin de haute qualit\u00e9, lit d&#039;ext\u00e9rieur en teck g\u00e9r\u00e9 durablement. Conception \u00e9cologique.\" \/>\n<meta name=\"robots\" content=\"index, follow, max-snippet:-1, max-image-preview:large, max-video-preview:-1\" \/>\n<link rel=\"canonical\" href=\"https:\/\/www.honeymoon-world.com\/france\/ecologie\/\" \/>\n<meta property=\"og:locale\" content=\"fr_FR\" \/>\n<meta property=\"og:type\" content=\"article\" \/>\n<meta property=\"og:title\" content=\"Cr\u00e9ation de gazebo, salon de jardin de haute qualit\u00e9\" \/>\n<meta property=\"og:description\" content=\"Cr\u00e9ation de gazebo, salon de jardin de haute qualit\u00e9, lit d&#039;ext\u00e9rieur en teck g\u00e9r\u00e9 durablement. Conception \u00e9cologique.\" \/>\n<meta property=\"og:url\" content=\"https:\/\/www.honeymoon-world.com\/france\/ecologie\/\" \/>\n<meta property=\"og:site_name\" content=\"Honeymoon World\" \/>\n<meta property=\"article:modified_time\" content=\"2021-02-04T14:08:11+00:00\" \/>\n<meta name=\"twitter:card\" content=\"summary_large_image\" \/>\n<meta name=\"twitter:label1\" content=\"Dur\u00e9e de lecture estim\u00e9e\" \/>\n\t<meta name=\"twitter:data1\" content=\"2 minutes\" \/>\n<script type=\"application\/ld+json\" class=\"yoast-schema-graph\">{\"@context\":\"https:\/\/schema.org\",\"@graph\":[{\"@type\":\"WebPage\",\"@id\":\"https:\/\/www.honeymoon-world.com\/france\/ecologie\/\",\"url\":\"https:\/\/www.honeymoon-world.com\/france\/ecologie\/\",\"name\":\"Cr\u00e9ation de gazebo, salon de jardin de haute qualit\u00e9\",\"isPartOf\":{\"@id\":\"https:\/\/www.honeymoon-world.com\/france\/#website\"},\"datePublished\":\"2021-01-07T18:03:19+00:00\",\"dateModified\":\"2021-02-04T14:08:11+00:00\",\"description\":\"Cr\u00e9ation de gazebo, salon de jardin de haute qualit\u00e9, lit d'ext\u00e9rieur en teck g\u00e9r\u00e9 durablement. Conception \u00e9cologique.\",\"breadcrumb\":{\"@id\":\"https:\/\/www.honeymoon-world.com\/france\/ecologie\/#breadcrumb\"},\"inLanguage\":\"fr-FR\",\"potentialAction\":[{\"@type\":\"ReadAction\",\"target\":[\"https:\/\/www.honeymoon-world.com\/france\/ecologie\/\"]}]},{\"@type\":\"BreadcrumbList\",\"@id\":\"https:\/\/www.honeymoon-world.com\/france\/ecologie\/#breadcrumb\",\"itemListElement\":[{\"@type\":\"ListItem\",\"position\":1,\"name\":\"Accueil\",\"item\":\"https:\/\/www.honeymoon-world.com\/france\/\"},{\"@type\":\"ListItem\",\"position\":2,\"name\":\"Ecologie\"}]},{\"@type\":\"WebSite\",\"@id\":\"https:\/\/www.honeymoon-world.com\/france\/#website\",\"url\":\"https:\/\/www.honeymoon-world.com\/france\/\",\"name\":\"Honeymoon World\",\"description\":\"L&#039;art de vivre en plein air - Gaz\u00e9bo, mobilier d&#039;ext\u00e9rieur, cuisine d&#039;\u00e9t\u00e9\",\"potentialAction\":[{\"@type\":\"SearchAction\",\"target\":{\"@type\":\"EntryPoint\",\"urlTemplate\":\"https:\/\/www.honeymoon-world.com\/france\/?s={search_term_string}\"},\"query-input\":{\"@type\":\"PropertyValueSpecification\",\"valueRequired\":true,\"valueName\":\"search_term_string\"}}],\"inLanguage\":\"fr-FR\"}]}<\/script>\n<!-- \/ Yoast SEO plugin. -->","yoast_head_json":{"title":"Cr\u00e9ation de gazebo, salon de jardin de haute qualit\u00e9","description":"Cr\u00e9ation de gazebo, salon de jardin de haute qualit\u00e9, lit d'ext\u00e9rieur en teck g\u00e9r\u00e9 durablement. Conception \u00e9cologique.","robots":{"index":"index","follow":"follow","max-snippet":"max-snippet:-1","max-image-preview":"max-image-preview:large","max-video-preview":"max-video-preview:-1"},"canonical":"https:\/\/www.honeymoon-world.com\/france\/ecologie\/","og_locale":"fr_FR","og_type":"article","og_title":"Cr\u00e9ation de gazebo, salon de jardin de haute qualit\u00e9","og_description":"Cr\u00e9ation de gazebo, salon de jardin de haute qualit\u00e9, lit d'ext\u00e9rieur en teck g\u00e9r\u00e9 durablement. Conception \u00e9cologique.","og_url":"https:\/\/www.honeymoon-world.com\/france\/ecologie\/","og_site_name":"Honeymoon World","article_modified_time":"2021-02-04T14:08:11+00:00","twitter_card":"summary_large_image","twitter_misc":{"Dur\u00e9e de lecture estim\u00e9e":"2 minutes"},"schema":{"@context":"https:\/\/schema.org","@graph":[{"@type":"WebPage","@id":"https:\/\/www.honeymoon-world.com\/france\/ecologie\/","url":"https:\/\/www.honeymoon-world.com\/france\/ecologie\/","name":"Cr\u00e9ation de gazebo, salon de jardin de haute qualit\u00e9","isPartOf":{"@id":"https:\/\/www.honeymoon-world.com\/france\/#website"},"datePublished":"2021-01-07T18:03:19+00:00","dateModified":"2021-02-04T14:08:11+00:00","description":"Cr\u00e9ation de gazebo, salon de jardin de haute qualit\u00e9, lit d'ext\u00e9rieur en teck g\u00e9r\u00e9 durablement. Conception \u00e9cologique.","breadcrumb":{"@id":"https:\/\/www.honeymoon-world.com\/france\/ecologie\/#breadcrumb"},"inLanguage":"fr-FR","potentialAction":[{"@type":"ReadAction","target":["https:\/\/www.honeymoon-world.com\/france\/ecologie\/"]}]},{"@type":"BreadcrumbList","@id":"https:\/\/www.honeymoon-world.com\/france\/ecologie\/#breadcrumb","itemListElement":[{"@type":"ListItem","position":1,"name":"Accueil","item":"https:\/\/www.honeymoon-world.com\/france\/"},{"@type":"ListItem","position":2,"name":"Ecologie"}]},{"@type":"WebSite","@id":"https:\/\/www.honeymoon-world.com\/france\/#website","url":"https:\/\/www.honeymoon-world.com\/france\/","name":"Honeymoon World","description":"L&#039;art de vivre en plein air - Gaz\u00e9bo, mobilier d&#039;ext\u00e9rieur, cuisine d&#039;\u00e9t\u00e9","potentialAction":[{"@type":"SearchAction","target":{"@type":"EntryPoint","urlTemplate":"https:\/\/www.honeymoon-world.com\/france\/?s={search_term_string}"},"query-input":{"@type":"PropertyValueSpecification","valueRequired":true,"valueName":"search_term_string"}}],"inLanguage":"fr-FR"}]}},"_links":{"self":[{"href":"https:\/\/www.honeymoon-world.com\/france\/wp-json\/wp\/v2\/pages\/84","targetHints":{"allow":["GET"]}}],"collection":[{"href":"https:\/\/www.honeymoon-world.com\/france\/wp-json\/wp\/v2\/pages"}],"about":[{"href":"https:\/\/www.honeymoon-world.com\/france\/wp-json\/wp\/v2\/types\/page"}],"author":[{"embeddable":true,"href":"https:\/\/www.honeymoon-world.com\/france\/wp-json\/wp\/v2\/users\/1"}],"replies":[{"embeddable":true,"href":"https:\/\/www.honeymoon-world.com\/france\/wp-json\/wp\/v2\/comments?post=84"}],"version-history":[{"count":17,"href":"https:\/\/www.honeymoon-world.com\/france\/wp-json\/wp\/v2\/pages\/84\/revisions"}],"predecessor-version":[{"id":1727,"href":"https:\/\/www.honeymoon-world.com\/france\/wp-json\/wp\/v2\/pages\/84\/revisions\/1727"}],"wp:attachment":[{"href":"https:\/\/www.honeymoon-world.com\/france\/wp-json\/wp\/v2\/media?parent=84"}],"curies":[{"name":"wp","href":"https:\/\/api.w.org\/{rel}","templated":true}]}}