{"id":514,"date":"2021-01-12T17:36:06","date_gmt":"2021-01-12T16:36:06","guid":{"rendered":"https:\/\/www.honeymoon-world.com\/france\/?page_id=514"},"modified":"2021-01-27T14:58:43","modified_gmt":"2021-01-27T13:58:43","slug":"moana","status":"publish","type":"page","link":"https:\/\/www.honeymoon-world.com\/france\/moana\/","title":{"rendered":"Moana"},"content":{"rendered":"<p>[et_pb_section fb_built=\u00a0\u00bb1&Prime; _builder_version=\u00a0\u00bb4.4.1&Prime; custom_padding=\u00a0\u00bb20px|||||\u00a0\u00bb][et_pb_row _builder_version=\u00a0\u00bb4.4.1&Prime; custom_margin=\u00a0\u00bb23px|auto||auto||\u00a0\u00bb animation_style=\u00a0\u00bbfold\u00a0\u00bb animation_direction=\u00a0\u00bbright\u00a0\u00bb animation_duration=\u00a0\u00bb1350ms\u00a0\u00bb animation_delay=\u00a0\u00bb250ms\u00a0\u00bb][et_pb_column type=\u00a0\u00bb4_4&Prime; _builder_version=\u00a0\u00bb4.4.1&Prime;][et_pb_text _builder_version=\u00a0\u00bb4.4.1&Prime; text_font=\u00a0\u00bbAbel||||||||\u00a0\u00bb text_font_size=\u00a0\u00bb58px\u00a0\u00bb]<\/p>\n<p>Moana<\/p>\n<p>[\/et_pb_text][et_pb_text _builder_version=\u00a0\u00bb4.4.1&Prime;]<\/p>\n<p><em>Lit de jardin sans couverture \u2022\u00a0 Tropical<\/em><\/p>\n<p>[\/et_pb_text][\/et_pb_column][\/et_pb_row][et_pb_row _builder_version=\u00a0\u00bb4.4.1&Prime; custom_padding=\u00a0\u00bb12px|||||\u00a0\u00bb animation_style=\u00a0\u00bbfold\u00a0\u00bb animation_direction=\u00a0\u00bbleft\u00a0\u00bb][et_pb_column type=\u00a0\u00bb4_4&Prime; _builder_version=\u00a0\u00bb4.4.1&Prime;][et_pb_image src=\u00a0\u00bbhttps:\/\/www.honeymoon-world.com\/france\/wp-content\/uploads\/2021\/01\/Moana-FP01.jpg\u00a0\u00bb _builder_version=\u00a0\u00bb4.4.1&Prime;][\/et_pb_image][\/et_pb_column][\/et_pb_row][et_pb_row column_structure=\u00a0\u00bb3_5,2_5&Prime; _builder_version=\u00a0\u00bb4.4.1&Prime; custom_margin=\u00a0\u00bb-6px|auto||auto|false|false\u00a0\u00bb custom_padding=\u00a0\u00bb16px|||||\u00a0\u00bb animation_style=\u00a0\u00bbflip\u00a0\u00bb][et_pb_column type=\u00a0\u00bb3_5&Prime; _builder_version=\u00a0\u00bb4.4.1&Prime;][et_pb_text _builder_version=\u00a0\u00bb4.4.1&Prime; text_line_height=\u00a0\u00bb2em\u00a0\u00bb hover_enabled=\u00a0\u00bb0&Prime;]<\/p>\n<p><strong>Un lit de jardin exotique<\/strong><\/p>\n<p>Un havre de d\u00e9tente et d\u2019\u00e9vasion, la structure en teck massif de ce lit d&rsquo;ext\u00e9rieur imite les chaumes et n\u0153uds du bambou. Sous un plafond compos\u00e9 de rondins en bois naturel, et \u00e0 l\u2019ombre de rideaux, la parenth\u00e8se se fait douce et fra\u00eeche.<br \/>Deux \u00e0 trois personnes pourront se reposer confortablement. Il est livr\u00e9 avec matelas et coussins d\u00e9houssables (tissu Sunbrella\u00ae blanc), rideaux et une b\u00e2che de protection (pour la structure et pour l\u2019assise).<\/p>\n<p><em>Structure 270 x 180 x 213 cm<\/em><\/p>\n<p>[\/et_pb_text][\/et_pb_column][et_pb_column type=\u00a0\u00bb2_5&Prime; _builder_version=\u00a0\u00bb4.4.1&Prime;][et_pb_text _builder_version=\u00a0\u00bb4.4.1&Prime;]<\/p>\n<p><strong>Equipement standard :<\/strong><\/p>\n<p>1 matelas d\u2019assise 235 x 155 x 12 cm<br \/> 6 coussins carr\u00e9s 60 x 60 cm<br \/> 4 coussins carr\u00e9s 40 x 40 cm<br \/> 1 jeu de 8 rideaux en coton<br \/> 1 b\u00e2che de protection couvrant seulement le matelas et les coussins pour la saison<\/p>\n<p>[\/et_pb_text][\/et_pb_column][\/et_pb_row][et_pb_row column_structure=\u00a0\u00bb1_2,1_2&Prime; use_custom_gutter=\u00a0\u00bbon\u00a0\u00bb gutter_width=\u00a0\u00bb2&Prime; _builder_version=\u00a0\u00bb4.4.1&Prime;][et_pb_column type=\u00a0\u00bb1_2&Prime; _builder_version=\u00a0\u00bb4.4.1&Prime;][et_pb_image src=\u00a0\u00bbhttps:\/\/www.honeymoon-world.com\/france\/wp-content\/uploads\/2021\/01\/Moana-FP05.jpg\u00a0\u00bb _builder_version=\u00a0\u00bb4.4.1&Prime;][\/et_pb_image][\/et_pb_column][et_pb_column type=\u00a0\u00bb1_2&Prime; _builder_version=\u00a0\u00bb4.4.1&Prime;][et_pb_image src=\u00a0\u00bbhttps:\/\/www.honeymoon-world.com\/france\/wp-content\/uploads\/2021\/01\/Moana-FP03.jpg\u00a0\u00bb _builder_version=\u00a0\u00bb4.4.1&Prime;][\/et_pb_image][\/et_pb_column][\/et_pb_row][et_pb_row column_structure=\u00a0\u00bb1_3,1_3,1_3&Prime; use_custom_gutter=\u00a0\u00bbon\u00a0\u00bb gutter_width=\u00a0\u00bb2&Prime; _builder_version=\u00a0\u00bb4.4.1&Prime; animation_style=\u00a0\u00bbfade\u00a0\u00bb animation_duration=\u00a0\u00bb1150ms\u00a0\u00bb][et_pb_column type=\u00a0\u00bb1_3&Prime; _builder_version=\u00a0\u00bb4.4.1&Prime;][et_pb_image src=\u00a0\u00bbhttps:\/\/www.honeymoon-world.com\/france\/wp-content\/uploads\/2021\/01\/Moana-FP06.jpg\u00a0\u00bb _builder_version=\u00a0\u00bb4.4.1&Prime;][\/et_pb_image][\/et_pb_column][et_pb_column type=\u00a0\u00bb1_3&Prime; _builder_version=\u00a0\u00bb4.4.1&Prime;][et_pb_image src=\u00a0\u00bbhttps:\/\/www.honeymoon-world.com\/france\/wp-content\/uploads\/2021\/01\/Moana-FP07.jpg\u00a0\u00bb _builder_version=\u00a0\u00bb4.4.1&Prime;][\/et_pb_image][\/et_pb_column][et_pb_column type=\u00a0\u00bb1_3&Prime; _builder_version=\u00a0\u00bb4.4.1&Prime;][et_pb_image src=\u00a0\u00bbhttps:\/\/www.honeymoon-world.com\/france\/wp-content\/uploads\/2021\/01\/Moana-FP08.jpg\u00a0\u00bb _builder_version=\u00a0\u00bb4.4.1&Prime;][\/et_pb_image][\/et_pb_column][\/et_pb_row][et_pb_row column_structure=\u00a0\u00bb1_2,1_2&Prime; use_custom_gutter=\u00a0\u00bbon\u00a0\u00bb gutter_width=\u00a0\u00bb2&Prime; _builder_version=\u00a0\u00bb4.4.1&Prime;][et_pb_column type=\u00a0\u00bb1_2&Prime; _builder_version=\u00a0\u00bb4.4.1&Prime;][et_pb_image src=\u00a0\u00bbhttps:\/\/www.honeymoon-world.com\/france\/wp-content\/uploads\/2021\/01\/Moana-FP02.jpg\u00a0\u00bb _builder_version=\u00a0\u00bb4.4.1&Prime;][\/et_pb_image][\/et_pb_column][et_pb_column type=\u00a0\u00bb1_2&Prime; _builder_version=\u00a0\u00bb4.4.1&Prime;][et_pb_image src=\u00a0\u00bbhttps:\/\/www.honeymoon-world.com\/france\/wp-content\/uploads\/2021\/01\/Moana-FP04.jpg\u00a0\u00bb _builder_version=\u00a0\u00bb4.4.1&Prime;][\/et_pb_image][\/et_pb_column][\/et_pb_row][\/et_pb_section][et_pb_section fb_built=\u00a0\u00bb1&Prime; _builder_version=\u00a0\u00bb4.4.1&Prime; background_color=\u00a0\u00bb#f2f2f2&Prime; animation_style=\u00a0\u00bbflip\u00a0\u00bb global_module=\u00a0\u00bb159&Prime;][et_pb_row _builder_version=\u00a0\u00bb4.4.1&Prime;][et_pb_column type=\u00a0\u00bb4_4&Prime; _builder_version=\u00a0\u00bb4.4.1&Prime;][et_pb_text _builder_version=\u00a0\u00bb4.4.1&Prime; text_font=\u00a0\u00bbAbel||||||||\u00a0\u00bb text_font_size=\u00a0\u00bb40px\u00a0\u00bb text_font_size_tablet=\u00a0\u00bb28px\u00a0\u00bb text_font_size_phone=\u00a0\u00bb28px\u00a0\u00bb text_font_size_last_edited=\u00a0\u00bbon|desktop\u00a0\u00bb]<\/p>\n<p>A d\u00e9courvir dans la collection meuble sans couverture<\/p>\n<p>[\/et_pb_text][\/et_pb_column][\/et_pb_row][et_pb_row column_structure=\u00a0\u00bb1_3,1_3,1_3&Prime; _builder_version=\u00a0\u00bb4.4.1&Prime; custom_margin=\u00a0\u00bb-6px|auto|17px|auto|false|false\u00a0\u00bb custom_padding=\u00a0\u00bb16px|||||\u00a0\u00bb][et_pb_column type=\u00a0\u00bb1_3&Prime; _builder_version=\u00a0\u00bb4.4.1&Prime;][et_pb_image src=\u00a0\u00bbhttps:\/\/www.honeymoon-world.com\/france\/wp-content\/uploads\/2021\/01\/web-sundeck01.jpg\u00a0\u00bb url=\u00a0\u00bbhttps:\/\/www.honeymoon-world.com\/france\/sundeck\/\u00a0\u00bb _builder_version=\u00a0\u00bb4.4.1&Prime;][\/et_pb_image][et_pb_text _builder_version=\u00a0\u00bb4.4.1&Prime; text_font=\u00a0\u00bbAbel||||||||\u00a0\u00bb text_font_size=\u00a0\u00bb40px\u00a0\u00bb]<\/p>\n<p>Sundeck<\/p>\n<p>[\/et_pb_text][et_pb_text _builder_version=\u00a0\u00bb4.4.1&Prime; text_font_size=\u00a0\u00bb15px\u00a0\u00bb custom_margin=\u00a0\u00bb||-1px|||\u00a0\u00bb]<\/p>\n<p>Un bain de soleil contemporain. Le SUNDECK a \u00e9t\u00e9 con\u00e7u comme un deck complet.<\/p>\n<p>[\/et_pb_text][et_pb_text _builder_version=\u00a0\u00bb4.4.1&Prime; min_height=\u00a0\u00bb19.2px\u00a0\u00bb custom_padding=\u00a0\u00bb8px||3px|||\u00a0\u00bb]<\/p>\n<p><a href=\"https:\/\/www.honeymoon-world.com\/france\/sundeck\/\">D\u00e9couvrir &gt;&gt;<\/a><\/p>\n<p>[\/et_pb_text][\/et_pb_column][et_pb_column type=\u00a0\u00bb1_3&Prime; _builder_version=\u00a0\u00bb4.4.1&Prime;][et_pb_image src=\u00a0\u00bbhttps:\/\/www.honeymoon-world.com\/france\/wp-content\/uploads\/2021\/01\/web-eeva.jpg\u00a0\u00bb url=\u00a0\u00bbhttps:\/\/www.honeymoon-world.com\/france\/eeva\/\u00a0\u00bb _builder_version=\u00a0\u00bb4.4.1&Prime;][\/et_pb_image][et_pb_text _builder_version=\u00a0\u00bb4.4.1&Prime; text_font=\u00a0\u00bbAbel||||||||\u00a0\u00bb text_font_size=\u00a0\u00bb40px\u00a0\u00bb]<\/p>\n<p>Eeva<\/p>\n<p>[\/et_pb_text][et_pb_text _builder_version=\u00a0\u00bb4.4.1&Prime; text_font_size=\u00a0\u00bb15px\u00a0\u00bb custom_margin=\u00a0\u00bb||-1px|||\u00a0\u00bb]<\/p>\n<p><span>Ce banc au style tropical trouve sa place dans les ext\u00e9rieurs exotiques.<\/span><\/p>\n<p>[\/et_pb_text][et_pb_text _builder_version=\u00a0\u00bb4.4.1&Prime; min_height=\u00a0\u00bb19.2px\u00a0\u00bb custom_padding=\u00a0\u00bb8px||3px|||\u00a0\u00bb]<\/p>\n<p><a href=\"https:\/\/www.honeymoon-world.com\/france\/eeva\/\">D\u00e9couvrir &gt;&gt;<\/a><\/p>\n<p>[\/et_pb_text][\/et_pb_column][et_pb_column type=\u00a0\u00bb1_3&Prime; _builder_version=\u00a0\u00bb4.4.1&Prime;][et_pb_image src=\u00a0\u00bbhttps:\/\/www.honeymoon-world.com\/france\/wp-content\/uploads\/2021\/01\/WEB-hanalei01.jpg\u00a0\u00bb url=\u00a0\u00bbhttps:\/\/www.honeymoon-world.com\/france\/hanalei\/\u00a0\u00bb _builder_version=\u00a0\u00bb4.4.1&Prime;][\/et_pb_image][et_pb_text _builder_version=\u00a0\u00bb4.4.1&Prime; text_font=\u00a0\u00bbAbel||||||||\u00a0\u00bb text_font_size=\u00a0\u00bb40px\u00a0\u00bb]<\/p>\n<p>Hanalei<\/p>\n<p>[\/et_pb_text][et_pb_text _builder_version=\u00a0\u00bb4.4.1&Prime; text_font_size=\u00a0\u00bb15px\u00a0\u00bb custom_margin=\u00a0\u00bb||-1px|||\u00a0\u00bb]<\/p>\n<p>Un lit de jardin propice aux moments d\u2019\u00e9vasion\u2026 dans un style exotique.<\/p>\n<p>[\/et_pb_text][et_pb_text _builder_version=\u00a0\u00bb4.4.1&Prime; min_height=\u00a0\u00bb19.2px\u00a0\u00bb custom_padding=\u00a0\u00bb8px||3px|||\u00a0\u00bb]<\/p>\n<p><a href=\"https:\/\/www.honeymoon-world.com\/france\/hanalei\/\">D\u00e9couvrir &gt;&gt;<\/a><\/p>\n<p>[\/et_pb_text][\/et_pb_column][\/et_pb_row][et_pb_row column_structure=\u00a0\u00bb1_3,1_3,1_3&Prime; _builder_version=\u00a0\u00bb4.4.1&Prime; custom_margin=\u00a0\u00bb-6px|auto||auto|false|false\u00a0\u00bb custom_padding=\u00a0\u00bb16px|||||\u00a0\u00bb][et_pb_column type=\u00a0\u00bb1_3&Prime; _builder_version=\u00a0\u00bb4.4.1&Prime;][et_pb_image src=\u00a0\u00bbhttps:\/\/www.honeymoon-world.com\/france\/wp-content\/uploads\/2021\/01\/web-moana.jpg\u00a0\u00bb url=\u00a0\u00bbhttps:\/\/www.honeymoon-world.com\/france\/moana\/\u00a0\u00bb _builder_version=\u00a0\u00bb4.4.1&Prime;][\/et_pb_image][et_pb_text _builder_version=\u00a0\u00bb4.4.1&Prime; text_font=\u00a0\u00bbAbel||||||||\u00a0\u00bb text_font_size=\u00a0\u00bb40px\u00a0\u00bb]<\/p>\n<p>Moana<\/p>\n<p>[\/et_pb_text][et_pb_text _builder_version=\u00a0\u00bb4.4.1&Prime; text_font_size=\u00a0\u00bb15px\u00a0\u00bb custom_margin=\u00a0\u00bb||-1px|||\u00a0\u00bb]<\/p>\n<p><span>Un lit de jardin exotique. Sa structure en teck imite les chaumes et n\u0153uds du bambou. <\/span><\/p>\n<p>[\/et_pb_text][et_pb_text _builder_version=\u00a0\u00bb4.4.1&Prime; min_height=\u00a0\u00bb19.2px\u00a0\u00bb custom_padding=\u00a0\u00bb8px||3px|||\u00a0\u00bb]<\/p>\n<p><a href=\"https:\/\/www.honeymoon-world.com\/france\/moana\/\">D\u00e9couvrir &gt;&gt;<\/a><\/p>\n<p>[\/et_pb_text][\/et_pb_column][et_pb_column type=\u00a0\u00bb1_3&Prime; _builder_version=\u00a0\u00bb4.4.1&Prime;][et_pb_image src=\u00a0\u00bbhttps:\/\/www.honeymoon-world.com\/france\/wp-content\/uploads\/2021\/01\/web-waimea.jpg\u00a0\u00bb url=\u00a0\u00bbhttps:\/\/www.honeymoon-world.com\/france\/waimea\/\u00a0\u00bb _builder_version=\u00a0\u00bb4.4.1&Prime;][\/et_pb_image][et_pb_text _builder_version=\u00a0\u00bb4.4.1&Prime; text_font=\u00a0\u00bbAbel||||||||\u00a0\u00bb text_font_size=\u00a0\u00bb40px\u00a0\u00bb]<\/p>\n<p>Douche Waimea<\/p>\n<p>[\/et_pb_text][et_pb_text _builder_version=\u00a0\u00bb4.4.1&Prime; text_font_size=\u00a0\u00bb15px\u00a0\u00bb custom_margin=\u00a0\u00bb||-1px|||\u00a0\u00bb]<\/p>\n<p><span>Cette douche \u00e0 l\u2019allure exotique permet de se rafraichir dans le jardin.<\/span><\/p>\n<p>[\/et_pb_text][et_pb_text _builder_version=\u00a0\u00bb4.4.1&Prime; min_height=\u00a0\u00bb19.2px\u00a0\u00bb custom_padding=\u00a0\u00bb8px||3px|||\u00a0\u00bb]<\/p>\n<p><a href=\"https:\/\/www.honeymoon-world.com\/france\/waimea\/\">D\u00e9couvrir &gt;&gt;<\/a><\/p>\n<p>[\/et_pb_text][\/et_pb_column][et_pb_column type=\u00a0\u00bb1_3&Prime; _builder_version=\u00a0\u00bb4.4.1&Prime;][\/et_pb_column][\/et_pb_row][\/et_pb_section]<\/p>\n","protected":false},"excerpt":{"rendered":"<p>[et_pb_section fb_built=\u00a0\u00bb1&Prime; _builder_version=\u00a0\u00bb4.4.1&Prime; custom_padding=\u00a0\u00bb20px|||||\u00a0\u00bb][et_pb_row _builder_version=\u00a0\u00bb4.4.1&Prime; custom_margin=\u00a0\u00bb23px|auto||auto||\u00a0\u00bb animation_style=\u00a0\u00bbfold\u00a0\u00bb animation_direction=\u00a0\u00bbright\u00a0\u00bb animation_duration=\u00a0\u00bb1350ms\u00a0\u00bb animation_delay=\u00a0\u00bb250ms\u00a0\u00bb][et_pb_column type=\u00a0\u00bb4_4&Prime; _builder_version=\u00a0\u00bb4.4.1&Prime;][et_pb_text _builder_version=\u00a0\u00bb4.4.1&Prime; text_font=\u00a0\u00bbAbel||||||||\u00a0\u00bb text_font_size=\u00a0\u00bb58px\u00a0\u00bb] Moana [\/et_pb_text][et_pb_text _builder_version=\u00a0\u00bb4.4.1&Prime;] Lit de jardin sans couverture \u2022\u00a0 Tropical [\/et_pb_text][\/et_pb_column][\/et_pb_row][et_pb_row _builder_version=\u00a0\u00bb4.4.1&Prime; custom_padding=\u00a0\u00bb12px|||||\u00a0\u00bb animation_style=\u00a0\u00bbfold\u00a0\u00bb animation_direction=\u00a0\u00bbleft\u00a0\u00bb][et_pb_column type=\u00a0\u00bb4_4&Prime; _builder_version=\u00a0\u00bb4.4.1&Prime;][et_pb_image src=\u00a0\u00bbhttps:\/\/www.honeymoon-world.com\/france\/wp-content\/uploads\/2021\/01\/Moana-FP01.jpg\u00a0\u00bb _builder_version=\u00a0\u00bb4.4.1&Prime;][\/et_pb_image][\/et_pb_column][\/et_pb_row][et_pb_row column_structure=\u00a0\u00bb3_5,2_5&Prime; _builder_version=\u00a0\u00bb4.4.1&Prime; custom_margin=\u00a0\u00bb-6px|auto||auto|false|false\u00a0\u00bb custom_padding=\u00a0\u00bb16px|||||\u00a0\u00bb animation_style=\u00a0\u00bbflip\u00a0\u00bb][et_pb_column type=\u00a0\u00bb3_5&Prime; _builder_version=\u00a0\u00bb4.4.1&Prime;][et_pb_text _builder_version=\u00a0\u00bb4.4.1&Prime; text_line_height=\u00a0\u00bb2em\u00a0\u00bb hover_enabled=\u00a0\u00bb0&Prime;] Un lit de jardin exotique Un havre de d\u00e9tente et d\u2019\u00e9vasion, [&hellip;]<\/p>\n","protected":false},"author":1,"featured_media":0,"parent":0,"menu_order":0,"comment_status":"closed","ping_status":"closed","template":"","meta":{"_et_pb_use_builder":"on","_et_pb_old_content":"","_et_gb_content_width":"","footnotes":""},"class_list":["post-514","page","type-page","status-publish","hentry"],"yoast_head":"<!-- This site is optimized with the Yoast SEO plugin v25.1 - https:\/\/yoast.com\/wordpress\/plugins\/seo\/ -->\n<title>Lit de jardin exotique en bois - Lit ext\u00e9rieur en teck - Moana<\/title>\n<meta name=\"description\" content=\"Lit de jardin exotiqueUn havre de d\u00e9tente et d\u2019\u00e9vasion, la structure en teck massif de ce lit de jardin imite les chaumes et n\u0153uds du bambou.\" \/>\n<meta name=\"robots\" content=\"index, follow, max-snippet:-1, max-image-preview:large, max-video-preview:-1\" \/>\n<link rel=\"canonical\" href=\"https:\/\/www.honeymoon-world.com\/france\/moana\/\" \/>\n<meta property=\"og:locale\" content=\"fr_FR\" \/>\n<meta property=\"og:type\" content=\"article\" \/>\n<meta property=\"og:title\" content=\"Lit de jardin exotique en bois - Lit ext\u00e9rieur en teck - Moana\" \/>\n<meta property=\"og:description\" content=\"Lit de jardin exotiqueUn havre de d\u00e9tente et d\u2019\u00e9vasion, la structure en teck massif de ce lit de jardin imite les chaumes et n\u0153uds du bambou.\" \/>\n<meta property=\"og:url\" content=\"https:\/\/www.honeymoon-world.com\/france\/moana\/\" \/>\n<meta property=\"og:site_name\" content=\"Honeymoon World\" \/>\n<meta property=\"article:modified_time\" content=\"2021-01-27T13:58:43+00:00\" \/>\n<meta name=\"twitter:card\" content=\"summary_large_image\" \/>\n<meta name=\"twitter:label1\" content=\"Dur\u00e9e de lecture estim\u00e9e\" \/>\n\t<meta name=\"twitter:data1\" content=\"6 minutes\" \/>\n<script type=\"application\/ld+json\" class=\"yoast-schema-graph\">{\"@context\":\"https:\/\/schema.org\",\"@graph\":[{\"@type\":\"WebPage\",\"@id\":\"https:\/\/www.honeymoon-world.com\/france\/moana\/\",\"url\":\"https:\/\/www.honeymoon-world.com\/france\/moana\/\",\"name\":\"Lit de jardin exotique en bois - Lit ext\u00e9rieur en teck - Moana\",\"isPartOf\":{\"@id\":\"https:\/\/www.honeymoon-world.com\/france\/#website\"},\"datePublished\":\"2021-01-12T16:36:06+00:00\",\"dateModified\":\"2021-01-27T13:58:43+00:00\",\"description\":\"Lit de jardin exotiqueUn havre de d\u00e9tente et d\u2019\u00e9vasion, la structure en teck massif de ce lit de jardin imite les chaumes et n\u0153uds du bambou.\",\"breadcrumb\":{\"@id\":\"https:\/\/www.honeymoon-world.com\/france\/moana\/#breadcrumb\"},\"inLanguage\":\"fr-FR\",\"potentialAction\":[{\"@type\":\"ReadAction\",\"target\":[\"https:\/\/www.honeymoon-world.com\/france\/moana\/\"]}]},{\"@type\":\"BreadcrumbList\",\"@id\":\"https:\/\/www.honeymoon-world.com\/france\/moana\/#breadcrumb\",\"itemListElement\":[{\"@type\":\"ListItem\",\"position\":1,\"name\":\"Accueil\",\"item\":\"https:\/\/www.honeymoon-world.com\/france\/\"},{\"@type\":\"ListItem\",\"position\":2,\"name\":\"Moana\"}]},{\"@type\":\"WebSite\",\"@id\":\"https:\/\/www.honeymoon-world.com\/france\/#website\",\"url\":\"https:\/\/www.honeymoon-world.com\/france\/\",\"name\":\"Honeymoon World\",\"description\":\"L&#039;art de vivre en plein air - Gaz\u00e9bo, mobilier d&#039;ext\u00e9rieur, cuisine d&#039;\u00e9t\u00e9\",\"potentialAction\":[{\"@type\":\"SearchAction\",\"target\":{\"@type\":\"EntryPoint\",\"urlTemplate\":\"https:\/\/www.honeymoon-world.com\/france\/?s={search_term_string}\"},\"query-input\":{\"@type\":\"PropertyValueSpecification\",\"valueRequired\":true,\"valueName\":\"search_term_string\"}}],\"inLanguage\":\"fr-FR\"}]}<\/script>\n<!-- \/ Yoast SEO plugin. -->","yoast_head_json":{"title":"Lit de jardin exotique en bois - Lit ext\u00e9rieur en teck - Moana","description":"Lit de jardin exotiqueUn havre de d\u00e9tente et d\u2019\u00e9vasion, la structure en teck massif de ce lit de jardin imite les chaumes et n\u0153uds du bambou.","robots":{"index":"index","follow":"follow","max-snippet":"max-snippet:-1","max-image-preview":"max-image-preview:large","max-video-preview":"max-video-preview:-1"},"canonical":"https:\/\/www.honeymoon-world.com\/france\/moana\/","og_locale":"fr_FR","og_type":"article","og_title":"Lit de jardin exotique en bois - Lit ext\u00e9rieur en teck - Moana","og_description":"Lit de jardin exotiqueUn havre de d\u00e9tente et d\u2019\u00e9vasion, la structure en teck massif de ce lit de jardin imite les chaumes et n\u0153uds du bambou.","og_url":"https:\/\/www.honeymoon-world.com\/france\/moana\/","og_site_name":"Honeymoon World","article_modified_time":"2021-01-27T13:58:43+00:00","twitter_card":"summary_large_image","twitter_misc":{"Dur\u00e9e de lecture estim\u00e9e":"6 minutes"},"schema":{"@context":"https:\/\/schema.org","@graph":[{"@type":"WebPage","@id":"https:\/\/www.honeymoon-world.com\/france\/moana\/","url":"https:\/\/www.honeymoon-world.com\/france\/moana\/","name":"Lit de jardin exotique en bois - Lit ext\u00e9rieur en teck - Moana","isPartOf":{"@id":"https:\/\/www.honeymoon-world.com\/france\/#website"},"datePublished":"2021-01-12T16:36:06+00:00","dateModified":"2021-01-27T13:58:43+00:00","description":"Lit de jardin exotiqueUn havre de d\u00e9tente et d\u2019\u00e9vasion, la structure en teck massif de ce lit de jardin imite les chaumes et n\u0153uds du bambou.","breadcrumb":{"@id":"https:\/\/www.honeymoon-world.com\/france\/moana\/#breadcrumb"},"inLanguage":"fr-FR","potentialAction":[{"@type":"ReadAction","target":["https:\/\/www.honeymoon-world.com\/france\/moana\/"]}]},{"@type":"BreadcrumbList","@id":"https:\/\/www.honeymoon-world.com\/france\/moana\/#breadcrumb","itemListElement":[{"@type":"ListItem","position":1,"name":"Accueil","item":"https:\/\/www.honeymoon-world.com\/france\/"},{"@type":"ListItem","position":2,"name":"Moana"}]},{"@type":"WebSite","@id":"https:\/\/www.honeymoon-world.com\/france\/#website","url":"https:\/\/www.honeymoon-world.com\/france\/","name":"Honeymoon World","description":"L&#039;art de vivre en plein air - Gaz\u00e9bo, mobilier d&#039;ext\u00e9rieur, cuisine d&#039;\u00e9t\u00e9","potentialAction":[{"@type":"SearchAction","target":{"@type":"EntryPoint","urlTemplate":"https:\/\/www.honeymoon-world.com\/france\/?s={search_term_string}"},"query-input":{"@type":"PropertyValueSpecification","valueRequired":true,"valueName":"search_term_string"}}],"inLanguage":"fr-FR"}]}},"_links":{"self":[{"href":"https:\/\/www.honeymoon-world.com\/france\/wp-json\/wp\/v2\/pages\/514","targetHints":{"allow":["GET"]}}],"collection":[{"href":"https:\/\/www.honeymoon-world.com\/france\/wp-json\/wp\/v2\/pages"}],"about":[{"href":"https:\/\/www.honeymoon-world.com\/france\/wp-json\/wp\/v2\/types\/page"}],"author":[{"embeddable":true,"href":"https:\/\/www.honeymoon-world.com\/france\/wp-json\/wp\/v2\/users\/1"}],"replies":[{"embeddable":true,"href":"https:\/\/www.honeymoon-world.com\/france\/wp-json\/wp\/v2\/comments?post=514"}],"version-history":[{"count":8,"href":"https:\/\/www.honeymoon-world.com\/france\/wp-json\/wp\/v2\/pages\/514\/revisions"}],"predecessor-version":[{"id":1419,"href":"https:\/\/www.honeymoon-world.com\/france\/wp-json\/wp\/v2\/pages\/514\/revisions\/1419"}],"wp:attachment":[{"href":"https:\/\/www.honeymoon-world.com\/france\/wp-json\/wp\/v2\/media?parent=514"}],"curies":[{"name":"wp","href":"https:\/\/api.w.org\/{rel}","templated":true}]}}