{"id":227,"date":"2021-01-08T18:16:58","date_gmt":"2021-01-08T17:16:58","guid":{"rendered":"https:\/\/www.honeymoon-world.com\/france\/?page_id=227"},"modified":"2021-02-04T16:34:58","modified_gmt":"2021-02-04T15:34:58","slug":"gazebo-pergola-salon-couverture-contemporaine","status":"publish","type":"page","link":"https:\/\/www.honeymoon-world.com\/france\/gazebo-pergola-salon-couverture-contemporaine\/","title":{"rendered":"Pergola, Salon couverture contemporaine"},"content":{"rendered":"<p>[et_pb_section fb_built=\u00a0\u00bb1&Prime; fullwidth=\u00a0\u00bbon\u00a0\u00bb _builder_version=\u00a0\u00bb4.4.1&Prime; bottom_divider_style=\u00a0\u00bbtriangle\u00a0\u00bb bottom_divider_color=\u00a0\u00bb#ffffff\u00a0\u00bb bottom_divider_height=\u00a0\u00bb41px\u00a0\u00bb][et_pb_fullwidth_header title=\u00a0\u00bbGazebo, pergola, salon avec couverture contemporaine\u00a0\u00bb background_overlay_color=\u00a0\u00bbrgba(0,0,0,0.22)\u00a0\u00bb _builder_version=\u00a0\u00bb4.4.1&Prime; title_font_size=\u00a0\u00bb50px\u00a0\u00bb background_image=\u00a0\u00bbhttps:\/\/www.honeymoon-world.com\/france\/wp-content\/uploads\/2021\/01\/fond02.jpg\u00a0\u00bb parallax=\u00a0\u00bbon\u00a0\u00bb custom_padding=\u00a0\u00bb60px||60px||false|false\u00a0\u00bb]<\/p>\n<p>D\u00e9couvrez notre collection de pergola, gazebo, salon d&rsquo;ext\u00e9rieur avec couverture permanente \u00e9tanche<\/p>\n<p>[\/et_pb_fullwidth_header][\/et_pb_section][et_pb_section fb_built=\u00a0\u00bb1&Prime; _builder_version=\u00a0\u00bb4.4.1&Prime; custom_padding=\u00a0\u00bb74px|||||\u00a0\u00bb animation_style=\u00a0\u00bbflip\u00a0\u00bb saved_tabs=\u00a0\u00bball\u00a0\u00bb][et_pb_row column_structure=\u00a0\u00bb1_3,1_3,1_3&Prime; use_custom_gutter=\u00a0\u00bbon\u00a0\u00bb gutter_width=\u00a0\u00bb2&Prime; _builder_version=\u00a0\u00bb4.4.1&Prime; custom_margin=\u00a0\u00bb-6px|auto|17px|auto|false|false\u00a0\u00bb custom_padding=\u00a0\u00bb16px|||||\u00a0\u00bb][et_pb_column type=\u00a0\u00bb1_3&Prime; _builder_version=\u00a0\u00bb4.4.1&Prime;][et_pb_image src=\u00a0\u00bbhttps:\/\/www.honeymoon-world.com\/france\/wp-content\/uploads\/2021\/01\/Sunrise-FP05-1.jpg\u00a0\u00bb url=\u00a0\u00bbhttps:\/\/www.honeymoon-world.com\/france\/sunrise\/\u00a0\u00bb _builder_version=\u00a0\u00bb4.4.1&Prime; hover_enabled=\u00a0\u00bb0&Prime;][\/et_pb_image][et_pb_text _builder_version=\u00a0\u00bb4.4.1&Prime; text_font=\u00a0\u00bbAbel||||||||\u00a0\u00bb text_font_size=\u00a0\u00bb40px\u00a0\u00bb custom_margin=\u00a0\u00bb10px|||||\u00a0\u00bb]<\/p>\n<p>Sunrise<\/p>\n<p>[\/et_pb_text][et_pb_text _builder_version=\u00a0\u00bb4.4.1&Prime; text_font_size=\u00a0\u00bb15px\u00a0\u00bb custom_margin=\u00a0\u00bb||-1px|||\u00a0\u00bb]V\u00e9ritable salon d\u2019\u00e9t\u00e9, au design harmonieux, il permet de vivre de nombreux moments de convivialit\u00e9\u2026 [\/et_pb_text][et_pb_text _builder_version=\u00a0\u00bb4.4.1&Prime; min_height=\u00a0\u00bb19.2px\u00a0\u00bb custom_padding=\u00a0\u00bb8px||3px|||\u00a0\u00bb]<a href=\"https:\/\/www.honeymoon-world.com\/france\/sunrise\/\">D\u00e9couvrir &gt;&gt;<\/a>[\/et_pb_text][\/et_pb_column][et_pb_column type=\u00a0\u00bb1_3&Prime; _builder_version=\u00a0\u00bb4.4.1&Prime;][et_pb_image src=\u00a0\u00bbhttps:\/\/www.honeymoon-world.com\/france\/wp-content\/uploads\/2021\/01\/Sunset-FP03.jpg\u00a0\u00bb url=\u00a0\u00bbhttps:\/\/www.honeymoon-world.com\/france\/sunset\/\u00a0\u00bb _builder_version=\u00a0\u00bb4.4.1&Prime; hover_enabled=\u00a0\u00bb0&Prime;][\/et_pb_image][et_pb_text _builder_version=\u00a0\u00bb4.4.1&Prime; text_font=\u00a0\u00bbAbel||||||||\u00a0\u00bb text_font_size=\u00a0\u00bb40px\u00a0\u00bb]<\/p>\n<p>Sunset<\/p>\n<p>[\/et_pb_text][et_pb_text _builder_version=\u00a0\u00bb4.4.1&Prime; text_font_size=\u00a0\u00bb15px\u00a0\u00bb custom_margin=\u00a0\u00bb||-1px|||\u00a0\u00bb]Spacieux, confortable et convivial\u2026 L\u2019espace offert par ce gazebo permet d\u2019accueillir jusqu\u2019\u00e0 12 convives. [\/et_pb_text][et_pb_text _builder_version=\u00a0\u00bb4.4.1&Prime; min_height=\u00a0\u00bb19.2px\u00a0\u00bb custom_padding=\u00a0\u00bb8px||3px|||\u00a0\u00bb]<\/p>\n<p><a href=\"https:\/\/www.honeymoon-world.com\/france\/sunset\/\">D\u00e9couvrir &gt;&gt;<\/a><\/p>\n<p>[\/et_pb_text][\/et_pb_column][et_pb_column type=\u00a0\u00bb1_3&Prime; _builder_version=\u00a0\u00bb4.4.1&Prime;][et_pb_image src=\u00a0\u00bbhttps:\/\/www.honeymoon-world.com\/france\/wp-content\/uploads\/2021\/02\/coll-Earlybird-1.jpg\u00a0\u00bb url=\u00a0\u00bbhttps:\/\/www.honeymoon-world.com\/france\/gazebo-earlybird\/\u00a0\u00bb _builder_version=\u00a0\u00bb4.4.1&Prime; hover_enabled=\u00a0\u00bb0&Prime;][\/et_pb_image][et_pb_text _builder_version=\u00a0\u00bb4.4.1&Prime; text_font=\u00a0\u00bbAbel||||||||\u00a0\u00bb text_font_size=\u00a0\u00bb40px\u00a0\u00bb]<\/p>\n<p>Earlybird<\/p>\n<p>[\/et_pb_text][et_pb_text _builder_version=\u00a0\u00bb4.4.1&Prime; text_font_size=\u00a0\u00bb15px\u00a0\u00bb custom_margin=\u00a0\u00bb||-1px|||\u00a0\u00bb]Le EARLYBIRD offre une approche moderne du Gaz\u00e9bo.[\/et_pb_text][et_pb_text _builder_version=\u00a0\u00bb4.4.1&Prime; min_height=\u00a0\u00bb19.2px\u00a0\u00bb custom_padding=\u00a0\u00bb8px||3px|||\u00a0\u00bb]<\/p>\n<p><a href=\"https:\/\/www.honeymoon-world.com\/france\/gazebo-earlybird\/\">D\u00e9couvrir &gt;&gt;<\/a><\/p>\n<p>[\/et_pb_text][\/et_pb_column][\/et_pb_row][\/et_pb_section]<\/p>\n","protected":false},"excerpt":{"rendered":"<p>[et_pb_section fb_built=\u00a0\u00bb1&Prime; fullwidth=\u00a0\u00bbon\u00a0\u00bb _builder_version=\u00a0\u00bb4.4.1&Prime; bottom_divider_style=\u00a0\u00bbtriangle\u00a0\u00bb bottom_divider_color=\u00a0\u00bb#ffffff\u00a0\u00bb bottom_divider_height=\u00a0\u00bb41px\u00a0\u00bb][et_pb_fullwidth_header title=\u00a0\u00bbGazebo, pergola, salon avec couverture contemporaine\u00a0\u00bb background_overlay_color=\u00a0\u00bbrgba(0,0,0,0.22)\u00a0\u00bb _builder_version=\u00a0\u00bb4.4.1&Prime; title_font_size=\u00a0\u00bb50px\u00a0\u00bb background_image=\u00a0\u00bbhttps:\/\/www.honeymoon-world.com\/france\/wp-content\/uploads\/2021\/01\/fond02.jpg\u00a0\u00bb parallax=\u00a0\u00bbon\u00a0\u00bb custom_padding=\u00a0\u00bb60px||60px||false|false\u00a0\u00bb] D\u00e9couvrez notre collection de pergola, gazebo, salon d&rsquo;ext\u00e9rieur avec couverture permanente \u00e9tanche [\/et_pb_fullwidth_header][\/et_pb_section][et_pb_section fb_built=\u00a0\u00bb1&Prime; _builder_version=\u00a0\u00bb4.4.1&Prime; custom_padding=\u00a0\u00bb74px|||||\u00a0\u00bb animation_style=\u00a0\u00bbflip\u00a0\u00bb saved_tabs=\u00a0\u00bball\u00a0\u00bb][et_pb_row column_structure=\u00a0\u00bb1_3,1_3,1_3&Prime; use_custom_gutter=\u00a0\u00bbon\u00a0\u00bb gutter_width=\u00a0\u00bb2&Prime; _builder_version=\u00a0\u00bb4.4.1&Prime; custom_margin=\u00a0\u00bb-6px|auto|17px|auto|false|false\u00a0\u00bb custom_padding=\u00a0\u00bb16px|||||\u00a0\u00bb][et_pb_column type=\u00a0\u00bb1_3&Prime; _builder_version=\u00a0\u00bb4.4.1&Prime;][et_pb_image src=\u00a0\u00bbhttps:\/\/www.honeymoon-world.com\/france\/wp-content\/uploads\/2021\/01\/Sunrise-FP05-1.jpg\u00a0\u00bb url=\u00a0\u00bbhttps:\/\/www.honeymoon-world.com\/france\/sunrise\/\u00a0\u00bb _builder_version=\u00a0\u00bb4.4.1&Prime; hover_enabled=\u00a0\u00bb0&Prime;][\/et_pb_image][et_pb_text _builder_version=\u00a0\u00bb4.4.1&Prime; text_font=\u00a0\u00bbAbel||||||||\u00a0\u00bb text_font_size=\u00a0\u00bb40px\u00a0\u00bb custom_margin=\u00a0\u00bb10px|||||\u00a0\u00bb] Sunrise [\/et_pb_text][et_pb_text [&hellip;]<\/p>\n","protected":false},"author":1,"featured_media":0,"parent":0,"menu_order":0,"comment_status":"closed","ping_status":"closed","template":"","meta":{"_et_pb_use_builder":"on","_et_pb_old_content":"","_et_gb_content_width":"","footnotes":""},"class_list":["post-227","page","type-page","status-publish","hentry"],"yoast_head":"<!-- This site is optimized with the Yoast SEO plugin v25.1 - https:\/\/yoast.com\/wordpress\/plugins\/seo\/ -->\n<title>Gazebo, pergola, salon avec couverture contemporaine - Honeymoon<\/title>\n<meta name=\"description\" content=\"D\u00e9couvrez notre collection de pergola, gazebo de luxe, salon d\u2019ext\u00e9rieur en bois avec couverture permanente \u00e9tanche. Honeymoon\" \/>\n<meta name=\"robots\" content=\"index, follow, max-snippet:-1, max-image-preview:large, max-video-preview:-1\" \/>\n<link rel=\"canonical\" href=\"https:\/\/www.honeymoon-world.com\/france\/gazebo-pergola-salon-couverture-contemporaine\/\" \/>\n<meta property=\"og:locale\" content=\"fr_FR\" \/>\n<meta property=\"og:type\" content=\"article\" \/>\n<meta property=\"og:title\" content=\"Gazebo, pergola, salon avec couverture contemporaine - Honeymoon\" \/>\n<meta property=\"og:description\" content=\"D\u00e9couvrez notre collection de pergola, gazebo de luxe, salon d\u2019ext\u00e9rieur en bois avec couverture permanente \u00e9tanche. Honeymoon\" \/>\n<meta property=\"og:url\" content=\"https:\/\/www.honeymoon-world.com\/france\/gazebo-pergola-salon-couverture-contemporaine\/\" \/>\n<meta property=\"og:site_name\" content=\"Honeymoon World\" \/>\n<meta property=\"article:modified_time\" content=\"2021-02-04T15:34:58+00:00\" \/>\n<meta name=\"twitter:card\" content=\"summary_large_image\" \/>\n<meta name=\"twitter:label1\" content=\"Dur\u00e9e de lecture estim\u00e9e\" \/>\n\t<meta name=\"twitter:data1\" content=\"2 minutes\" \/>\n<script type=\"application\/ld+json\" class=\"yoast-schema-graph\">{\"@context\":\"https:\/\/schema.org\",\"@graph\":[{\"@type\":\"WebPage\",\"@id\":\"https:\/\/www.honeymoon-world.com\/france\/gazebo-pergola-salon-couverture-contemporaine\/\",\"url\":\"https:\/\/www.honeymoon-world.com\/france\/gazebo-pergola-salon-couverture-contemporaine\/\",\"name\":\"Gazebo, pergola, salon avec couverture contemporaine - Honeymoon\",\"isPartOf\":{\"@id\":\"https:\/\/www.honeymoon-world.com\/france\/#website\"},\"datePublished\":\"2021-01-08T17:16:58+00:00\",\"dateModified\":\"2021-02-04T15:34:58+00:00\",\"description\":\"D\u00e9couvrez notre collection de pergola, gazebo de luxe, salon d\u2019ext\u00e9rieur en bois avec couverture permanente \u00e9tanche. Honeymoon\",\"breadcrumb\":{\"@id\":\"https:\/\/www.honeymoon-world.com\/france\/gazebo-pergola-salon-couverture-contemporaine\/#breadcrumb\"},\"inLanguage\":\"fr-FR\",\"potentialAction\":[{\"@type\":\"ReadAction\",\"target\":[\"https:\/\/www.honeymoon-world.com\/france\/gazebo-pergola-salon-couverture-contemporaine\/\"]}]},{\"@type\":\"BreadcrumbList\",\"@id\":\"https:\/\/www.honeymoon-world.com\/france\/gazebo-pergola-salon-couverture-contemporaine\/#breadcrumb\",\"itemListElement\":[{\"@type\":\"ListItem\",\"position\":1,\"name\":\"Accueil\",\"item\":\"https:\/\/www.honeymoon-world.com\/france\/\"},{\"@type\":\"ListItem\",\"position\":2,\"name\":\"Pergola, Salon couverture contemporaine\"}]},{\"@type\":\"WebSite\",\"@id\":\"https:\/\/www.honeymoon-world.com\/france\/#website\",\"url\":\"https:\/\/www.honeymoon-world.com\/france\/\",\"name\":\"Honeymoon World\",\"description\":\"L&#039;art de vivre en plein air - Gaz\u00e9bo, mobilier d&#039;ext\u00e9rieur, cuisine d&#039;\u00e9t\u00e9\",\"potentialAction\":[{\"@type\":\"SearchAction\",\"target\":{\"@type\":\"EntryPoint\",\"urlTemplate\":\"https:\/\/www.honeymoon-world.com\/france\/?s={search_term_string}\"},\"query-input\":{\"@type\":\"PropertyValueSpecification\",\"valueRequired\":true,\"valueName\":\"search_term_string\"}}],\"inLanguage\":\"fr-FR\"}]}<\/script>\n<!-- \/ Yoast SEO plugin. -->","yoast_head_json":{"title":"Gazebo, pergola, salon avec couverture contemporaine - Honeymoon","description":"D\u00e9couvrez notre collection de pergola, gazebo de luxe, salon d\u2019ext\u00e9rieur en bois avec couverture permanente \u00e9tanche. Honeymoon","robots":{"index":"index","follow":"follow","max-snippet":"max-snippet:-1","max-image-preview":"max-image-preview:large","max-video-preview":"max-video-preview:-1"},"canonical":"https:\/\/www.honeymoon-world.com\/france\/gazebo-pergola-salon-couverture-contemporaine\/","og_locale":"fr_FR","og_type":"article","og_title":"Gazebo, pergola, salon avec couverture contemporaine - Honeymoon","og_description":"D\u00e9couvrez notre collection de pergola, gazebo de luxe, salon d\u2019ext\u00e9rieur en bois avec couverture permanente \u00e9tanche. Honeymoon","og_url":"https:\/\/www.honeymoon-world.com\/france\/gazebo-pergola-salon-couverture-contemporaine\/","og_site_name":"Honeymoon World","article_modified_time":"2021-02-04T15:34:58+00:00","twitter_card":"summary_large_image","twitter_misc":{"Dur\u00e9e de lecture estim\u00e9e":"2 minutes"},"schema":{"@context":"https:\/\/schema.org","@graph":[{"@type":"WebPage","@id":"https:\/\/www.honeymoon-world.com\/france\/gazebo-pergola-salon-couverture-contemporaine\/","url":"https:\/\/www.honeymoon-world.com\/france\/gazebo-pergola-salon-couverture-contemporaine\/","name":"Gazebo, pergola, salon avec couverture contemporaine - Honeymoon","isPartOf":{"@id":"https:\/\/www.honeymoon-world.com\/france\/#website"},"datePublished":"2021-01-08T17:16:58+00:00","dateModified":"2021-02-04T15:34:58+00:00","description":"D\u00e9couvrez notre collection de pergola, gazebo de luxe, salon d\u2019ext\u00e9rieur en bois avec couverture permanente \u00e9tanche. Honeymoon","breadcrumb":{"@id":"https:\/\/www.honeymoon-world.com\/france\/gazebo-pergola-salon-couverture-contemporaine\/#breadcrumb"},"inLanguage":"fr-FR","potentialAction":[{"@type":"ReadAction","target":["https:\/\/www.honeymoon-world.com\/france\/gazebo-pergola-salon-couverture-contemporaine\/"]}]},{"@type":"BreadcrumbList","@id":"https:\/\/www.honeymoon-world.com\/france\/gazebo-pergola-salon-couverture-contemporaine\/#breadcrumb","itemListElement":[{"@type":"ListItem","position":1,"name":"Accueil","item":"https:\/\/www.honeymoon-world.com\/france\/"},{"@type":"ListItem","position":2,"name":"Pergola, Salon couverture contemporaine"}]},{"@type":"WebSite","@id":"https:\/\/www.honeymoon-world.com\/france\/#website","url":"https:\/\/www.honeymoon-world.com\/france\/","name":"Honeymoon World","description":"L&#039;art de vivre en plein air - Gaz\u00e9bo, mobilier d&#039;ext\u00e9rieur, cuisine d&#039;\u00e9t\u00e9","potentialAction":[{"@type":"SearchAction","target":{"@type":"EntryPoint","urlTemplate":"https:\/\/www.honeymoon-world.com\/france\/?s={search_term_string}"},"query-input":{"@type":"PropertyValueSpecification","valueRequired":true,"valueName":"search_term_string"}}],"inLanguage":"fr-FR"}]}},"_links":{"self":[{"href":"https:\/\/www.honeymoon-world.com\/france\/wp-json\/wp\/v2\/pages\/227","targetHints":{"allow":["GET"]}}],"collection":[{"href":"https:\/\/www.honeymoon-world.com\/france\/wp-json\/wp\/v2\/pages"}],"about":[{"href":"https:\/\/www.honeymoon-world.com\/france\/wp-json\/wp\/v2\/types\/page"}],"author":[{"embeddable":true,"href":"https:\/\/www.honeymoon-world.com\/france\/wp-json\/wp\/v2\/users\/1"}],"replies":[{"embeddable":true,"href":"https:\/\/www.honeymoon-world.com\/france\/wp-json\/wp\/v2\/comments?post=227"}],"version-history":[{"count":9,"href":"https:\/\/www.honeymoon-world.com\/france\/wp-json\/wp\/v2\/pages\/227\/revisions"}],"predecessor-version":[{"id":1780,"href":"https:\/\/www.honeymoon-world.com\/france\/wp-json\/wp\/v2\/pages\/227\/revisions\/1780"}],"wp:attachment":[{"href":"https:\/\/www.honeymoon-world.com\/france\/wp-json\/wp\/v2\/media?parent=227"}],"curies":[{"name":"wp","href":"https:\/\/api.w.org\/{rel}","templated":true}]}}