{"id":1629,"date":"2021-02-03T16:30:08","date_gmt":"2021-02-03T15:30:08","guid":{"rendered":"https:\/\/www.honeymoon-world.com\/france\/?page_id=1629"},"modified":"2021-02-03T17:28:22","modified_gmt":"2021-02-03T16:28:22","slug":"kiosque-paillote-pergolas","status":"publish","type":"page","link":"https:\/\/www.honeymoon-world.com\/france\/kiosque-paillote-pergolas\/","title":{"rendered":"Dossier de presse"},"content":{"rendered":"<p>[et_pb_section fb_built=\u00a0\u00bb1&Prime; fullwidth=\u00a0\u00bbon\u00a0\u00bb _builder_version=\u00a0\u00bb4.4.1&Prime; bottom_divider_style=\u00a0\u00bbtriangle\u00a0\u00bb bottom_divider_color=\u00a0\u00bb#ffffff\u00a0\u00bb bottom_divider_height=\u00a0\u00bb41px\u00a0\u00bb][et_pb_fullwidth_header title=\u00a0\u00bbHONEYMOON \u00a0\u00bb subhead=\u00a0\u00bbHONEYMOON est une histoire d\u2019amour Nous avons r\u00eav\u00e9 le d\u00e9but, c\u2019est \u00e0 vous d\u2019imaginer la suite\u2026\u00a0\u00bb background_overlay_color=\u00a0\u00bbrgba(0,0,0,0.22)\u00a0\u00bb _builder_version=\u00a0\u00bb4.4.1&Prime; title_font_size=\u00a0\u00bb60px\u00a0\u00bb background_color=\u00a0\u00bb#4a6c77&Prime; background_enable_image=\u00a0\u00bboff\u00a0\u00bb parallax=\u00a0\u00bbon\u00a0\u00bb custom_padding=\u00a0\u00bb60px||60px||false|false\u00a0\u00bb]<\/p>\n<p>Cr\u00e9ateur de Gazebo, salon de jardin, kiosque, gloriette, far\u00e9, paillote, pool house, cabane en bois, lit de repos, tente, roulotte, pergola, abri de jardin, belv\u00e9d\u00e8re&#8230;<\/p>\n<p>[\/et_pb_fullwidth_header][\/et_pb_section][et_pb_section fb_built=\u00a0\u00bb1&Prime; _builder_version=\u00a0\u00bb4.4.1&Prime; custom_padding=\u00a0\u00bb23px||6px|||\u00a0\u00bb animation_style=\u00a0\u00bbflip\u00a0\u00bb][et_pb_row column_structure=\u00a0\u00bb3_5,2_5&Prime; use_custom_gutter=\u00a0\u00bbon\u00a0\u00bb gutter_width=\u00a0\u00bb2&Prime; _builder_version=\u00a0\u00bb4.4.1&Prime; custom_margin=\u00a0\u00bb|auto|||false|false\u00a0\u00bb custom_padding=\u00a0\u00bb||||false|false\u00a0\u00bb][et_pb_column type=\u00a0\u00bb3_5&Prime; _builder_version=\u00a0\u00bb4.4.1&Prime;][et_pb_text _builder_version=\u00a0\u00bb4.4.1&Prime; text_line_height=\u00a0\u00bb2em\u00a0\u00bb]<\/p>\n<p><strong>L\u2019environnement est le bien collectif le plus cher<\/strong><\/p>\n<p>Depuis plusieurs d\u00e9cennies, le mod\u00e8le dominant est celui du consum\u00e9risme\u00a0: l\u2019homme souhaite poss\u00e9der et accumuler\u2026<br \/> Notre entr\u00e9e dans le 3\u00e8me mill\u00e9naire, s\u2019accompagne de crises d\u00e9sormais plan\u00e9taires\u2026 L\u2019Homme doit prendre conscience de sa responsabilit\u00e9 environnementale.<br \/> A la mesure de chacun, nous pouvons tous faire quelque chose pour la plan\u00e8te\u00a0: nous sommes des milliards et chaque geste compte pour sauver les \u00e9quilibres de la Terre. Notre plan\u00e8te nous a tout offert, et la poursuite de notre d\u00e9veloppement ne peut plus s\u2019envisager sans un engagement durable.<\/p>\n<p><strong><\/strong><\/p>\n<p><strong>La nature est une source de bien-\u00eatre<\/strong><\/p>\n<p>Nous avons tous conscience que la nature, m\u00eame domestiqu\u00e9e, est un compl\u00e9ment important pour l\u2019\u00e9quilibre de la vie de l\u2019Homme moderne\u00a0: elle permet de se ressourcer. Si nous savons la pr\u00e9server, elle reste une source in\u00e9puisable de vie et d\u2019\u00e9nergies positives\u2026<br \/> L\u2019attrait vers les espaces naturels est d\u00e9finitivement inscrit dans notre conscience.<br \/> M\u00eame si ce n\u2019est pas totalement nouveau, l\u2019envie de profiter de la nature est une tendance forte et heureuse de notre \u00e9poque. L\u2019art du jardin est tr\u00e8s ancien et notre soci\u00e9t\u00e9 red\u00e9couvre avec raison les bienfaits de cette proximit\u00e9 \u00e0 la nature\u2026<\/p>\n<p>[\/et_pb_text][\/et_pb_column][et_pb_column type=\u00a0\u00bb2_5&Prime; _builder_version=\u00a0\u00bb4.4.1&Prime;][et_pb_image src=\u00a0\u00bbhttps:\/\/www.honeymoon-world.com\/france\/wp-content\/uploads\/2021\/02\/DSC_4949.jpg\u00a0\u00bb _builder_version=\u00a0\u00bb4.4.1&Prime;][\/et_pb_image][\/et_pb_column][\/et_pb_row][et_pb_row column_structure=\u00a0\u00bb2_5,3_5&Prime; _builder_version=\u00a0\u00bb4.4.1&Prime;][et_pb_column type=\u00a0\u00bb2_5&Prime; _builder_version=\u00a0\u00bb4.4.1&Prime;][et_pb_image src=\u00a0\u00bbhttps:\/\/www.honeymoon-world.com\/france\/wp-content\/uploads\/2021\/02\/HONEYMOON-Brochure-39.jpg\u00a0\u00bb _builder_version=\u00a0\u00bb4.4.1&Prime;][\/et_pb_image][\/et_pb_column][et_pb_column type=\u00a0\u00bb3_5&Prime; _builder_version=\u00a0\u00bb4.4.1&Prime;][et_pb_text _builder_version=\u00a0\u00bb4.4.1&Prime; text_line_height=\u00a0\u00bb2em\u00a0\u00bb]<\/p>\n<p><strong>L\u2019art de vivre en ext\u00e9rieur<\/strong><\/p>\n<p>Apr\u00e8s la d\u00e9coration int\u00e9rieure, qui permet de cr\u00e9er les meilleures conditions pour le bien \u00eatre, les ext\u00e9rieurs sont maintenant des espaces qu\u2019il faut reconqu\u00e9rir pour pouvoir se reposer, se ressourcer et contempler.<\/p>\n<p>La cr\u00e9ativit\u00e9 des acteurs du secteur permet de voir chaque ann\u00e9e de nouveaux produits, offrant de nouvelles possibilit\u00e9s pour se rapprocher de la nature. Les mobiliers r\u00e9sistent aux conditions ext\u00e9rieures, de nouveaux mat\u00e9riaux font leur apparition, des d\u00e9clinaisons contemporaines \u00e9largissent les possibilit\u00e9s.<\/p>\n<p>Des produits qui sont esth\u00e9tiques, durables et fonctionnels permettent de r\u00e9pondre \u00e0 ces nouveaux besoins&#8230;<br \/> Les paysagistes, les d\u00e9corateurs, les architectes invitent \u00e0 concevoir de vrais espaces de vie en ext\u00e9rieur. La contemplation laisse place \u00e0 l\u2019immersion dans une parenth\u00e8se de nature.<br \/> Les ext\u00e9rieurs sont maintenant des espaces de vie d\u00e9terminants pour notre bien-\u00eatre, les professionnels le savent et sont en mesure d\u2019apporter ce plus \u00e0 nos contemporains.<\/p>\n<p>[\/et_pb_text][\/et_pb_column][\/et_pb_row][\/et_pb_section][et_pb_section fb_built=\u00a0\u00bb1&Prime; _builder_version=\u00a0\u00bb4.4.1&Prime; custom_padding=\u00a0\u00bb23px|||||\u00a0\u00bb animation_style=\u00a0\u00bbflip\u00a0\u00bb][et_pb_row column_structure=\u00a0\u00bb2_3,1_3&Prime; use_custom_gutter=\u00a0\u00bbon\u00a0\u00bb gutter_width=\u00a0\u00bb2&Prime; _builder_version=\u00a0\u00bb4.4.1&Prime; custom_margin=\u00a0\u00bb|auto|||false|false\u00a0\u00bb custom_padding=\u00a0\u00bb30px||||false|false\u00a0\u00bb][et_pb_column type=\u00a0\u00bb2_3&Prime; _builder_version=\u00a0\u00bb4.4.1&Prime;][et_pb_text _builder_version=\u00a0\u00bb4.4.1&Prime; text_line_height=\u00a0\u00bb2em\u00a0\u00bb]<\/p>\n<p><strong>Nouveaux espaces de vie<\/strong><\/p>\n<p>Au-del\u00e0 de la terrasse, et de sa tonnelle adoss\u00e9e \u00e0 l\u2019habitat, les possibilit\u00e9s sont nombreuses\u00a0:<br \/> Ces concepts se d\u00e9clinent dans une grande vari\u00e9t\u00e9 de nom et d\u2019usage\u2026 <strong>kiosque, gloriette, far\u00e9, paillote, pool house, cabane, lit de repos, tente, roulotte, pergola, abri de jardin.<\/strong><\/p>\n<p>La marque Honeymoon est une pionni\u00e8re, elle s\u2019est attach\u00e9e avec son design particulier \u00e0 concevoir des meubles durables et confortables qu\u2019une habitation pour l\u2019ext\u00e9rieur.<br \/> Ces d\u00e9clinaisons plus actuelles de kiosque ou gloriette d\u2019antan s\u2019inspirent des voyages et globalisent l\u2019art de vivre\u2026 nous assimilons \u00e9galement un certain art de vivre proche de la nature et int\u00e9gr\u00e9s dans nos environnements.<\/p>\n<p>Gr\u00e2ce aux techniques traditionnelle, des mat\u00e9riaux naturels et tr\u00e8s haut de gamme, et avec des designs plus contemporains, nous avons la possibilit\u00e9 de profiter confortablement des bienfaits de la vie en ext\u00e9rieur. Tous ces <a href=\"https:\/\/www.honeymoon-world.com\/france\/gazebo-pergola-salon-avec-couverture\/\">gaz\u00e9bos<\/a>, far\u00e9, paillottes, pergolas\u2026 sont destin\u00e9s \u00e0 nous faire profiter de l\u2019harmonie cr\u00e9e dans les jardins.<br \/> Ainsi la proximit\u00e9 de ces pi\u00e8ces de repos, de convivialit\u00e9 avec les panoramas, les jardins et les piscines, permettent de se rapprocher confortablement de la nature.<\/p>\n<p>[\/et_pb_text][\/et_pb_column][et_pb_column type=\u00a0\u00bb1_3&Prime; _builder_version=\u00a0\u00bb4.4.1&Prime;][et_pb_image src=\u00a0\u00bbhttps:\/\/www.honeymoon-world.com\/france\/wp-content\/uploads\/2021\/02\/web-IMG_1779.jpg\u00a0\u00bb _builder_version=\u00a0\u00bb4.4.1&Prime;][\/et_pb_image][\/et_pb_column][\/et_pb_row][et_pb_row column_structure=\u00a0\u00bb2_5,3_5&Prime; _builder_version=\u00a0\u00bb4.4.1&Prime;][et_pb_column type=\u00a0\u00bb2_5&Prime; _builder_version=\u00a0\u00bb4.4.1&Prime;][et_pb_image src=\u00a0\u00bbhttps:\/\/www.honeymoon-world.com\/france\/wp-content\/uploads\/2021\/02\/Sunrise-FP04.jpg\u00a0\u00bb _builder_version=\u00a0\u00bb4.4.1&Prime;][\/et_pb_image][\/et_pb_column][et_pb_column type=\u00a0\u00bb3_5&Prime; _builder_version=\u00a0\u00bb4.4.1&Prime;][et_pb_text _builder_version=\u00a0\u00bb4.4.1&Prime; text_line_height=\u00a0\u00bb2em\u00a0\u00bb]<\/p>\n<p><strong>Honeymoon\u00a0: une d\u00e9marche authentique<\/strong><\/p>\n<p>Pour son fondateur, le designer S\u00e9bastien Coste, <a href=\"https:\/\/www.honeymoon-world.com\/france\/lhistoire-dhoneymoon\/\">HONEYMOON<\/a> est avant tout une histoire d\u2019amour. Tous les produits synth\u00e9tisent de nombreuses ann\u00e9es de voyages et de recherches autour de l\u2019art de vivre en ext\u00e9rieur, autour des savoir-faire et de la passion des artisans, de l\u2019amour des mat\u00e9riaux nobles et du design.<\/p>\n<p>Depuis 2000, HONEYMOON offre des solutions confortables, fonctionnelles et esth\u00e9tiques pour la cr\u00e9ation de ces nouveaux espaces de vie en ext\u00e9rieur. Gaz\u00e9bo, kiosque, gloriette, paillote, <a href=\"https:\/\/www.honeymoon-world.com\/france\/lits-dexterieur\/\">daybed<\/a>\u2026 autant de termes qui d\u00e9signent aujourd\u2019hui des structures couvertes qui permettent de cr\u00e9er des pi\u00e8ces \u00e0 vivre sur une terrasse, autour d\u2019une piscine, dans un jardin.<br \/> Au-del\u00e0 des effets de mode, S\u00e9bastien Coste s\u2019attache \u00e0 cr\u00e9er et \u00e0 d\u00e9velopper des produits de qualit\u00e9, confortables, fonctionnels, durables, avec un design authentique.<\/p>\n<p>[\/et_pb_text][\/et_pb_column][\/et_pb_row][et_pb_row _builder_version=\u00a0\u00bb4.4.1&Prime;][et_pb_column _builder_version=\u00a0\u00bb4.4.1&Prime; type=\u00a0\u00bb4_4&Prime;][et_pb_social_media_follow url_new_window=\u00a0\u00bboff\u00a0\u00bb _builder_version=\u00a0\u00bb4.4.1&Prime; text_orientation=\u00a0\u00bbright\u00a0\u00bb][et_pb_social_media_follow_network social_network=\u00a0\u00bbfacebook\u00a0\u00bb url=\u00a0\u00bbhttps:\/\/www.facebook.com\/honeymoongazebo\/\u00a0\u00bb _builder_version=\u00a0\u00bb4.4.1&Prime; background_color=\u00a0\u00bb#3b5998&Prime; follow_button=\u00a0\u00bboff\u00a0\u00bb url_new_window=\u00a0\u00bboff\u00a0\u00bb]facebook[\/et_pb_social_media_follow_network][et_pb_social_media_follow_network social_network=\u00a0\u00bbinstagram\u00a0\u00bb url=\u00a0\u00bbhttps:\/\/www.instagram.com\/honeymoongazebos\/\u00a0\u00bb _builder_version=\u00a0\u00bb4.4.1&Prime; background_color=\u00a0\u00bb#ea2c59&Prime; follow_button=\u00a0\u00bboff\u00a0\u00bb url_new_window=\u00a0\u00bboff\u00a0\u00bb]instagram[\/et_pb_social_media_follow_network][\/et_pb_social_media_follow][\/et_pb_column][\/et_pb_row][\/et_pb_section]<\/p>\n","protected":false},"excerpt":{"rendered":"<p>[et_pb_section fb_built=\u00a0\u00bb1&Prime; fullwidth=\u00a0\u00bbon\u00a0\u00bb _builder_version=\u00a0\u00bb4.4.1&Prime; bottom_divider_style=\u00a0\u00bbtriangle\u00a0\u00bb bottom_divider_color=\u00a0\u00bb#ffffff\u00a0\u00bb bottom_divider_height=\u00a0\u00bb41px\u00a0\u00bb][et_pb_fullwidth_header title=\u00a0\u00bbHONEYMOON \u00a0\u00bb subhead=\u00a0\u00bbHONEYMOON est une histoire d\u2019amour Nous avons r\u00eav\u00e9 le d\u00e9but, c\u2019est \u00e0 vous d\u2019imaginer la suite\u2026\u00a0\u00bb background_overlay_color=\u00a0\u00bbrgba(0,0,0,0.22)\u00a0\u00bb _builder_version=\u00a0\u00bb4.4.1&Prime; title_font_size=\u00a0\u00bb60px\u00a0\u00bb background_color=\u00a0\u00bb#4a6c77&Prime; background_enable_image=\u00a0\u00bboff\u00a0\u00bb parallax=\u00a0\u00bbon\u00a0\u00bb custom_padding=\u00a0\u00bb60px||60px||false|false\u00a0\u00bb] Cr\u00e9ateur de Gazebo, salon de jardin, kiosque, gloriette, far\u00e9, paillote, pool house, cabane en bois, lit de repos, tente, roulotte, pergola, abri de [&hellip;]<\/p>\n","protected":false},"author":1,"featured_media":0,"parent":0,"menu_order":0,"comment_status":"closed","ping_status":"closed","template":"","meta":{"_et_pb_use_builder":"on","_et_pb_old_content":"","_et_gb_content_width":"","footnotes":""},"class_list":["post-1629","page","type-page","status-publish","hentry"],"yoast_head":"<!-- This site is optimized with the Yoast SEO plugin v25.1 - https:\/\/yoast.com\/wordpress\/plugins\/seo\/ -->\n<title>kiosque, paillote, pool house, cabane, roulotte, pergola, abri de jardin<\/title>\n<meta name=\"description\" content=\"kiosque, gloriette, far\u00e9, paillote, pool house, cabane en bois, lit de repos, tente, roulotte, pergola, abri de jardin, belv\u00e9d\u00e8re.\" \/>\n<meta name=\"robots\" content=\"index, follow, max-snippet:-1, max-image-preview:large, max-video-preview:-1\" \/>\n<link rel=\"canonical\" href=\"https:\/\/www.honeymoon-world.com\/france\/kiosque-paillote-pergolas\/\" \/>\n<meta property=\"og:locale\" content=\"fr_FR\" \/>\n<meta property=\"og:type\" content=\"article\" \/>\n<meta property=\"og:title\" content=\"kiosque, paillote, pool house, cabane, roulotte, pergola, abri de jardin\" \/>\n<meta property=\"og:description\" content=\"kiosque, gloriette, far\u00e9, paillote, pool house, cabane en bois, lit de repos, tente, roulotte, pergola, abri de jardin, belv\u00e9d\u00e8re.\" \/>\n<meta property=\"og:url\" content=\"https:\/\/www.honeymoon-world.com\/france\/kiosque-paillote-pergolas\/\" \/>\n<meta property=\"og:site_name\" content=\"Honeymoon World\" \/>\n<meta property=\"article:modified_time\" content=\"2021-02-03T16:28:22+00:00\" \/>\n<meta name=\"twitter:card\" content=\"summary_large_image\" \/>\n<meta name=\"twitter:label1\" content=\"Dur\u00e9e de lecture estim\u00e9e\" \/>\n\t<meta name=\"twitter:data1\" content=\"6 minutes\" \/>\n<script type=\"application\/ld+json\" class=\"yoast-schema-graph\">{\"@context\":\"https:\/\/schema.org\",\"@graph\":[{\"@type\":\"WebPage\",\"@id\":\"https:\/\/www.honeymoon-world.com\/france\/kiosque-paillote-pergolas\/\",\"url\":\"https:\/\/www.honeymoon-world.com\/france\/kiosque-paillote-pergolas\/\",\"name\":\"kiosque, paillote, pool house, cabane, roulotte, pergola, abri de jardin\",\"isPartOf\":{\"@id\":\"https:\/\/www.honeymoon-world.com\/france\/#website\"},\"datePublished\":\"2021-02-03T15:30:08+00:00\",\"dateModified\":\"2021-02-03T16:28:22+00:00\",\"description\":\"kiosque, gloriette, far\u00e9, paillote, pool house, cabane en bois, lit de repos, tente, roulotte, pergola, abri de jardin, belv\u00e9d\u00e8re.\",\"breadcrumb\":{\"@id\":\"https:\/\/www.honeymoon-world.com\/france\/kiosque-paillote-pergolas\/#breadcrumb\"},\"inLanguage\":\"fr-FR\",\"potentialAction\":[{\"@type\":\"ReadAction\",\"target\":[\"https:\/\/www.honeymoon-world.com\/france\/kiosque-paillote-pergolas\/\"]}]},{\"@type\":\"BreadcrumbList\",\"@id\":\"https:\/\/www.honeymoon-world.com\/france\/kiosque-paillote-pergolas\/#breadcrumb\",\"itemListElement\":[{\"@type\":\"ListItem\",\"position\":1,\"name\":\"Accueil\",\"item\":\"https:\/\/www.honeymoon-world.com\/france\/\"},{\"@type\":\"ListItem\",\"position\":2,\"name\":\"Dossier de presse\"}]},{\"@type\":\"WebSite\",\"@id\":\"https:\/\/www.honeymoon-world.com\/france\/#website\",\"url\":\"https:\/\/www.honeymoon-world.com\/france\/\",\"name\":\"Honeymoon World\",\"description\":\"L&#039;art de vivre en plein air - Gaz\u00e9bo, mobilier d&#039;ext\u00e9rieur, cuisine d&#039;\u00e9t\u00e9\",\"potentialAction\":[{\"@type\":\"SearchAction\",\"target\":{\"@type\":\"EntryPoint\",\"urlTemplate\":\"https:\/\/www.honeymoon-world.com\/france\/?s={search_term_string}\"},\"query-input\":{\"@type\":\"PropertyValueSpecification\",\"valueRequired\":true,\"valueName\":\"search_term_string\"}}],\"inLanguage\":\"fr-FR\"}]}<\/script>\n<!-- \/ Yoast SEO plugin. -->","yoast_head_json":{"title":"kiosque, paillote, pool house, cabane, roulotte, pergola, abri de jardin","description":"kiosque, gloriette, far\u00e9, paillote, pool house, cabane en bois, lit de repos, tente, roulotte, pergola, abri de jardin, belv\u00e9d\u00e8re.","robots":{"index":"index","follow":"follow","max-snippet":"max-snippet:-1","max-image-preview":"max-image-preview:large","max-video-preview":"max-video-preview:-1"},"canonical":"https:\/\/www.honeymoon-world.com\/france\/kiosque-paillote-pergolas\/","og_locale":"fr_FR","og_type":"article","og_title":"kiosque, paillote, pool house, cabane, roulotte, pergola, abri de jardin","og_description":"kiosque, gloriette, far\u00e9, paillote, pool house, cabane en bois, lit de repos, tente, roulotte, pergola, abri de jardin, belv\u00e9d\u00e8re.","og_url":"https:\/\/www.honeymoon-world.com\/france\/kiosque-paillote-pergolas\/","og_site_name":"Honeymoon World","article_modified_time":"2021-02-03T16:28:22+00:00","twitter_card":"summary_large_image","twitter_misc":{"Dur\u00e9e de lecture estim\u00e9e":"6 minutes"},"schema":{"@context":"https:\/\/schema.org","@graph":[{"@type":"WebPage","@id":"https:\/\/www.honeymoon-world.com\/france\/kiosque-paillote-pergolas\/","url":"https:\/\/www.honeymoon-world.com\/france\/kiosque-paillote-pergolas\/","name":"kiosque, paillote, pool house, cabane, roulotte, pergola, abri de jardin","isPartOf":{"@id":"https:\/\/www.honeymoon-world.com\/france\/#website"},"datePublished":"2021-02-03T15:30:08+00:00","dateModified":"2021-02-03T16:28:22+00:00","description":"kiosque, gloriette, far\u00e9, paillote, pool house, cabane en bois, lit de repos, tente, roulotte, pergola, abri de jardin, belv\u00e9d\u00e8re.","breadcrumb":{"@id":"https:\/\/www.honeymoon-world.com\/france\/kiosque-paillote-pergolas\/#breadcrumb"},"inLanguage":"fr-FR","potentialAction":[{"@type":"ReadAction","target":["https:\/\/www.honeymoon-world.com\/france\/kiosque-paillote-pergolas\/"]}]},{"@type":"BreadcrumbList","@id":"https:\/\/www.honeymoon-world.com\/france\/kiosque-paillote-pergolas\/#breadcrumb","itemListElement":[{"@type":"ListItem","position":1,"name":"Accueil","item":"https:\/\/www.honeymoon-world.com\/france\/"},{"@type":"ListItem","position":2,"name":"Dossier de presse"}]},{"@type":"WebSite","@id":"https:\/\/www.honeymoon-world.com\/france\/#website","url":"https:\/\/www.honeymoon-world.com\/france\/","name":"Honeymoon World","description":"L&#039;art de vivre en plein air - Gaz\u00e9bo, mobilier d&#039;ext\u00e9rieur, cuisine d&#039;\u00e9t\u00e9","potentialAction":[{"@type":"SearchAction","target":{"@type":"EntryPoint","urlTemplate":"https:\/\/www.honeymoon-world.com\/france\/?s={search_term_string}"},"query-input":{"@type":"PropertyValueSpecification","valueRequired":true,"valueName":"search_term_string"}}],"inLanguage":"fr-FR"}]}},"_links":{"self":[{"href":"https:\/\/www.honeymoon-world.com\/france\/wp-json\/wp\/v2\/pages\/1629","targetHints":{"allow":["GET"]}}],"collection":[{"href":"https:\/\/www.honeymoon-world.com\/france\/wp-json\/wp\/v2\/pages"}],"about":[{"href":"https:\/\/www.honeymoon-world.com\/france\/wp-json\/wp\/v2\/types\/page"}],"author":[{"embeddable":true,"href":"https:\/\/www.honeymoon-world.com\/france\/wp-json\/wp\/v2\/users\/1"}],"replies":[{"embeddable":true,"href":"https:\/\/www.honeymoon-world.com\/france\/wp-json\/wp\/v2\/comments?post=1629"}],"version-history":[{"count":14,"href":"https:\/\/www.honeymoon-world.com\/france\/wp-json\/wp\/v2\/pages\/1629\/revisions"}],"predecessor-version":[{"id":1661,"href":"https:\/\/www.honeymoon-world.com\/france\/wp-json\/wp\/v2\/pages\/1629\/revisions\/1661"}],"wp:attachment":[{"href":"https:\/\/www.honeymoon-world.com\/france\/wp-json\/wp\/v2\/media?parent=1629"}],"curies":[{"name":"wp","href":"https:\/\/api.w.org\/{rel}","templated":true}]}}