{"id":1505,"date":"2021-01-28T17:07:34","date_gmt":"2021-01-28T16:07:34","guid":{"rendered":"https:\/\/www.honeymoon-world.com\/france\/?page_id=1505"},"modified":"2021-02-08T14:23:40","modified_gmt":"2021-02-08T13:23:40","slug":"couvertures","status":"publish","type":"page","link":"https:\/\/www.honeymoon-world.com\/france\/couvertures\/","title":{"rendered":"Couvertures"},"content":{"rendered":"<p>[et_pb_section fb_built=\u00a0\u00bb1&Prime; fullwidth=\u00a0\u00bbon\u00a0\u00bb _builder_version=\u00a0\u00bb4.4.1&Prime; bottom_divider_style=\u00a0\u00bbtriangle\u00a0\u00bb bottom_divider_color=\u00a0\u00bb#ffffff\u00a0\u00bb bottom_divider_height=\u00a0\u00bb41px\u00a0\u00bb][et_pb_fullwidth_header title=\u00a0\u00bbCouvertures\u00a0\u00bb subhead=\u00a0\u00bbM\u00e9diterran\u00e9ennes ou traditionnelles\u00a0\u00bb background_overlay_color=\u00a0\u00bbrgba(0,0,0,0.22)\u00a0\u00bb title_tablet=\u00a0\u00bbCouvertures\u00a0\u00bb title_phone=\u00a0\u00bbCouvertures\u00a0\u00bb title_last_edited=\u00a0\u00bbon|tablet\u00a0\u00bb _builder_version=\u00a0\u00bb4.4.1&Prime; title_font_size=\u00a0\u00bb60px\u00a0\u00bb background_color=\u00a0\u00bb#4a6c77&Prime; custom_padding=\u00a0\u00bb60px||60px||false|false\u00a0\u00bb hover_enabled=\u00a0\u00bb0&Prime; title_font_size_tablet=\u00a0\u00bb\u00a0\u00bb title_font_size_phone=\u00a0\u00bb50px\u00a0\u00bb title_font_size_last_edited=\u00a0\u00bbon|phone\u00a0\u00bb background_image=\u00a0\u00bbhttps:\/\/www.honeymoon-world.com\/france\/wp-content\/uploads\/2021\/02\/Fond-sous-face-scaled.jpg\u00a0\u00bb][\/et_pb_fullwidth_header][\/et_pb_section][et_pb_section fb_built=\u00a0\u00bb1&Prime; _builder_version=\u00a0\u00bb4.4.1&Prime; custom_padding=\u00a0\u00bb31px||16px|||\u00a0\u00bb animation_style=\u00a0\u00bbflip\u00a0\u00bb][et_pb_row _builder_version=\u00a0\u00bb4.4.1&Prime; custom_margin=\u00a0\u00bb-20px|auto||auto||\u00a0\u00bb custom_padding=\u00a0\u00bb||42px|||\u00a0\u00bb][et_pb_column type=\u00a0\u00bb4_4&Prime; _builder_version=\u00a0\u00bb4.4.1&Prime;][et_pb_text _builder_version=\u00a0\u00bb4.4.1&Prime; text_font=\u00a0\u00bbAbel||||||||\u00a0\u00bb text_font_size=\u00a0\u00bb40px\u00a0\u00bb custom_margin=\u00a0\u00bb||-1px|||\u00a0\u00bb text_font_size_tablet=\u00a0\u00bb\u00a0\u00bb text_font_size_phone=\u00a0\u00bb25px\u00a0\u00bb text_font_size_last_edited=\u00a0\u00bbon|phone\u00a0\u00bb]<\/p>\n<p>Toit m\u00e9diterran\u00e9en<strong><br \/> <\/strong><\/p>\n<p>[\/et_pb_text][\/et_pb_column][\/et_pb_row][et_pb_row _builder_version=\u00a0\u00bb4.4.1&Prime;][et_pb_column type=\u00a0\u00bb4_4&Prime; _builder_version=\u00a0\u00bb4.4.1&Prime;][et_pb_image src=\u00a0\u00bbhttps:\/\/www.honeymoon-world.com\/france\/wp-content\/uploads\/2021\/01\/couverture-mediterr.jpg\u00a0\u00bb _builder_version=\u00a0\u00bb4.4.1&Prime;][\/et_pb_image][\/et_pb_column][\/et_pb_row][et_pb_row column_structure=\u00a0\u00bb1_2,1_2&Prime; use_custom_gutter=\u00a0\u00bbon\u00a0\u00bb gutter_width=\u00a0\u00bb2&Prime; _builder_version=\u00a0\u00bb4.4.1&Prime; custom_margin=\u00a0\u00bb||||false|false\u00a0\u00bb custom_padding=\u00a0\u00bb||||false|false\u00a0\u00bb][et_pb_column type=\u00a0\u00bb1_2&Prime; _builder_version=\u00a0\u00bb4.4.1&Prime;][et_pb_image src=\u00a0\u00bbhttps:\/\/www.honeymoon-world.com\/france\/wp-content\/uploads\/2021\/01\/Sunset-FP03.jpg\u00a0\u00bb _builder_version=\u00a0\u00bb4.4.1&Prime; custom_padding=\u00a0\u00bb|||0px||\u00a0\u00bb][\/et_pb_image][\/et_pb_column][et_pb_column type=\u00a0\u00bb1_2&Prime; _builder_version=\u00a0\u00bb4.4.1&Prime;][et_pb_text _builder_version=\u00a0\u00bb4.4.1&Prime; text_line_height=\u00a0\u00bb2em\u00a0\u00bb]<\/p>\n<p>Nos couvertures dites \u201cM\u00e9diterran\u00e9ennes\u201d, ont une grande amplitude ce qui leur permet d\u2019offrir un confort exceptionnel\u00a0: les espaces int\u00e9rieurs sont prot\u00e9g\u00e9s du soleil pendant une grande partie de la journ\u00e9e et prot\u00e9g\u00e9s de l\u2019humidit\u00e9 en soir\u00e9e\u2026 l\u2019espace devient aussi confortable qu\u2019\u00e0 l\u2019int\u00e9rieur.<\/p>\n<p>Nos charpentes facilitent la circulation de l\u2019air et permettent d\u2019offrir du confort et \u00e9galement une grande r\u00e9sistance aux vents.<\/p>\n<p>Nous utilisons depuis quelques ann\u00e9es des b\u00e2ches en PVC qui poss\u00e8dent les qualit\u00e9s m\u00e9caniques qui r\u00e9pondent \u00e0 nos crit\u00e8res de r\u00e9sistance et de qualit\u00e9. Grace \u00e0 leurs assemblages, elles r\u00e9sistent parfaitement aux vents au-del\u00e0 de 100 km\/h. Par ailleurs leur entretien est grandement facilit\u00e9 ce qui leur permettra d\u2019avoir une esp\u00e9rance de l\u2019ordre de 10 ans.<\/p>\n<p>En cas de temp\u00eates exceptionnelles, elles seront d\u00e9mont\u00e9es\u00a0: ce d\u00e9montage s\u2019effectue assez facilement en moins de 30 minutes.<\/p>\n<p>[\/et_pb_text][\/et_pb_column][\/et_pb_row][et_pb_row column_structure=\u00a0\u00bb1_3,1_3,1_3&Prime; use_custom_gutter=\u00a0\u00bbon\u00a0\u00bb gutter_width=\u00a0\u00bb2&Prime; _builder_version=\u00a0\u00bb4.4.1&Prime;][et_pb_column type=\u00a0\u00bb1_3&Prime; _builder_version=\u00a0\u00bb4.4.1&Prime;][et_pb_image src=\u00a0\u00bbhttps:\/\/www.honeymoon-world.com\/france\/wp-content\/uploads\/2021\/01\/Sunrise-FP06.jpg\u00a0\u00bb _builder_version=\u00a0\u00bb4.4.1&Prime;][\/et_pb_image][\/et_pb_column][et_pb_column type=\u00a0\u00bb1_3&Prime; _builder_version=\u00a0\u00bb4.4.1&Prime;][et_pb_image src=\u00a0\u00bbhttps:\/\/www.honeymoon-world.com\/france\/wp-content\/uploads\/2021\/01\/Thunderbird-FP04.jpg\u00a0\u00bb _builder_version=\u00a0\u00bb4.4.1&Prime;][\/et_pb_image][\/et_pb_column][et_pb_column type=\u00a0\u00bb1_3&Prime; _builder_version=\u00a0\u00bb4.4.1&Prime;][et_pb_image src=\u00a0\u00bbhttps:\/\/www.honeymoon-world.com\/france\/wp-content\/uploads\/2021\/01\/HEARTBREAKER-FP04.jpg\u00a0\u00bb _builder_version=\u00a0\u00bb4.4.1&Prime;][\/et_pb_image][\/et_pb_column][\/et_pb_row][\/et_pb_section][et_pb_section fb_built=\u00a0\u00bb1&Prime; _builder_version=\u00a0\u00bb4.4.1&Prime; custom_padding=\u00a0\u00bb31px||16px|||\u00a0\u00bb animation_style=\u00a0\u00bbflip\u00a0\u00bb][et_pb_row _builder_version=\u00a0\u00bb4.4.1&Prime; custom_margin=\u00a0\u00bb-20px|auto||auto||\u00a0\u00bb custom_padding=\u00a0\u00bb||42px|||\u00a0\u00bb][et_pb_column type=\u00a0\u00bb4_4&Prime; _builder_version=\u00a0\u00bb4.4.1&Prime;][et_pb_text _builder_version=\u00a0\u00bb4.4.1&Prime; text_font=\u00a0\u00bbAbel||||||||\u00a0\u00bb text_font_size=\u00a0\u00bb40px\u00a0\u00bb custom_margin=\u00a0\u00bb||-1px|||\u00a0\u00bb text_font_size_tablet=\u00a0\u00bb\u00a0\u00bb text_font_size_phone=\u00a0\u00bb25px\u00a0\u00bb text_font_size_last_edited=\u00a0\u00bbon|phone\u00a0\u00bb]<\/p>\n<p>Toit traditionnel<strong><br \/> <\/strong><\/p>\n<p>[\/et_pb_text][\/et_pb_column][\/et_pb_row][et_pb_row _builder_version=\u00a0\u00bb4.4.1&Prime;][et_pb_column type=\u00a0\u00bb4_4&Prime; _builder_version=\u00a0\u00bb4.4.1&Prime;][et_pb_image src=\u00a0\u00bbhttps:\/\/www.honeymoon-world.com\/france\/wp-content\/uploads\/2021\/01\/couverture-trad.jpg\u00a0\u00bb _builder_version=\u00a0\u00bb4.4.1&Prime;][\/et_pb_image][\/et_pb_column][\/et_pb_row][et_pb_row column_structure=\u00a0\u00bb1_2,1_2&Prime; use_custom_gutter=\u00a0\u00bbon\u00a0\u00bb gutter_width=\u00a0\u00bb2&Prime; _builder_version=\u00a0\u00bb4.4.1&Prime; custom_margin=\u00a0\u00bb||||false|false\u00a0\u00bb custom_padding=\u00a0\u00bb||||false|false\u00a0\u00bb][et_pb_column type=\u00a0\u00bb1_2&Prime; _builder_version=\u00a0\u00bb4.4.1&Prime;][et_pb_image src=\u00a0\u00bbhttps:\/\/www.honeymoon-world.com\/france\/wp-content\/uploads\/2021\/01\/Kingdom-FP06.jpg\u00a0\u00bb _builder_version=\u00a0\u00bb4.4.1&Prime; custom_padding=\u00a0\u00bb|||0px||\u00a0\u00bb][\/et_pb_image][\/et_pb_column][et_pb_column type=\u00a0\u00bb1_2&Prime; _builder_version=\u00a0\u00bb4.4.1&Prime;][et_pb_text _builder_version=\u00a0\u00bb4.4.1&Prime; text_line_height=\u00a0\u00bb2em\u00a0\u00bb]<\/p>\n<p>Nos couvertures traditionnelles n\u00e9cessitent une pente plus importante pour \u00eatre parfaitement durables. Ainsi, les charpentes sont sp\u00e9cifiques et adapt\u00e9es \u00e0 la pose sur le site final.<\/p>\n<p>Pour un style tropical, vous pourrez faire installer\u00a0:<br \/> \u2022 de la chaume naturelle en pose traditionnelle,<br \/> \u2022 de la chaume naturelle en pose d\u00e9corative (rouleaux),<br \/> \u2022 de l\u2019alang-alang naturelle (panneaux),<br \/> \u2022 de la palme synth\u00e9tique (Palmex\u00ae)<\/p>\n<p>Pour un style classique, une charpente sp\u00e9cifique avec des sous-faces en teck pourra \u00eatre con\u00e7ue pour une finition en bardeaux de bois (m\u00e9l\u00e8ze, c\u00e8dre rouge, \u00e9pic\u00e9a).<br \/> Ces types de couverture sont \u00e9tanches et ont de bonnes qualit\u00e9 d\u2018isolation thermique et phonique. Leur dur\u00e9e de vie peut aller jusqu\u2019\u00e0 30 ans notamment pour le roseau de Camargue.<\/p>\n<p>[\/et_pb_text][\/et_pb_column][\/et_pb_row][et_pb_row column_structure=\u00a0\u00bb1_3,1_3,1_3&Prime; use_custom_gutter=\u00a0\u00bbon\u00a0\u00bb gutter_width=\u00a0\u00bb2&Prime; _builder_version=\u00a0\u00bb4.4.1&Prime;][et_pb_column type=\u00a0\u00bb1_3&Prime; _builder_version=\u00a0\u00bb4.4.1&Prime;][et_pb_image src=\u00a0\u00bbhttps:\/\/www.honeymoon-world.com\/france\/wp-content\/uploads\/2021\/01\/Savana-FP02-1.jpg\u00a0\u00bb _builder_version=\u00a0\u00bb4.4.1&Prime;][\/et_pb_image][\/et_pb_column][et_pb_column type=\u00a0\u00bb1_3&Prime; _builder_version=\u00a0\u00bb4.4.1&Prime;][et_pb_image src=\u00a0\u00bbhttps:\/\/www.honeymoon-world.com\/france\/wp-content\/uploads\/2021\/01\/Savana-FP04-1.jpg\u00a0\u00bb _builder_version=\u00a0\u00bb4.4.1&Prime;][\/et_pb_image][\/et_pb_column][et_pb_column type=\u00a0\u00bb1_3&Prime; _builder_version=\u00a0\u00bb4.4.1&Prime;][et_pb_image src=\u00a0\u00bbhttps:\/\/www.honeymoon-world.com\/france\/wp-content\/uploads\/2021\/01\/Savana-FP06-1.jpg\u00a0\u00bb _builder_version=\u00a0\u00bb4.4.1&Prime;][\/et_pb_image][\/et_pb_column][\/et_pb_row][et_pb_row column_structure=\u00a0\u00bb1_3,1_3,1_3&Prime; use_custom_gutter=\u00a0\u00bbon\u00a0\u00bb gutter_width=\u00a0\u00bb2&Prime; _builder_version=\u00a0\u00bb4.4.1&Prime;][et_pb_column type=\u00a0\u00bb1_3&Prime; _builder_version=\u00a0\u00bb4.4.1&Prime;][et_pb_image src=\u00a0\u00bbhttps:\/\/www.honeymoon-world.com\/france\/wp-content\/uploads\/2021\/01\/web-pirate05.jpg\u00a0\u00bb _builder_version=\u00a0\u00bb4.4.1&Prime;][\/et_pb_image][\/et_pb_column][et_pb_column type=\u00a0\u00bb1_3&Prime; _builder_version=\u00a0\u00bb4.4.1&Prime;][et_pb_image src=\u00a0\u00bbhttps:\/\/www.honeymoon-world.com\/france\/wp-content\/uploads\/2021\/02\/toit-02-.jpg\u00a0\u00bb _builder_version=\u00a0\u00bb4.4.1&Prime;][\/et_pb_image][\/et_pb_column][et_pb_column type=\u00a0\u00bb1_3&Prime; _builder_version=\u00a0\u00bb4.4.1&Prime;][et_pb_image src=\u00a0\u00bbhttps:\/\/www.honeymoon-world.com\/france\/wp-content\/uploads\/2021\/02\/toit-03-.jpg\u00a0\u00bb _builder_version=\u00a0\u00bb4.4.1&Prime;][\/et_pb_image][\/et_pb_column][\/et_pb_row][\/et_pb_section]<\/p>\n","protected":false},"excerpt":{"rendered":"<p>[et_pb_section fb_built=\u00a0\u00bb1&Prime; fullwidth=\u00a0\u00bbon\u00a0\u00bb _builder_version=\u00a0\u00bb4.4.1&Prime; bottom_divider_style=\u00a0\u00bbtriangle\u00a0\u00bb bottom_divider_color=\u00a0\u00bb#ffffff\u00a0\u00bb bottom_divider_height=\u00a0\u00bb41px\u00a0\u00bb][et_pb_fullwidth_header title=\u00a0\u00bbCouvertures\u00a0\u00bb subhead=\u00a0\u00bbM\u00e9diterran\u00e9ennes ou traditionnelles\u00a0\u00bb background_overlay_color=\u00a0\u00bbrgba(0,0,0,0.22)\u00a0\u00bb title_tablet=\u00a0\u00bbCouvertures\u00a0\u00bb title_phone=\u00a0\u00bbCouvertures\u00a0\u00bb title_last_edited=\u00a0\u00bbon|tablet\u00a0\u00bb _builder_version=\u00a0\u00bb4.4.1&Prime; title_font_size=\u00a0\u00bb60px\u00a0\u00bb background_color=\u00a0\u00bb#4a6c77&Prime; custom_padding=\u00a0\u00bb60px||60px||false|false\u00a0\u00bb hover_enabled=\u00a0\u00bb0&Prime; title_font_size_tablet=\u00a0\u00bb\u00a0\u00bb title_font_size_phone=\u00a0\u00bb50px\u00a0\u00bb title_font_size_last_edited=\u00a0\u00bbon|phone\u00a0\u00bb background_image=\u00a0\u00bbhttps:\/\/www.honeymoon-world.com\/france\/wp-content\/uploads\/2021\/02\/Fond-sous-face-scaled.jpg\u00a0\u00bb][\/et_pb_fullwidth_header][\/et_pb_section][et_pb_section fb_built=\u00a0\u00bb1&Prime; _builder_version=\u00a0\u00bb4.4.1&Prime; custom_padding=\u00a0\u00bb31px||16px|||\u00a0\u00bb animation_style=\u00a0\u00bbflip\u00a0\u00bb][et_pb_row _builder_version=\u00a0\u00bb4.4.1&Prime; custom_margin=\u00a0\u00bb-20px|auto||auto||\u00a0\u00bb custom_padding=\u00a0\u00bb||42px|||\u00a0\u00bb][et_pb_column type=\u00a0\u00bb4_4&Prime; _builder_version=\u00a0\u00bb4.4.1&Prime;][et_pb_text _builder_version=\u00a0\u00bb4.4.1&Prime; text_font=\u00a0\u00bbAbel||||||||\u00a0\u00bb text_font_size=\u00a0\u00bb40px\u00a0\u00bb custom_margin=\u00a0\u00bb||-1px|||\u00a0\u00bb text_font_size_tablet=\u00a0\u00bb\u00a0\u00bb text_font_size_phone=\u00a0\u00bb25px\u00a0\u00bb text_font_size_last_edited=\u00a0\u00bbon|phone\u00a0\u00bb] Toit m\u00e9diterran\u00e9en [\/et_pb_text][\/et_pb_column][\/et_pb_row][et_pb_row _builder_version=\u00a0\u00bb4.4.1&Prime;][et_pb_column type=\u00a0\u00bb4_4&Prime; _builder_version=\u00a0\u00bb4.4.1&Prime;][et_pb_image src=\u00a0\u00bbhttps:\/\/www.honeymoon-world.com\/france\/wp-content\/uploads\/2021\/01\/couverture-mediterr.jpg\u00a0\u00bb _builder_version=\u00a0\u00bb4.4.1&Prime;][\/et_pb_image][\/et_pb_column][\/et_pb_row][et_pb_row column_structure=\u00a0\u00bb1_2,1_2&Prime; use_custom_gutter=\u00a0\u00bbon\u00a0\u00bb gutter_width=\u00a0\u00bb2&Prime; _builder_version=\u00a0\u00bb4.4.1&Prime; custom_margin=\u00a0\u00bb||||false|false\u00a0\u00bb custom_padding=\u00a0\u00bb||||false|false\u00a0\u00bb][et_pb_column type=\u00a0\u00bb1_2&Prime; [&hellip;]<\/p>\n","protected":false},"author":1,"featured_media":0,"parent":0,"menu_order":0,"comment_status":"closed","ping_status":"closed","template":"","meta":{"_et_pb_use_builder":"on","_et_pb_old_content":"","_et_gb_content_width":"","footnotes":""},"class_list":["post-1505","page","type-page","status-publish","hentry"],"yoast_head":"<!-- This site is optimized with the Yoast SEO plugin v25.1 - https:\/\/yoast.com\/wordpress\/plugins\/seo\/ -->\n<title>Couvertures - Honeymoon World<\/title>\n<meta name=\"robots\" content=\"index, follow, max-snippet:-1, max-image-preview:large, max-video-preview:-1\" \/>\n<link rel=\"canonical\" href=\"https:\/\/www.honeymoon-world.com\/france\/couvertures\/\" \/>\n<meta property=\"og:locale\" content=\"fr_FR\" \/>\n<meta property=\"og:type\" content=\"article\" \/>\n<meta property=\"og:title\" content=\"Couvertures - Honeymoon World\" \/>\n<meta property=\"og:description\" content=\"[et_pb_section fb_built=\u00a0\u00bb1&Prime; fullwidth=\u00a0\u00bbon\u00a0\u00bb _builder_version=\u00a0\u00bb4.4.1&Prime; bottom_divider_style=\u00a0\u00bbtriangle\u00a0\u00bb bottom_divider_color=\u00a0\u00bb#ffffff\u00a0\u00bb bottom_divider_height=\u00a0\u00bb41px\u00a0\u00bb][et_pb_fullwidth_header title=\u00a0\u00bbCouvertures\u00a0\u00bb subhead=\u00a0\u00bbM\u00e9diterran\u00e9ennes ou traditionnelles\u00a0\u00bb background_overlay_color=\u00a0\u00bbrgba(0,0,0,0.22)\u00a0\u00bb title_tablet=\u00a0\u00bbCouvertures\u00a0\u00bb title_phone=\u00a0\u00bbCouvertures\u00a0\u00bb title_last_edited=\u00a0\u00bbon|tablet\u00a0\u00bb _builder_version=\u00a0\u00bb4.4.1&Prime; title_font_size=\u00a0\u00bb60px\u00a0\u00bb background_color=\u00a0\u00bb#4a6c77&Prime; custom_padding=\u00a0\u00bb60px||60px||false|false\u00a0\u00bb hover_enabled=\u00a0\u00bb0&Prime; title_font_size_tablet=\u00a0\u00bb\u00a0\u00bb title_font_size_phone=\u00a0\u00bb50px\u00a0\u00bb title_font_size_last_edited=\u00a0\u00bbon|phone\u00a0\u00bb background_image=\u00a0\u00bbhttps:\/\/www.honeymoon-world.com\/france\/wp-content\/uploads\/2021\/02\/Fond-sous-face-scaled.jpg\u00a0\u00bb][\/et_pb_fullwidth_header][\/et_pb_section][et_pb_section fb_built=\u00a0\u00bb1&Prime; _builder_version=\u00a0\u00bb4.4.1&Prime; custom_padding=\u00a0\u00bb31px||16px|||\u00a0\u00bb animation_style=\u00a0\u00bbflip\u00a0\u00bb][et_pb_row _builder_version=\u00a0\u00bb4.4.1&Prime; custom_margin=\u00a0\u00bb-20px|auto||auto||\u00a0\u00bb custom_padding=\u00a0\u00bb||42px|||\u00a0\u00bb][et_pb_column type=\u00a0\u00bb4_4&Prime; _builder_version=\u00a0\u00bb4.4.1&Prime;][et_pb_text _builder_version=\u00a0\u00bb4.4.1&Prime; text_font=\u00a0\u00bbAbel||||||||\u00a0\u00bb text_font_size=\u00a0\u00bb40px\u00a0\u00bb custom_margin=\u00a0\u00bb||-1px|||\u00a0\u00bb text_font_size_tablet=\u00a0\u00bb\u00a0\u00bb text_font_size_phone=\u00a0\u00bb25px\u00a0\u00bb text_font_size_last_edited=\u00a0\u00bbon|phone\u00a0\u00bb] Toit m\u00e9diterran\u00e9en [\/et_pb_text][\/et_pb_column][\/et_pb_row][et_pb_row _builder_version=\u00a0\u00bb4.4.1&Prime;][et_pb_column type=\u00a0\u00bb4_4&Prime; _builder_version=\u00a0\u00bb4.4.1&Prime;][et_pb_image src=\u00a0\u00bbhttps:\/\/www.honeymoon-world.com\/france\/wp-content\/uploads\/2021\/01\/couverture-mediterr.jpg\u00a0\u00bb _builder_version=\u00a0\u00bb4.4.1&Prime;][\/et_pb_image][\/et_pb_column][\/et_pb_row][et_pb_row column_structure=\u00a0\u00bb1_2,1_2&Prime; use_custom_gutter=\u00a0\u00bbon\u00a0\u00bb gutter_width=\u00a0\u00bb2&Prime; _builder_version=\u00a0\u00bb4.4.1&Prime; custom_margin=\u00a0\u00bb||||false|false\u00a0\u00bb custom_padding=\u00a0\u00bb||||false|false\u00a0\u00bb][et_pb_column type=\u00a0\u00bb1_2&Prime; [&hellip;]\" \/>\n<meta property=\"og:url\" content=\"https:\/\/www.honeymoon-world.com\/france\/couvertures\/\" \/>\n<meta property=\"og:site_name\" content=\"Honeymoon World\" \/>\n<meta property=\"article:modified_time\" content=\"2021-02-08T13:23:40+00:00\" \/>\n<meta name=\"twitter:card\" content=\"summary_large_image\" \/>\n<meta name=\"twitter:label1\" content=\"Dur\u00e9e de lecture estim\u00e9e\" \/>\n\t<meta name=\"twitter:data1\" content=\"5 minutes\" \/>\n<script type=\"application\/ld+json\" class=\"yoast-schema-graph\">{\"@context\":\"https:\/\/schema.org\",\"@graph\":[{\"@type\":\"WebPage\",\"@id\":\"https:\/\/www.honeymoon-world.com\/france\/couvertures\/\",\"url\":\"https:\/\/www.honeymoon-world.com\/france\/couvertures\/\",\"name\":\"Couvertures - Honeymoon World\",\"isPartOf\":{\"@id\":\"https:\/\/www.honeymoon-world.com\/france\/#website\"},\"datePublished\":\"2021-01-28T16:07:34+00:00\",\"dateModified\":\"2021-02-08T13:23:40+00:00\",\"breadcrumb\":{\"@id\":\"https:\/\/www.honeymoon-world.com\/france\/couvertures\/#breadcrumb\"},\"inLanguage\":\"fr-FR\",\"potentialAction\":[{\"@type\":\"ReadAction\",\"target\":[\"https:\/\/www.honeymoon-world.com\/france\/couvertures\/\"]}]},{\"@type\":\"BreadcrumbList\",\"@id\":\"https:\/\/www.honeymoon-world.com\/france\/couvertures\/#breadcrumb\",\"itemListElement\":[{\"@type\":\"ListItem\",\"position\":1,\"name\":\"Accueil\",\"item\":\"https:\/\/www.honeymoon-world.com\/france\/\"},{\"@type\":\"ListItem\",\"position\":2,\"name\":\"Couvertures\"}]},{\"@type\":\"WebSite\",\"@id\":\"https:\/\/www.honeymoon-world.com\/france\/#website\",\"url\":\"https:\/\/www.honeymoon-world.com\/france\/\",\"name\":\"Honeymoon World\",\"description\":\"L&#039;art de vivre en plein air - Gaz\u00e9bo, mobilier d&#039;ext\u00e9rieur, cuisine d&#039;\u00e9t\u00e9\",\"potentialAction\":[{\"@type\":\"SearchAction\",\"target\":{\"@type\":\"EntryPoint\",\"urlTemplate\":\"https:\/\/www.honeymoon-world.com\/france\/?s={search_term_string}\"},\"query-input\":{\"@type\":\"PropertyValueSpecification\",\"valueRequired\":true,\"valueName\":\"search_term_string\"}}],\"inLanguage\":\"fr-FR\"}]}<\/script>\n<!-- \/ Yoast SEO plugin. -->","yoast_head_json":{"title":"Couvertures - Honeymoon World","robots":{"index":"index","follow":"follow","max-snippet":"max-snippet:-1","max-image-preview":"max-image-preview:large","max-video-preview":"max-video-preview:-1"},"canonical":"https:\/\/www.honeymoon-world.com\/france\/couvertures\/","og_locale":"fr_FR","og_type":"article","og_title":"Couvertures - Honeymoon World","og_description":"[et_pb_section fb_built=\u00a0\u00bb1&Prime; fullwidth=\u00a0\u00bbon\u00a0\u00bb _builder_version=\u00a0\u00bb4.4.1&Prime; bottom_divider_style=\u00a0\u00bbtriangle\u00a0\u00bb bottom_divider_color=\u00a0\u00bb#ffffff\u00a0\u00bb bottom_divider_height=\u00a0\u00bb41px\u00a0\u00bb][et_pb_fullwidth_header title=\u00a0\u00bbCouvertures\u00a0\u00bb subhead=\u00a0\u00bbM\u00e9diterran\u00e9ennes ou traditionnelles\u00a0\u00bb background_overlay_color=\u00a0\u00bbrgba(0,0,0,0.22)\u00a0\u00bb title_tablet=\u00a0\u00bbCouvertures\u00a0\u00bb title_phone=\u00a0\u00bbCouvertures\u00a0\u00bb title_last_edited=\u00a0\u00bbon|tablet\u00a0\u00bb _builder_version=\u00a0\u00bb4.4.1&Prime; title_font_size=\u00a0\u00bb60px\u00a0\u00bb background_color=\u00a0\u00bb#4a6c77&Prime; custom_padding=\u00a0\u00bb60px||60px||false|false\u00a0\u00bb hover_enabled=\u00a0\u00bb0&Prime; title_font_size_tablet=\u00a0\u00bb\u00a0\u00bb title_font_size_phone=\u00a0\u00bb50px\u00a0\u00bb title_font_size_last_edited=\u00a0\u00bbon|phone\u00a0\u00bb background_image=\u00a0\u00bbhttps:\/\/www.honeymoon-world.com\/france\/wp-content\/uploads\/2021\/02\/Fond-sous-face-scaled.jpg\u00a0\u00bb][\/et_pb_fullwidth_header][\/et_pb_section][et_pb_section fb_built=\u00a0\u00bb1&Prime; _builder_version=\u00a0\u00bb4.4.1&Prime; custom_padding=\u00a0\u00bb31px||16px|||\u00a0\u00bb animation_style=\u00a0\u00bbflip\u00a0\u00bb][et_pb_row _builder_version=\u00a0\u00bb4.4.1&Prime; custom_margin=\u00a0\u00bb-20px|auto||auto||\u00a0\u00bb custom_padding=\u00a0\u00bb||42px|||\u00a0\u00bb][et_pb_column type=\u00a0\u00bb4_4&Prime; _builder_version=\u00a0\u00bb4.4.1&Prime;][et_pb_text _builder_version=\u00a0\u00bb4.4.1&Prime; text_font=\u00a0\u00bbAbel||||||||\u00a0\u00bb text_font_size=\u00a0\u00bb40px\u00a0\u00bb custom_margin=\u00a0\u00bb||-1px|||\u00a0\u00bb text_font_size_tablet=\u00a0\u00bb\u00a0\u00bb text_font_size_phone=\u00a0\u00bb25px\u00a0\u00bb text_font_size_last_edited=\u00a0\u00bbon|phone\u00a0\u00bb] Toit m\u00e9diterran\u00e9en [\/et_pb_text][\/et_pb_column][\/et_pb_row][et_pb_row _builder_version=\u00a0\u00bb4.4.1&Prime;][et_pb_column type=\u00a0\u00bb4_4&Prime; _builder_version=\u00a0\u00bb4.4.1&Prime;][et_pb_image src=\u00a0\u00bbhttps:\/\/www.honeymoon-world.com\/france\/wp-content\/uploads\/2021\/01\/couverture-mediterr.jpg\u00a0\u00bb _builder_version=\u00a0\u00bb4.4.1&Prime;][\/et_pb_image][\/et_pb_column][\/et_pb_row][et_pb_row column_structure=\u00a0\u00bb1_2,1_2&Prime; use_custom_gutter=\u00a0\u00bbon\u00a0\u00bb gutter_width=\u00a0\u00bb2&Prime; _builder_version=\u00a0\u00bb4.4.1&Prime; custom_margin=\u00a0\u00bb||||false|false\u00a0\u00bb custom_padding=\u00a0\u00bb||||false|false\u00a0\u00bb][et_pb_column type=\u00a0\u00bb1_2&Prime; [&hellip;]","og_url":"https:\/\/www.honeymoon-world.com\/france\/couvertures\/","og_site_name":"Honeymoon World","article_modified_time":"2021-02-08T13:23:40+00:00","twitter_card":"summary_large_image","twitter_misc":{"Dur\u00e9e de lecture estim\u00e9e":"5 minutes"},"schema":{"@context":"https:\/\/schema.org","@graph":[{"@type":"WebPage","@id":"https:\/\/www.honeymoon-world.com\/france\/couvertures\/","url":"https:\/\/www.honeymoon-world.com\/france\/couvertures\/","name":"Couvertures - Honeymoon World","isPartOf":{"@id":"https:\/\/www.honeymoon-world.com\/france\/#website"},"datePublished":"2021-01-28T16:07:34+00:00","dateModified":"2021-02-08T13:23:40+00:00","breadcrumb":{"@id":"https:\/\/www.honeymoon-world.com\/france\/couvertures\/#breadcrumb"},"inLanguage":"fr-FR","potentialAction":[{"@type":"ReadAction","target":["https:\/\/www.honeymoon-world.com\/france\/couvertures\/"]}]},{"@type":"BreadcrumbList","@id":"https:\/\/www.honeymoon-world.com\/france\/couvertures\/#breadcrumb","itemListElement":[{"@type":"ListItem","position":1,"name":"Accueil","item":"https:\/\/www.honeymoon-world.com\/france\/"},{"@type":"ListItem","position":2,"name":"Couvertures"}]},{"@type":"WebSite","@id":"https:\/\/www.honeymoon-world.com\/france\/#website","url":"https:\/\/www.honeymoon-world.com\/france\/","name":"Honeymoon World","description":"L&#039;art de vivre en plein air - Gaz\u00e9bo, mobilier d&#039;ext\u00e9rieur, cuisine d&#039;\u00e9t\u00e9","potentialAction":[{"@type":"SearchAction","target":{"@type":"EntryPoint","urlTemplate":"https:\/\/www.honeymoon-world.com\/france\/?s={search_term_string}"},"query-input":{"@type":"PropertyValueSpecification","valueRequired":true,"valueName":"search_term_string"}}],"inLanguage":"fr-FR"}]}},"_links":{"self":[{"href":"https:\/\/www.honeymoon-world.com\/france\/wp-json\/wp\/v2\/pages\/1505","targetHints":{"allow":["GET"]}}],"collection":[{"href":"https:\/\/www.honeymoon-world.com\/france\/wp-json\/wp\/v2\/pages"}],"about":[{"href":"https:\/\/www.honeymoon-world.com\/france\/wp-json\/wp\/v2\/types\/page"}],"author":[{"embeddable":true,"href":"https:\/\/www.honeymoon-world.com\/france\/wp-json\/wp\/v2\/users\/1"}],"replies":[{"embeddable":true,"href":"https:\/\/www.honeymoon-world.com\/france\/wp-json\/wp\/v2\/comments?post=1505"}],"version-history":[{"count":9,"href":"https:\/\/www.honeymoon-world.com\/france\/wp-json\/wp\/v2\/pages\/1505\/revisions"}],"predecessor-version":[{"id":1800,"href":"https:\/\/www.honeymoon-world.com\/france\/wp-json\/wp\/v2\/pages\/1505\/revisions\/1800"}],"wp:attachment":[{"href":"https:\/\/www.honeymoon-world.com\/france\/wp-json\/wp\/v2\/media?parent=1505"}],"curies":[{"name":"wp","href":"https:\/\/api.w.org\/{rel}","templated":true}]}}