{"id":1467,"date":"2021-01-27T17:36:16","date_gmt":"2021-01-27T16:36:16","guid":{"rendered":"https:\/\/www.honeymoon-world.com\/france\/?page_id=1467"},"modified":"2021-02-04T15:37:36","modified_gmt":"2021-02-04T14:37:36","slug":"lits-dexterieur","status":"publish","type":"page","link":"https:\/\/www.honeymoon-world.com\/france\/lits-dexterieur\/","title":{"rendered":"Lits d&rsquo;ext\u00e9rieur"},"content":{"rendered":"<p>[et_pb_section fb_built=\u00a0\u00bb1&Prime; fullwidth=\u00a0\u00bbon\u00a0\u00bb _builder_version=\u00a0\u00bb4.4.1&Prime; bottom_divider_style=\u00a0\u00bbtriangle\u00a0\u00bb bottom_divider_color=\u00a0\u00bb#ffffff\u00a0\u00bb bottom_divider_height=\u00a0\u00bb41px\u00a0\u00bb][et_pb_fullwidth_header title=\u00a0\u00bbLits d&rsquo;ext\u00e9rieur\u00a0\u00bb background_overlay_color=\u00a0\u00bbrgba(0,0,0,0.22)\u00a0\u00bb _builder_version=\u00a0\u00bb4.4.1&Prime; title_font_size=\u00a0\u00bb60px\u00a0\u00bb background_image=\u00a0\u00bbhttps:\/\/www.honeymoon-world.com\/france\/wp-content\/uploads\/2021\/01\/australia-3392456_1280-e1610042489104.jpg\u00a0\u00bb parallax=\u00a0\u00bbon\u00a0\u00bb custom_padding=\u00a0\u00bb60px||60px||false|false\u00a0\u00bb]<\/p>\n<p>D\u00e9couvrez notre collection de lit d&rsquo;ext\u00e9rieur avec couverture permanente \u00e9tanche<\/p>\n<p>[\/et_pb_fullwidth_header][\/et_pb_section][et_pb_section fb_built=\u00a0\u00bb1&Prime; _builder_version=\u00a0\u00bb4.4.1&Prime; custom_padding=\u00a0\u00bb||35px|||\u00a0\u00bb animation_style=\u00a0\u00bbflip\u00a0\u00bb saved_tabs=\u00a0\u00bball\u00a0\u00bb][et_pb_row column_structure=\u00a0\u00bb1_3,1_3,1_3&Prime; use_custom_gutter=\u00a0\u00bbon\u00a0\u00bb gutter_width=\u00a0\u00bb2&Prime; _builder_version=\u00a0\u00bb4.4.1&Prime; custom_margin=\u00a0\u00bb-6px|auto|17px|auto|false|false\u00a0\u00bb custom_padding=\u00a0\u00bb16px|||||\u00a0\u00bb][et_pb_column type=\u00a0\u00bb1_3&Prime; _builder_version=\u00a0\u00bb4.4.1&Prime;][et_pb_image src=\u00a0\u00bbhttps:\/\/www.honeymoon-world.com\/france\/wp-content\/uploads\/2021\/01\/web-madrague01.jpg\u00a0\u00bb url=\u00a0\u00bbhttps:\/\/www.honeymoon-world.com\/france\/madrague\/\u00a0\u00bb _builder_version=\u00a0\u00bb4.4.1&Prime;][\/et_pb_image][et_pb_text _builder_version=\u00a0\u00bb4.4.1&Prime; text_font=\u00a0\u00bbAbel||||||||\u00a0\u00bb text_font_size=\u00a0\u00bb40px\u00a0\u00bb]<\/p>\n<p>Madrague<\/p>\n<p>[\/et_pb_text][et_pb_text _builder_version=\u00a0\u00bb4.4.1&Prime; text_font_size=\u00a0\u00bb15px\u00a0\u00bb custom_margin=\u00a0\u00bb||-1px|||\u00a0\u00bb]Avec un design contemporain, il offre un espace de repos \u00e9l\u00e9gant et confortable \u00e0 deux personnes.[\/et_pb_text][et_pb_text _builder_version=\u00a0\u00bb4.4.1&Prime; min_height=\u00a0\u00bb19.2px\u00a0\u00bb custom_padding=\u00a0\u00bb8px||3px|||\u00a0\u00bb]<a href=\"https:\/\/www.honeymoon-world.com\/france\/madrague\/\">D\u00e9couvrir &gt;&gt;<\/a>[\/et_pb_text][\/et_pb_column][et_pb_column type=\u00a0\u00bb1_3&Prime; _builder_version=\u00a0\u00bb4.4.1&Prime;][et_pb_image src=\u00a0\u00bbhttps:\/\/www.honeymoon-world.com\/france\/wp-content\/uploads\/2021\/01\/web-heartbreaker02.jpg\u00a0\u00bb url=\u00a0\u00bbhttps:\/\/www.honeymoon-world.com\/france\/heartbreaker\/\u00a0\u00bb _builder_version=\u00a0\u00bb4.4.1&Prime;][\/et_pb_image][et_pb_text _builder_version=\u00a0\u00bb4.4.1&Prime; text_font=\u00a0\u00bbAbel||||||||\u00a0\u00bb text_font_size=\u00a0\u00bb40px\u00a0\u00bb]<\/p>\n<p>Heartbreaker<\/p>\n<p>[\/et_pb_text][et_pb_text _builder_version=\u00a0\u00bb4.4.1&Prime; text_font_size=\u00a0\u00bb15px\u00a0\u00bb custom_margin=\u00a0\u00bb||-1px|||\u00a0\u00bb]Grace \u00e0 ses larges d\u00e9bords de toit, il permet d\u2019installer un espace de charme et de confort dans le jardin.[\/et_pb_text][et_pb_text _builder_version=\u00a0\u00bb4.4.1&Prime; min_height=\u00a0\u00bb19.2px\u00a0\u00bb custom_padding=\u00a0\u00bb8px||3px|||\u00a0\u00bb]<\/p>\n<p><a href=\"https:\/\/www.honeymoon-world.com\/france\/heartbreaker\/\">D\u00e9couvrir &gt;&gt;<\/a><\/p>\n<p>[\/et_pb_text][\/et_pb_column][et_pb_column type=\u00a0\u00bb1_3&Prime; _builder_version=\u00a0\u00bb4.4.1&Prime;][et_pb_image src=\u00a0\u00bbhttps:\/\/www.honeymoon-world.com\/france\/wp-content\/uploads\/2021\/02\/honeymoon.jpg\u00a0\u00bb url=\u00a0\u00bbhttps:\/\/www.honeymoon-world.com\/france\/honeymoon\/\u00a0\u00bb _builder_version=\u00a0\u00bb4.4.1&Prime; hover_enabled=\u00a0\u00bb0&Prime;][\/et_pb_image][et_pb_text _builder_version=\u00a0\u00bb4.4.1&Prime; text_font=\u00a0\u00bbAbel||||||||\u00a0\u00bb text_font_size=\u00a0\u00bb40px\u00a0\u00bb]<\/p>\n<p>Honeymoon<\/p>\n<p>[\/et_pb_text][et_pb_text _builder_version=\u00a0\u00bb4.4.1&Prime; text_font_size=\u00a0\u00bb15px\u00a0\u00bb custom_margin=\u00a0\u00bb||-1px|||\u00a0\u00bb]Le meuble d\u2019ext\u00e9rieur pour les amateurs de confort, pour 3 \u00e0 4 personnes.[\/et_pb_text][et_pb_text _builder_version=\u00a0\u00bb4.4.1&Prime; min_height=\u00a0\u00bb19.2px\u00a0\u00bb custom_padding=\u00a0\u00bb8px||3px|||\u00a0\u00bb]<\/p>\n<p><a href=\"https:\/\/www.honeymoon-world.com\/france\/honeymoon\/\">D\u00e9couvrir &gt;&gt;<\/a><\/p>\n<p>[\/et_pb_text][\/et_pb_column][\/et_pb_row][et_pb_row column_structure=\u00a0\u00bb1_3,1_3,1_3&Prime; use_custom_gutter=\u00a0\u00bbon\u00a0\u00bb gutter_width=\u00a0\u00bb2&Prime; _builder_version=\u00a0\u00bb4.4.1&Prime; custom_margin=\u00a0\u00bb-6px|auto||auto|false|false\u00a0\u00bb custom_padding=\u00a0\u00bb16px|||||\u00a0\u00bb][et_pb_column type=\u00a0\u00bb1_3&Prime; _builder_version=\u00a0\u00bb4.4.1&Prime;][et_pb_image src=\u00a0\u00bbhttps:\/\/www.honeymoon-world.com\/france\/wp-content\/uploads\/2021\/02\/thunderbird.jpg\u00a0\u00bb url=\u00a0\u00bbhttps:\/\/www.honeymoon-world.com\/france\/thunderbird\/\u00a0\u00bb _builder_version=\u00a0\u00bb4.4.1&Prime; hover_enabled=\u00a0\u00bb0&Prime;][\/et_pb_image][et_pb_text _builder_version=\u00a0\u00bb4.4.1&Prime; text_font=\u00a0\u00bbAbel||||||||\u00a0\u00bb text_font_size=\u00a0\u00bb40px\u00a0\u00bb]<\/p>\n<p>Thunderbird<\/p>\n<p>[\/et_pb_text][et_pb_text _builder_version=\u00a0\u00bb4.4.1&Prime; text_font_size=\u00a0\u00bb15px\u00a0\u00bb custom_margin=\u00a0\u00bb||-1px|||\u00a0\u00bb]<\/p>\n<p>Le lit de repos kingsize pour la sieste en ext\u00e9rieur.<\/p>\n<p>[\/et_pb_text][et_pb_text _builder_version=\u00a0\u00bb4.4.1&Prime; min_height=\u00a0\u00bb19.2px\u00a0\u00bb custom_padding=\u00a0\u00bb8px||3px|||\u00a0\u00bb]<\/p>\n<p><a href=\"https:\/\/www.honeymoon-world.com\/france\/thunderbird\/\">D\u00e9couvrir &gt;&gt;<\/a><\/p>\n<p>[\/et_pb_text][\/et_pb_column][et_pb_column type=\u00a0\u00bb1_3&Prime; _builder_version=\u00a0\u00bb4.4.1&Prime;][et_pb_image src=\u00a0\u00bbhttps:\/\/www.honeymoon-world.com\/france\/wp-content\/uploads\/2021\/02\/savana.jpg\u00a0\u00bb url=\u00a0\u00bbhttps:\/\/www.honeymoon-world.com\/france\/savana\/\u00a0\u00bb _builder_version=\u00a0\u00bb4.4.1&Prime; hover_enabled=\u00a0\u00bb0&Prime;][\/et_pb_image][et_pb_text _builder_version=\u00a0\u00bb4.4.1&Prime; text_font=\u00a0\u00bbAbel||||||||\u00a0\u00bb text_font_size=\u00a0\u00bb40px\u00a0\u00bb]<\/p>\n<p>Savana<\/p>\n<p>[\/et_pb_text][et_pb_text _builder_version=\u00a0\u00bb4.4.1&Prime; text_font_size=\u00a0\u00bb15px\u00a0\u00bb custom_margin=\u00a0\u00bb||-1px|||\u00a0\u00bb]Espace de d\u00e9tente et de convivialit\u00e9 au style authentique.[\/et_pb_text][et_pb_text _builder_version=\u00a0\u00bb4.4.1&Prime; min_height=\u00a0\u00bb19.2px\u00a0\u00bb custom_padding=\u00a0\u00bb8px||3px|||\u00a0\u00bb]<\/p>\n<p><a href=\"https:\/\/www.honeymoon-world.com\/france\/savana\/\">D\u00e9couvrir &gt;&gt;<\/a><\/p>\n<p>[\/et_pb_text][\/et_pb_column][et_pb_column type=\u00a0\u00bb1_3&Prime; _builder_version=\u00a0\u00bb4.4.1&Prime;][et_pb_image src=\u00a0\u00bbhttps:\/\/www.honeymoon-world.com\/france\/wp-content\/uploads\/2021\/01\/web-horizon03.jpg\u00a0\u00bb url=\u00a0\u00bbhttps:\/\/www.honeymoon-world.com\/france\/horizon\/\u00a0\u00bb _builder_version=\u00a0\u00bb4.4.1&Prime;][\/et_pb_image][et_pb_text _builder_version=\u00a0\u00bb4.4.1&Prime; text_font=\u00a0\u00bbAbel||||||||\u00a0\u00bb text_font_size=\u00a0\u00bb40px\u00a0\u00bb]<\/p>\n<p>Horizon<\/p>\n<p>[\/et_pb_text][et_pb_text _builder_version=\u00a0\u00bb4.4.1&Prime; text_font_size=\u00a0\u00bb15px\u00a0\u00bb custom_margin=\u00a0\u00bb||-1px|||\u00a0\u00bb]<\/p>\n<p>Le mariage \u00e9l\u00e9gant du teck, de l\u2019acier inoxydable et des tissus techniques.<\/p>\n<p>[\/et_pb_text][et_pb_text _builder_version=\u00a0\u00bb4.4.1&Prime; min_height=\u00a0\u00bb19.2px\u00a0\u00bb custom_padding=\u00a0\u00bb8px||3px|||\u00a0\u00bb]<\/p>\n<p><a href=\"https:\/\/www.honeymoon-world.com\/france\/horizon\/\">D\u00e9couvrir &gt;&gt;<\/a><\/p>\n<p>[\/et_pb_text][\/et_pb_column][\/et_pb_row][\/et_pb_section][et_pb_section fb_built=\u00a0\u00bb1&Prime; _builder_version=\u00a0\u00bb4.4.1&Prime; custom_padding=\u00a0\u00bb10px|||||\u00a0\u00bb animation_style=\u00a0\u00bbflip\u00a0\u00bb saved_tabs=\u00a0\u00bball\u00a0\u00bb][et_pb_row column_structure=\u00a0\u00bb1_3,1_3,1_3&Prime; use_custom_gutter=\u00a0\u00bbon\u00a0\u00bb gutter_width=\u00a0\u00bb2&Prime; _builder_version=\u00a0\u00bb4.4.1&Prime; custom_margin=\u00a0\u00bb-6px|auto|17px|auto|false|false\u00a0\u00bb custom_padding=\u00a0\u00bb16px|||||\u00a0\u00bb][et_pb_column type=\u00a0\u00bb1_3&Prime; _builder_version=\u00a0\u00bb4.4.1&Prime;][et_pb_image src=\u00a0\u00bbhttps:\/\/www.honeymoon-world.com\/france\/wp-content\/uploads\/2021\/02\/nightstar.jpg\u00a0\u00bb url=\u00a0\u00bbhttps:\/\/www.honeymoon-world.com\/france\/nightstar\/\u00a0\u00bb _builder_version=\u00a0\u00bb4.4.1&Prime; hover_enabled=\u00a0\u00bb0&Prime;][\/et_pb_image][et_pb_text _builder_version=\u00a0\u00bb4.4.1&Prime; text_font=\u00a0\u00bbAbel||||||||\u00a0\u00bb text_font_size=\u00a0\u00bb40px\u00a0\u00bb custom_margin=\u00a0\u00bb10px|||||\u00a0\u00bb]<\/p>\n<p>Nightstar<\/p>\n<p>[\/et_pb_text][et_pb_text _builder_version=\u00a0\u00bb4.4.1&Prime; text_font_size=\u00a0\u00bb15px\u00a0\u00bb custom_margin=\u00a0\u00bb||-1px|||\u00a0\u00bb]L\u2019invitation au voyage. Une parenth\u00e8se tropicale dans votre jardin. [\/et_pb_text][et_pb_text _builder_version=\u00a0\u00bb4.4.1&Prime; min_height=\u00a0\u00bb19.2px\u00a0\u00bb custom_padding=\u00a0\u00bb8px||3px|||\u00a0\u00bb]<\/p>\n<p><a href=\"https:\/\/www.honeymoon-world.com\/france\/nightstar\/\">D\u00e9couvrir &gt;&gt;<\/a><\/p>\n<p>[\/et_pb_text][\/et_pb_column][et_pb_column type=\u00a0\u00bb1_3&Prime; _builder_version=\u00a0\u00bb4.4.1&Prime;][et_pb_image src=\u00a0\u00bbhttps:\/\/www.honeymoon-world.com\/france\/wp-content\/uploads\/2021\/01\/web-eden01.jpg\u00a0\u00bb url=\u00a0\u00bbhttps:\/\/www.honeymoon-world.com\/france\/eden\/\u00a0\u00bb _builder_version=\u00a0\u00bb4.4.1&Prime;][\/et_pb_image][et_pb_text _builder_version=\u00a0\u00bb4.4.1&Prime; text_font=\u00a0\u00bbAbel||||||||\u00a0\u00bb text_font_size=\u00a0\u00bb40px\u00a0\u00bb]<\/p>\n<p>Eden<\/p>\n<p>[\/et_pb_text][et_pb_text _builder_version=\u00a0\u00bb4.4.1&Prime; text_font_size=\u00a0\u00bb15px\u00a0\u00bb custom_margin=\u00a0\u00bb||-1px|||\u00a0\u00bb]Ic\u00f4ne exotique des lits d\u2019ext\u00e9rieur. Son style vous invite \u00e0 voyager chez vous.[\/et_pb_text][et_pb_text _builder_version=\u00a0\u00bb4.4.1&Prime; min_height=\u00a0\u00bb19.2px\u00a0\u00bb custom_padding=\u00a0\u00bb8px||3px|||\u00a0\u00bb]<\/p>\n<p><a href=\"https:\/\/www.honeymoon-world.com\/france\/eden\/\">D\u00e9couvrir &gt;&gt;<\/a><\/p>\n<p>[\/et_pb_text][\/et_pb_column][et_pb_column type=\u00a0\u00bb1_3&Prime; _builder_version=\u00a0\u00bb4.4.1&Prime;][et_pb_image src=\u00a0\u00bbhttps:\/\/www.honeymoon-world.com\/france\/wp-content\/uploads\/2021\/01\/web-safari04.jpg\u00a0\u00bb url=\u00a0\u00bbhttps:\/\/www.honeymoon-world.com\/france\/safari\/\u00a0\u00bb _builder_version=\u00a0\u00bb4.4.1&Prime;][\/et_pb_image][et_pb_text _builder_version=\u00a0\u00bb4.4.1&Prime; text_font=\u00a0\u00bbAbel||||||||\u00a0\u00bb text_font_size=\u00a0\u00bb40px\u00a0\u00bb]<\/p>\n<p>Safari<\/p>\n<p>[\/et_pb_text][et_pb_text _builder_version=\u00a0\u00bb4.4.1&Prime; text_font_size=\u00a0\u00bb15px\u00a0\u00bb custom_margin=\u00a0\u00bb||-1px|||\u00a0\u00bb]signature originale et exotique pour des ext\u00e9rieurs d\u2019exception.[\/et_pb_text][et_pb_text _builder_version=\u00a0\u00bb4.4.1&Prime; min_height=\u00a0\u00bb19.2px\u00a0\u00bb custom_padding=\u00a0\u00bb8px||3px|||\u00a0\u00bb]<\/p>\n<p><a href=\"https:\/\/www.honeymoon-world.com\/france\/safari\/\">D\u00e9couvrir &gt;&gt;<\/a><\/p>\n<p>[\/et_pb_text][\/et_pb_column][\/et_pb_row][\/et_pb_section]<\/p>\n","protected":false},"excerpt":{"rendered":"<p>[et_pb_section fb_built=\u00a0\u00bb1&Prime; fullwidth=\u00a0\u00bbon\u00a0\u00bb _builder_version=\u00a0\u00bb4.4.1&Prime; bottom_divider_style=\u00a0\u00bbtriangle\u00a0\u00bb bottom_divider_color=\u00a0\u00bb#ffffff\u00a0\u00bb bottom_divider_height=\u00a0\u00bb41px\u00a0\u00bb][et_pb_fullwidth_header title=\u00a0\u00bbLits d&rsquo;ext\u00e9rieur\u00a0\u00bb background_overlay_color=\u00a0\u00bbrgba(0,0,0,0.22)\u00a0\u00bb _builder_version=\u00a0\u00bb4.4.1&Prime; title_font_size=\u00a0\u00bb60px\u00a0\u00bb background_image=\u00a0\u00bbhttps:\/\/www.honeymoon-world.com\/france\/wp-content\/uploads\/2021\/01\/australia-3392456_1280-e1610042489104.jpg\u00a0\u00bb parallax=\u00a0\u00bbon\u00a0\u00bb custom_padding=\u00a0\u00bb60px||60px||false|false\u00a0\u00bb] D\u00e9couvrez notre collection de lit d&rsquo;ext\u00e9rieur avec couverture permanente \u00e9tanche [\/et_pb_fullwidth_header][\/et_pb_section][et_pb_section fb_built=\u00a0\u00bb1&Prime; _builder_version=\u00a0\u00bb4.4.1&Prime; custom_padding=\u00a0\u00bb||35px|||\u00a0\u00bb animation_style=\u00a0\u00bbflip\u00a0\u00bb saved_tabs=\u00a0\u00bball\u00a0\u00bb][et_pb_row column_structure=\u00a0\u00bb1_3,1_3,1_3&Prime; use_custom_gutter=\u00a0\u00bbon\u00a0\u00bb gutter_width=\u00a0\u00bb2&Prime; _builder_version=\u00a0\u00bb4.4.1&Prime; custom_margin=\u00a0\u00bb-6px|auto|17px|auto|false|false\u00a0\u00bb custom_padding=\u00a0\u00bb16px|||||\u00a0\u00bb][et_pb_column type=\u00a0\u00bb1_3&Prime; _builder_version=\u00a0\u00bb4.4.1&Prime;][et_pb_image src=\u00a0\u00bbhttps:\/\/www.honeymoon-world.com\/france\/wp-content\/uploads\/2021\/01\/web-madrague01.jpg\u00a0\u00bb url=\u00a0\u00bbhttps:\/\/www.honeymoon-world.com\/france\/madrague\/\u00a0\u00bb _builder_version=\u00a0\u00bb4.4.1&Prime;][\/et_pb_image][et_pb_text _builder_version=\u00a0\u00bb4.4.1&Prime; text_font=\u00a0\u00bbAbel||||||||\u00a0\u00bb text_font_size=\u00a0\u00bb40px\u00a0\u00bb] Madrague [\/et_pb_text][et_pb_text _builder_version=\u00a0\u00bb4.4.1&Prime; text_font_size=\u00a0\u00bb15px\u00a0\u00bb custom_margin=\u00a0\u00bb||-1px|||\u00a0\u00bb]Avec un design contemporain, il offre [&hellip;]<\/p>\n","protected":false},"author":1,"featured_media":0,"parent":0,"menu_order":0,"comment_status":"closed","ping_status":"closed","template":"","meta":{"_et_pb_use_builder":"on","_et_pb_old_content":"","_et_gb_content_width":"","footnotes":""},"class_list":["post-1467","page","type-page","status-publish","hentry"],"yoast_head":"<!-- This site is optimized with the Yoast SEO plugin v25.1 - https:\/\/yoast.com\/wordpress\/plugins\/seo\/ -->\n<title>Lits d&#039;ext\u00e9rieur - Honeymoon World<\/title>\n<meta name=\"robots\" content=\"index, follow, max-snippet:-1, max-image-preview:large, max-video-preview:-1\" \/>\n<link rel=\"canonical\" href=\"https:\/\/www.honeymoon-world.com\/france\/lits-dexterieur\/\" \/>\n<meta property=\"og:locale\" content=\"fr_FR\" \/>\n<meta property=\"og:type\" content=\"article\" \/>\n<meta property=\"og:title\" content=\"Lits d&#039;ext\u00e9rieur - Honeymoon World\" \/>\n<meta property=\"og:description\" content=\"[et_pb_section fb_built=\u00a0\u00bb1&Prime; fullwidth=\u00a0\u00bbon\u00a0\u00bb _builder_version=\u00a0\u00bb4.4.1&Prime; bottom_divider_style=\u00a0\u00bbtriangle\u00a0\u00bb bottom_divider_color=\u00a0\u00bb#ffffff\u00a0\u00bb bottom_divider_height=\u00a0\u00bb41px\u00a0\u00bb][et_pb_fullwidth_header title=\u00a0\u00bbLits d&rsquo;ext\u00e9rieur\u00a0\u00bb background_overlay_color=\u00a0\u00bbrgba(0,0,0,0.22)\u00a0\u00bb _builder_version=\u00a0\u00bb4.4.1&Prime; title_font_size=\u00a0\u00bb60px\u00a0\u00bb background_image=\u00a0\u00bbhttps:\/\/www.honeymoon-world.com\/france\/wp-content\/uploads\/2021\/01\/australia-3392456_1280-e1610042489104.jpg\u00a0\u00bb parallax=\u00a0\u00bbon\u00a0\u00bb custom_padding=\u00a0\u00bb60px||60px||false|false\u00a0\u00bb] D\u00e9couvrez notre collection de lit d&rsquo;ext\u00e9rieur avec couverture permanente \u00e9tanche [\/et_pb_fullwidth_header][\/et_pb_section][et_pb_section fb_built=\u00a0\u00bb1&Prime; _builder_version=\u00a0\u00bb4.4.1&Prime; custom_padding=\u00a0\u00bb||35px|||\u00a0\u00bb animation_style=\u00a0\u00bbflip\u00a0\u00bb saved_tabs=\u00a0\u00bball\u00a0\u00bb][et_pb_row column_structure=\u00a0\u00bb1_3,1_3,1_3&Prime; use_custom_gutter=\u00a0\u00bbon\u00a0\u00bb gutter_width=\u00a0\u00bb2&Prime; _builder_version=\u00a0\u00bb4.4.1&Prime; custom_margin=\u00a0\u00bb-6px|auto|17px|auto|false|false\u00a0\u00bb custom_padding=\u00a0\u00bb16px|||||\u00a0\u00bb][et_pb_column type=\u00a0\u00bb1_3&Prime; _builder_version=\u00a0\u00bb4.4.1&Prime;][et_pb_image src=\u00a0\u00bbhttps:\/\/www.honeymoon-world.com\/france\/wp-content\/uploads\/2021\/01\/web-madrague01.jpg\u00a0\u00bb url=\u00a0\u00bbhttps:\/\/www.honeymoon-world.com\/france\/madrague\/\u00a0\u00bb _builder_version=\u00a0\u00bb4.4.1&Prime;][\/et_pb_image][et_pb_text _builder_version=\u00a0\u00bb4.4.1&Prime; text_font=\u00a0\u00bbAbel||||||||\u00a0\u00bb text_font_size=\u00a0\u00bb40px\u00a0\u00bb] Madrague [\/et_pb_text][et_pb_text _builder_version=\u00a0\u00bb4.4.1&Prime; text_font_size=\u00a0\u00bb15px\u00a0\u00bb custom_margin=\u00a0\u00bb||-1px|||\u00a0\u00bb]Avec un design contemporain, il offre [&hellip;]\" \/>\n<meta property=\"og:url\" content=\"https:\/\/www.honeymoon-world.com\/france\/lits-dexterieur\/\" \/>\n<meta property=\"og:site_name\" content=\"Honeymoon World\" \/>\n<meta property=\"article:modified_time\" content=\"2021-02-04T14:37:36+00:00\" \/>\n<meta name=\"twitter:card\" content=\"summary_large_image\" \/>\n<meta name=\"twitter:label1\" content=\"Dur\u00e9e de lecture estim\u00e9e\" \/>\n\t<meta name=\"twitter:data1\" content=\"5 minutes\" \/>\n<script type=\"application\/ld+json\" class=\"yoast-schema-graph\">{\"@context\":\"https:\/\/schema.org\",\"@graph\":[{\"@type\":\"WebPage\",\"@id\":\"https:\/\/www.honeymoon-world.com\/france\/lits-dexterieur\/\",\"url\":\"https:\/\/www.honeymoon-world.com\/france\/lits-dexterieur\/\",\"name\":\"Lits d'ext\u00e9rieur - Honeymoon World\",\"isPartOf\":{\"@id\":\"https:\/\/www.honeymoon-world.com\/france\/#website\"},\"datePublished\":\"2021-01-27T16:36:16+00:00\",\"dateModified\":\"2021-02-04T14:37:36+00:00\",\"breadcrumb\":{\"@id\":\"https:\/\/www.honeymoon-world.com\/france\/lits-dexterieur\/#breadcrumb\"},\"inLanguage\":\"fr-FR\",\"potentialAction\":[{\"@type\":\"ReadAction\",\"target\":[\"https:\/\/www.honeymoon-world.com\/france\/lits-dexterieur\/\"]}]},{\"@type\":\"BreadcrumbList\",\"@id\":\"https:\/\/www.honeymoon-world.com\/france\/lits-dexterieur\/#breadcrumb\",\"itemListElement\":[{\"@type\":\"ListItem\",\"position\":1,\"name\":\"Accueil\",\"item\":\"https:\/\/www.honeymoon-world.com\/france\/\"},{\"@type\":\"ListItem\",\"position\":2,\"name\":\"Lits d&rsquo;ext\u00e9rieur\"}]},{\"@type\":\"WebSite\",\"@id\":\"https:\/\/www.honeymoon-world.com\/france\/#website\",\"url\":\"https:\/\/www.honeymoon-world.com\/france\/\",\"name\":\"Honeymoon World\",\"description\":\"L&#039;art de vivre en plein air - Gaz\u00e9bo, mobilier d&#039;ext\u00e9rieur, cuisine d&#039;\u00e9t\u00e9\",\"potentialAction\":[{\"@type\":\"SearchAction\",\"target\":{\"@type\":\"EntryPoint\",\"urlTemplate\":\"https:\/\/www.honeymoon-world.com\/france\/?s={search_term_string}\"},\"query-input\":{\"@type\":\"PropertyValueSpecification\",\"valueRequired\":true,\"valueName\":\"search_term_string\"}}],\"inLanguage\":\"fr-FR\"}]}<\/script>\n<!-- \/ Yoast SEO plugin. -->","yoast_head_json":{"title":"Lits d'ext\u00e9rieur - Honeymoon World","robots":{"index":"index","follow":"follow","max-snippet":"max-snippet:-1","max-image-preview":"max-image-preview:large","max-video-preview":"max-video-preview:-1"},"canonical":"https:\/\/www.honeymoon-world.com\/france\/lits-dexterieur\/","og_locale":"fr_FR","og_type":"article","og_title":"Lits d'ext\u00e9rieur - Honeymoon World","og_description":"[et_pb_section fb_built=\u00a0\u00bb1&Prime; fullwidth=\u00a0\u00bbon\u00a0\u00bb _builder_version=\u00a0\u00bb4.4.1&Prime; bottom_divider_style=\u00a0\u00bbtriangle\u00a0\u00bb bottom_divider_color=\u00a0\u00bb#ffffff\u00a0\u00bb bottom_divider_height=\u00a0\u00bb41px\u00a0\u00bb][et_pb_fullwidth_header title=\u00a0\u00bbLits d&rsquo;ext\u00e9rieur\u00a0\u00bb background_overlay_color=\u00a0\u00bbrgba(0,0,0,0.22)\u00a0\u00bb _builder_version=\u00a0\u00bb4.4.1&Prime; title_font_size=\u00a0\u00bb60px\u00a0\u00bb background_image=\u00a0\u00bbhttps:\/\/www.honeymoon-world.com\/france\/wp-content\/uploads\/2021\/01\/australia-3392456_1280-e1610042489104.jpg\u00a0\u00bb parallax=\u00a0\u00bbon\u00a0\u00bb custom_padding=\u00a0\u00bb60px||60px||false|false\u00a0\u00bb] D\u00e9couvrez notre collection de lit d&rsquo;ext\u00e9rieur avec couverture permanente \u00e9tanche [\/et_pb_fullwidth_header][\/et_pb_section][et_pb_section fb_built=\u00a0\u00bb1&Prime; _builder_version=\u00a0\u00bb4.4.1&Prime; custom_padding=\u00a0\u00bb||35px|||\u00a0\u00bb animation_style=\u00a0\u00bbflip\u00a0\u00bb saved_tabs=\u00a0\u00bball\u00a0\u00bb][et_pb_row column_structure=\u00a0\u00bb1_3,1_3,1_3&Prime; use_custom_gutter=\u00a0\u00bbon\u00a0\u00bb gutter_width=\u00a0\u00bb2&Prime; _builder_version=\u00a0\u00bb4.4.1&Prime; custom_margin=\u00a0\u00bb-6px|auto|17px|auto|false|false\u00a0\u00bb custom_padding=\u00a0\u00bb16px|||||\u00a0\u00bb][et_pb_column type=\u00a0\u00bb1_3&Prime; _builder_version=\u00a0\u00bb4.4.1&Prime;][et_pb_image src=\u00a0\u00bbhttps:\/\/www.honeymoon-world.com\/france\/wp-content\/uploads\/2021\/01\/web-madrague01.jpg\u00a0\u00bb url=\u00a0\u00bbhttps:\/\/www.honeymoon-world.com\/france\/madrague\/\u00a0\u00bb _builder_version=\u00a0\u00bb4.4.1&Prime;][\/et_pb_image][et_pb_text _builder_version=\u00a0\u00bb4.4.1&Prime; text_font=\u00a0\u00bbAbel||||||||\u00a0\u00bb text_font_size=\u00a0\u00bb40px\u00a0\u00bb] Madrague [\/et_pb_text][et_pb_text _builder_version=\u00a0\u00bb4.4.1&Prime; text_font_size=\u00a0\u00bb15px\u00a0\u00bb custom_margin=\u00a0\u00bb||-1px|||\u00a0\u00bb]Avec un design contemporain, il offre [&hellip;]","og_url":"https:\/\/www.honeymoon-world.com\/france\/lits-dexterieur\/","og_site_name":"Honeymoon World","article_modified_time":"2021-02-04T14:37:36+00:00","twitter_card":"summary_large_image","twitter_misc":{"Dur\u00e9e de lecture estim\u00e9e":"5 minutes"},"schema":{"@context":"https:\/\/schema.org","@graph":[{"@type":"WebPage","@id":"https:\/\/www.honeymoon-world.com\/france\/lits-dexterieur\/","url":"https:\/\/www.honeymoon-world.com\/france\/lits-dexterieur\/","name":"Lits d'ext\u00e9rieur - Honeymoon World","isPartOf":{"@id":"https:\/\/www.honeymoon-world.com\/france\/#website"},"datePublished":"2021-01-27T16:36:16+00:00","dateModified":"2021-02-04T14:37:36+00:00","breadcrumb":{"@id":"https:\/\/www.honeymoon-world.com\/france\/lits-dexterieur\/#breadcrumb"},"inLanguage":"fr-FR","potentialAction":[{"@type":"ReadAction","target":["https:\/\/www.honeymoon-world.com\/france\/lits-dexterieur\/"]}]},{"@type":"BreadcrumbList","@id":"https:\/\/www.honeymoon-world.com\/france\/lits-dexterieur\/#breadcrumb","itemListElement":[{"@type":"ListItem","position":1,"name":"Accueil","item":"https:\/\/www.honeymoon-world.com\/france\/"},{"@type":"ListItem","position":2,"name":"Lits d&rsquo;ext\u00e9rieur"}]},{"@type":"WebSite","@id":"https:\/\/www.honeymoon-world.com\/france\/#website","url":"https:\/\/www.honeymoon-world.com\/france\/","name":"Honeymoon World","description":"L&#039;art de vivre en plein air - Gaz\u00e9bo, mobilier d&#039;ext\u00e9rieur, cuisine d&#039;\u00e9t\u00e9","potentialAction":[{"@type":"SearchAction","target":{"@type":"EntryPoint","urlTemplate":"https:\/\/www.honeymoon-world.com\/france\/?s={search_term_string}"},"query-input":{"@type":"PropertyValueSpecification","valueRequired":true,"valueName":"search_term_string"}}],"inLanguage":"fr-FR"}]}},"_links":{"self":[{"href":"https:\/\/www.honeymoon-world.com\/france\/wp-json\/wp\/v2\/pages\/1467","targetHints":{"allow":["GET"]}}],"collection":[{"href":"https:\/\/www.honeymoon-world.com\/france\/wp-json\/wp\/v2\/pages"}],"about":[{"href":"https:\/\/www.honeymoon-world.com\/france\/wp-json\/wp\/v2\/types\/page"}],"author":[{"embeddable":true,"href":"https:\/\/www.honeymoon-world.com\/france\/wp-json\/wp\/v2\/users\/1"}],"replies":[{"embeddable":true,"href":"https:\/\/www.honeymoon-world.com\/france\/wp-json\/wp\/v2\/comments?post=1467"}],"version-history":[{"count":5,"href":"https:\/\/www.honeymoon-world.com\/france\/wp-json\/wp\/v2\/pages\/1467\/revisions"}],"predecessor-version":[{"id":1750,"href":"https:\/\/www.honeymoon-world.com\/france\/wp-json\/wp\/v2\/pages\/1467\/revisions\/1750"}],"wp:attachment":[{"href":"https:\/\/www.honeymoon-world.com\/france\/wp-json\/wp\/v2\/media?parent=1467"}],"curies":[{"name":"wp","href":"https:\/\/api.w.org\/{rel}","templated":true}]}}