{"id":1337,"date":"2021-01-26T18:03:14","date_gmt":"2021-01-26T17:03:14","guid":{"rendered":"https:\/\/www.honeymoon-world.com\/france\/?page_id=1337"},"modified":"2021-02-13T18:59:44","modified_gmt":"2021-02-13T17:59:44","slug":"installations","status":"publish","type":"page","link":"https:\/\/www.honeymoon-world.com\/france\/installations\/","title":{"rendered":"Installations"},"content":{"rendered":"<p>[et_pb_section fb_built=\u00a0\u00bb1&Prime; fullwidth=\u00a0\u00bbon\u00a0\u00bb _builder_version=\u00a0\u00bb4.4.1&Prime; bottom_divider_style=\u00a0\u00bbtriangle\u00a0\u00bb bottom_divider_color=\u00a0\u00bb#ffffff\u00a0\u00bb bottom_divider_height=\u00a0\u00bb41px\u00a0\u00bb][et_pb_fullwidth_header title=\u00a0\u00bbInstallations &#038; mise en oeuvre\u00a0\u00bb background_overlay_color=\u00a0\u00bbrgba(0,0,0,0.22)\u00a0\u00bb _builder_version=\u00a0\u00bb4.4.1&Prime; title_font_size=\u00a0\u00bb60px\u00a0\u00bb background_color=\u00a0\u00bb#4a6c77&Prime; parallax=\u00a0\u00bbon\u00a0\u00bb custom_padding=\u00a0\u00bb60px||60px||false|false\u00a0\u00bb hover_enabled=\u00a0\u00bb0&Prime; background_image=\u00a0\u00bbhttps:\/\/www.honeymoon-world.com\/france\/wp-content\/uploads\/2021\/02\/fond002.jpg\u00a0\u00bb][\/et_pb_fullwidth_header][\/et_pb_section][et_pb_section fb_built=\u00a0\u00bb1&Prime; _builder_version=\u00a0\u00bb4.4.1&Prime; custom_padding=\u00a0\u00bb23px|||||\u00a0\u00bb animation_style=\u00a0\u00bbflip\u00a0\u00bb][et_pb_row column_structure=\u00a0\u00bb2_3,1_3&Prime; use_custom_gutter=\u00a0\u00bbon\u00a0\u00bb gutter_width=\u00a0\u00bb2&Prime; _builder_version=\u00a0\u00bb4.4.1&Prime; custom_margin=\u00a0\u00bb|auto|||false|false\u00a0\u00bb custom_padding=\u00a0\u00bb||||false|false\u00a0\u00bb][et_pb_column type=\u00a0\u00bb2_3&Prime; _builder_version=\u00a0\u00bb4.4.1&Prime;][et_pb_text _builder_version=\u00a0\u00bb4.4.1&Prime; text_line_height=\u00a0\u00bb2em\u00a0\u00bb]<\/p>\n<p>Par leur conception traditionnelle, les structures doivent \u00eatre install\u00e9es sur un sol horizontal et stable. Elles pourront donc \u00eatre pos\u00e9es sur une terrasse, sur une dalle ou des plots b\u00e9ton. En cas d\u2019imperfections ou de l\u00e9g\u00e8res diff\u00e9rences de niveau, les poteaux pourront \u00eatre prolong\u00e9s avec des tire-fond ou des platines m\u00e9talliques.<\/p>\n<p>En cas de besoins, les structures peuvent \u00e9galement \u00eatre fix\u00e9es au sol au moyen d\u2019ancrages sp\u00e9cifiques.<\/p>\n<p>Pour l\u2019installation sur des sols souples (jardins, sable\u2026) il conviendra de b\u00e2tir une dalle ou des plots b\u00e9ton aux dimensions fournies, ou bien d\u2019installer des dalles amovibles de 40 x 40 cm afin de pouvoir facilement remettre en \u00e9tat les espaces.<\/p>\n<p>Selon les \u00e9quipements, il peut \u00eatre n\u00e9cessaire de pr\u00e9voir une alimentation \u00e9lectrique adapt\u00e9, une alimentation en eau et une \u00e9vacuation des eaux us\u00e9es.<\/p>\n<p>&nbsp;<\/p>\n<p>[\/et_pb_text][\/et_pb_column][et_pb_column type=\u00a0\u00bb1_3&Prime; _builder_version=\u00a0\u00bb4.4.1&Prime;][et_pb_image src=\u00a0\u00bbhttps:\/\/www.honeymoon-world.com\/france\/wp-content\/uploads\/2021\/01\/installation.jpg\u00a0\u00bb _builder_version=\u00a0\u00bb4.4.1&Prime;][\/et_pb_image][\/et_pb_column][\/et_pb_row][et_pb_row column_structure=\u00a0\u00bb2_5,3_5&Prime; _builder_version=\u00a0\u00bb4.4.1&Prime;][et_pb_column type=\u00a0\u00bb2_5&Prime; _builder_version=\u00a0\u00bb4.4.1&Prime;][et_pb_image src=\u00a0\u00bbhttps:\/\/www.honeymoon-world.com\/france\/wp-content\/uploads\/2021\/01\/HEARTBREAKER-FP02.jpg\u00a0\u00bb _builder_version=\u00a0\u00bb4.4.1&Prime;][\/et_pb_image][\/et_pb_column][et_pb_column type=\u00a0\u00bb3_5&Prime; _builder_version=\u00a0\u00bb4.4.1&Prime;][et_pb_text _builder_version=\u00a0\u00bb4.4.1&Prime; text_line_height=\u00a0\u00bb2em\u00a0\u00bb]<\/p>\n<p>Les structures Honeymoon sont livr\u00e9es pr\u00eates \u00e0 poser avec un guide d\u2019installation.<\/p>\n<p>Le guide d\u2019installation comprend :<br \/> \u2022 La liste des \u00e9l\u00e9ments (avec photos d\u00e9taill\u00e9es),<br \/> \u2022 Les plans d\u2019implantation pour les fondations,<br \/> \u2022 Les \u00e9tapes de chaque \u00e9tape du montage (avec photos d\u00e9taill\u00e9es),<br \/> Pour mener \u00e0 bien ce montage, avec quelques comp\u00e9tences, vous pouvez r\u00e9aliser vous-m\u00eame le montage (avec plusieurs personnes). Cependant nos \u00e9quipes peuvent \u00e9galement vous assister techniquement ou r\u00e9aliser compl\u00e8tement l\u2019installation.<\/p>\n<p>Tous les \u00e9l\u00e9ments et accessoires sont livr\u00e9s simultan\u00e9ment afin d\u2019avoir une mise en \u0153uvre tr\u00e8s rapide sur site.<\/p>\n<p>[\/et_pb_text][\/et_pb_column][\/et_pb_row][\/et_pb_section]<\/p>\n","protected":false},"excerpt":{"rendered":"<p>[et_pb_section fb_built=\u00a0\u00bb1&Prime; fullwidth=\u00a0\u00bbon\u00a0\u00bb _builder_version=\u00a0\u00bb4.4.1&Prime; bottom_divider_style=\u00a0\u00bbtriangle\u00a0\u00bb bottom_divider_color=\u00a0\u00bb#ffffff\u00a0\u00bb bottom_divider_height=\u00a0\u00bb41px\u00a0\u00bb][et_pb_fullwidth_header title=\u00a0\u00bbInstallations &#038; mise en oeuvre\u00a0\u00bb background_overlay_color=\u00a0\u00bbrgba(0,0,0,0.22)\u00a0\u00bb _builder_version=\u00a0\u00bb4.4.1&Prime; title_font_size=\u00a0\u00bb60px\u00a0\u00bb background_color=\u00a0\u00bb#4a6c77&Prime; parallax=\u00a0\u00bbon\u00a0\u00bb custom_padding=\u00a0\u00bb60px||60px||false|false\u00a0\u00bb hover_enabled=\u00a0\u00bb0&Prime; background_image=\u00a0\u00bbhttps:\/\/www.honeymoon-world.com\/france\/wp-content\/uploads\/2021\/02\/fond002.jpg\u00a0\u00bb][\/et_pb_fullwidth_header][\/et_pb_section][et_pb_section fb_built=\u00a0\u00bb1&Prime; _builder_version=\u00a0\u00bb4.4.1&Prime; custom_padding=\u00a0\u00bb23px|||||\u00a0\u00bb animation_style=\u00a0\u00bbflip\u00a0\u00bb][et_pb_row column_structure=\u00a0\u00bb2_3,1_3&Prime; use_custom_gutter=\u00a0\u00bbon\u00a0\u00bb gutter_width=\u00a0\u00bb2&Prime; _builder_version=\u00a0\u00bb4.4.1&Prime; custom_margin=\u00a0\u00bb|auto|||false|false\u00a0\u00bb custom_padding=\u00a0\u00bb||||false|false\u00a0\u00bb][et_pb_column type=\u00a0\u00bb2_3&Prime; _builder_version=\u00a0\u00bb4.4.1&Prime;][et_pb_text _builder_version=\u00a0\u00bb4.4.1&Prime; text_line_height=\u00a0\u00bb2em\u00a0\u00bb] Par leur conception traditionnelle, les structures doivent \u00eatre install\u00e9es sur un sol horizontal et stable. Elles pourront donc \u00eatre pos\u00e9es sur [&hellip;]<\/p>\n","protected":false},"author":1,"featured_media":0,"parent":0,"menu_order":0,"comment_status":"closed","ping_status":"closed","template":"","meta":{"_et_pb_use_builder":"on","_et_pb_old_content":"","_et_gb_content_width":"","footnotes":""},"class_list":["post-1337","page","type-page","status-publish","hentry"],"yoast_head":"<!-- This site is optimized with the Yoast SEO plugin v25.1 - https:\/\/yoast.com\/wordpress\/plugins\/seo\/ -->\n<title>Installations - Honeymoon World<\/title>\n<meta name=\"robots\" content=\"index, follow, max-snippet:-1, max-image-preview:large, max-video-preview:-1\" \/>\n<link rel=\"canonical\" href=\"https:\/\/www.honeymoon-world.com\/france\/installations\/\" \/>\n<meta property=\"og:locale\" content=\"fr_FR\" \/>\n<meta property=\"og:type\" content=\"article\" \/>\n<meta property=\"og:title\" content=\"Installations - Honeymoon World\" \/>\n<meta property=\"og:description\" content=\"[et_pb_section fb_built=\u00a0\u00bb1&Prime; fullwidth=\u00a0\u00bbon\u00a0\u00bb _builder_version=\u00a0\u00bb4.4.1&Prime; bottom_divider_style=\u00a0\u00bbtriangle\u00a0\u00bb bottom_divider_color=\u00a0\u00bb#ffffff\u00a0\u00bb bottom_divider_height=\u00a0\u00bb41px\u00a0\u00bb][et_pb_fullwidth_header title=\u00a0\u00bbInstallations &#038; mise en oeuvre\u00a0\u00bb background_overlay_color=\u00a0\u00bbrgba(0,0,0,0.22)\u00a0\u00bb _builder_version=\u00a0\u00bb4.4.1&Prime; title_font_size=\u00a0\u00bb60px\u00a0\u00bb background_color=\u00a0\u00bb#4a6c77&Prime; parallax=\u00a0\u00bbon\u00a0\u00bb custom_padding=\u00a0\u00bb60px||60px||false|false\u00a0\u00bb hover_enabled=\u00a0\u00bb0&Prime; background_image=\u00a0\u00bbhttps:\/\/www.honeymoon-world.com\/france\/wp-content\/uploads\/2021\/02\/fond002.jpg\u00a0\u00bb][\/et_pb_fullwidth_header][\/et_pb_section][et_pb_section fb_built=\u00a0\u00bb1&Prime; _builder_version=\u00a0\u00bb4.4.1&Prime; custom_padding=\u00a0\u00bb23px|||||\u00a0\u00bb animation_style=\u00a0\u00bbflip\u00a0\u00bb][et_pb_row column_structure=\u00a0\u00bb2_3,1_3&Prime; use_custom_gutter=\u00a0\u00bbon\u00a0\u00bb gutter_width=\u00a0\u00bb2&Prime; _builder_version=\u00a0\u00bb4.4.1&Prime; custom_margin=\u00a0\u00bb|auto|||false|false\u00a0\u00bb custom_padding=\u00a0\u00bb||||false|false\u00a0\u00bb][et_pb_column type=\u00a0\u00bb2_3&Prime; _builder_version=\u00a0\u00bb4.4.1&Prime;][et_pb_text _builder_version=\u00a0\u00bb4.4.1&Prime; text_line_height=\u00a0\u00bb2em\u00a0\u00bb] Par leur conception traditionnelle, les structures doivent \u00eatre install\u00e9es sur un sol horizontal et stable. Elles pourront donc \u00eatre pos\u00e9es sur [&hellip;]\" \/>\n<meta property=\"og:url\" content=\"https:\/\/www.honeymoon-world.com\/france\/installations\/\" \/>\n<meta property=\"og:site_name\" content=\"Honeymoon World\" \/>\n<meta property=\"article:modified_time\" content=\"2021-02-13T17:59:44+00:00\" \/>\n<meta name=\"twitter:card\" content=\"summary_large_image\" \/>\n<meta name=\"twitter:label1\" content=\"Dur\u00e9e de lecture estim\u00e9e\" \/>\n\t<meta name=\"twitter:data1\" content=\"2 minutes\" \/>\n<script type=\"application\/ld+json\" class=\"yoast-schema-graph\">{\"@context\":\"https:\/\/schema.org\",\"@graph\":[{\"@type\":\"WebPage\",\"@id\":\"https:\/\/www.honeymoon-world.com\/france\/installations\/\",\"url\":\"https:\/\/www.honeymoon-world.com\/france\/installations\/\",\"name\":\"Installations - Honeymoon World\",\"isPartOf\":{\"@id\":\"https:\/\/www.honeymoon-world.com\/france\/#website\"},\"datePublished\":\"2021-01-26T17:03:14+00:00\",\"dateModified\":\"2021-02-13T17:59:44+00:00\",\"breadcrumb\":{\"@id\":\"https:\/\/www.honeymoon-world.com\/france\/installations\/#breadcrumb\"},\"inLanguage\":\"fr-FR\",\"potentialAction\":[{\"@type\":\"ReadAction\",\"target\":[\"https:\/\/www.honeymoon-world.com\/france\/installations\/\"]}]},{\"@type\":\"BreadcrumbList\",\"@id\":\"https:\/\/www.honeymoon-world.com\/france\/installations\/#breadcrumb\",\"itemListElement\":[{\"@type\":\"ListItem\",\"position\":1,\"name\":\"Accueil\",\"item\":\"https:\/\/www.honeymoon-world.com\/france\/\"},{\"@type\":\"ListItem\",\"position\":2,\"name\":\"Installations\"}]},{\"@type\":\"WebSite\",\"@id\":\"https:\/\/www.honeymoon-world.com\/france\/#website\",\"url\":\"https:\/\/www.honeymoon-world.com\/france\/\",\"name\":\"Honeymoon World\",\"description\":\"L&#039;art de vivre en plein air - Gaz\u00e9bo, mobilier d&#039;ext\u00e9rieur, cuisine d&#039;\u00e9t\u00e9\",\"potentialAction\":[{\"@type\":\"SearchAction\",\"target\":{\"@type\":\"EntryPoint\",\"urlTemplate\":\"https:\/\/www.honeymoon-world.com\/france\/?s={search_term_string}\"},\"query-input\":{\"@type\":\"PropertyValueSpecification\",\"valueRequired\":true,\"valueName\":\"search_term_string\"}}],\"inLanguage\":\"fr-FR\"}]}<\/script>\n<!-- \/ Yoast SEO plugin. -->","yoast_head_json":{"title":"Installations - Honeymoon World","robots":{"index":"index","follow":"follow","max-snippet":"max-snippet:-1","max-image-preview":"max-image-preview:large","max-video-preview":"max-video-preview:-1"},"canonical":"https:\/\/www.honeymoon-world.com\/france\/installations\/","og_locale":"fr_FR","og_type":"article","og_title":"Installations - Honeymoon World","og_description":"[et_pb_section fb_built=\u00a0\u00bb1&Prime; fullwidth=\u00a0\u00bbon\u00a0\u00bb _builder_version=\u00a0\u00bb4.4.1&Prime; bottom_divider_style=\u00a0\u00bbtriangle\u00a0\u00bb bottom_divider_color=\u00a0\u00bb#ffffff\u00a0\u00bb bottom_divider_height=\u00a0\u00bb41px\u00a0\u00bb][et_pb_fullwidth_header title=\u00a0\u00bbInstallations &#038; mise en oeuvre\u00a0\u00bb background_overlay_color=\u00a0\u00bbrgba(0,0,0,0.22)\u00a0\u00bb _builder_version=\u00a0\u00bb4.4.1&Prime; title_font_size=\u00a0\u00bb60px\u00a0\u00bb background_color=\u00a0\u00bb#4a6c77&Prime; parallax=\u00a0\u00bbon\u00a0\u00bb custom_padding=\u00a0\u00bb60px||60px||false|false\u00a0\u00bb hover_enabled=\u00a0\u00bb0&Prime; background_image=\u00a0\u00bbhttps:\/\/www.honeymoon-world.com\/france\/wp-content\/uploads\/2021\/02\/fond002.jpg\u00a0\u00bb][\/et_pb_fullwidth_header][\/et_pb_section][et_pb_section fb_built=\u00a0\u00bb1&Prime; _builder_version=\u00a0\u00bb4.4.1&Prime; custom_padding=\u00a0\u00bb23px|||||\u00a0\u00bb animation_style=\u00a0\u00bbflip\u00a0\u00bb][et_pb_row column_structure=\u00a0\u00bb2_3,1_3&Prime; use_custom_gutter=\u00a0\u00bbon\u00a0\u00bb gutter_width=\u00a0\u00bb2&Prime; _builder_version=\u00a0\u00bb4.4.1&Prime; custom_margin=\u00a0\u00bb|auto|||false|false\u00a0\u00bb custom_padding=\u00a0\u00bb||||false|false\u00a0\u00bb][et_pb_column type=\u00a0\u00bb2_3&Prime; _builder_version=\u00a0\u00bb4.4.1&Prime;][et_pb_text _builder_version=\u00a0\u00bb4.4.1&Prime; text_line_height=\u00a0\u00bb2em\u00a0\u00bb] Par leur conception traditionnelle, les structures doivent \u00eatre install\u00e9es sur un sol horizontal et stable. Elles pourront donc \u00eatre pos\u00e9es sur [&hellip;]","og_url":"https:\/\/www.honeymoon-world.com\/france\/installations\/","og_site_name":"Honeymoon World","article_modified_time":"2021-02-13T17:59:44+00:00","twitter_card":"summary_large_image","twitter_misc":{"Dur\u00e9e de lecture estim\u00e9e":"2 minutes"},"schema":{"@context":"https:\/\/schema.org","@graph":[{"@type":"WebPage","@id":"https:\/\/www.honeymoon-world.com\/france\/installations\/","url":"https:\/\/www.honeymoon-world.com\/france\/installations\/","name":"Installations - Honeymoon World","isPartOf":{"@id":"https:\/\/www.honeymoon-world.com\/france\/#website"},"datePublished":"2021-01-26T17:03:14+00:00","dateModified":"2021-02-13T17:59:44+00:00","breadcrumb":{"@id":"https:\/\/www.honeymoon-world.com\/france\/installations\/#breadcrumb"},"inLanguage":"fr-FR","potentialAction":[{"@type":"ReadAction","target":["https:\/\/www.honeymoon-world.com\/france\/installations\/"]}]},{"@type":"BreadcrumbList","@id":"https:\/\/www.honeymoon-world.com\/france\/installations\/#breadcrumb","itemListElement":[{"@type":"ListItem","position":1,"name":"Accueil","item":"https:\/\/www.honeymoon-world.com\/france\/"},{"@type":"ListItem","position":2,"name":"Installations"}]},{"@type":"WebSite","@id":"https:\/\/www.honeymoon-world.com\/france\/#website","url":"https:\/\/www.honeymoon-world.com\/france\/","name":"Honeymoon World","description":"L&#039;art de vivre en plein air - Gaz\u00e9bo, mobilier d&#039;ext\u00e9rieur, cuisine d&#039;\u00e9t\u00e9","potentialAction":[{"@type":"SearchAction","target":{"@type":"EntryPoint","urlTemplate":"https:\/\/www.honeymoon-world.com\/france\/?s={search_term_string}"},"query-input":{"@type":"PropertyValueSpecification","valueRequired":true,"valueName":"search_term_string"}}],"inLanguage":"fr-FR"}]}},"_links":{"self":[{"href":"https:\/\/www.honeymoon-world.com\/france\/wp-json\/wp\/v2\/pages\/1337","targetHints":{"allow":["GET"]}}],"collection":[{"href":"https:\/\/www.honeymoon-world.com\/france\/wp-json\/wp\/v2\/pages"}],"about":[{"href":"https:\/\/www.honeymoon-world.com\/france\/wp-json\/wp\/v2\/types\/page"}],"author":[{"embeddable":true,"href":"https:\/\/www.honeymoon-world.com\/france\/wp-json\/wp\/v2\/users\/1"}],"replies":[{"embeddable":true,"href":"https:\/\/www.honeymoon-world.com\/france\/wp-json\/wp\/v2\/comments?post=1337"}],"version-history":[{"count":8,"href":"https:\/\/www.honeymoon-world.com\/france\/wp-json\/wp\/v2\/pages\/1337\/revisions"}],"predecessor-version":[{"id":1811,"href":"https:\/\/www.honeymoon-world.com\/france\/wp-json\/wp\/v2\/pages\/1337\/revisions\/1811"}],"wp:attachment":[{"href":"https:\/\/www.honeymoon-world.com\/france\/wp-json\/wp\/v2\/media?parent=1337"}],"curies":[{"name":"wp","href":"https:\/\/api.w.org\/{rel}","templated":true}]}}