{"id":1257,"date":"2021-01-26T12:10:49","date_gmt":"2021-01-26T11:10:49","guid":{"rendered":"https:\/\/www.honeymoon-world.com\/france\/?page_id=1257"},"modified":"2021-02-13T18:57:57","modified_gmt":"2021-02-13T17:57:57","slug":"lhistoire-dhoneymoon","status":"publish","type":"page","link":"https:\/\/www.honeymoon-world.com\/france\/lhistoire-dhoneymoon\/","title":{"rendered":"L&rsquo;histoire d&rsquo;Honeymoon"},"content":{"rendered":"<p>[et_pb_section fb_built=\u00a0\u00bb1&Prime; fullwidth=\u00a0\u00bbon\u00a0\u00bb _builder_version=\u00a0\u00bb4.4.1&Prime; bottom_divider_style=\u00a0\u00bbtriangle\u00a0\u00bb bottom_divider_color=\u00a0\u00bb#ffffff\u00a0\u00bb bottom_divider_height=\u00a0\u00bb41px\u00a0\u00bb][et_pb_fullwidth_header title=\u00a0\u00bbPr\u00e9sentation\u00a0\u00bb background_overlay_color=\u00a0\u00bbrgba(0,0,0,0.22)\u00a0\u00bb _builder_version=\u00a0\u00bb4.4.1&Prime; title_font_size=\u00a0\u00bb60px\u00a0\u00bb background_color=\u00a0\u00bb#638aa3&Prime; parallax=\u00a0\u00bbon\u00a0\u00bb custom_padding=\u00a0\u00bb60px||60px||false|false\u00a0\u00bb hover_enabled=\u00a0\u00bb0&Prime; background_image=\u00a0\u00bbhttps:\/\/www.honeymoon-world.com\/france\/wp-content\/uploads\/2021\/02\/fond001.jpg\u00a0\u00bb][\/et_pb_fullwidth_header][\/et_pb_section][et_pb_section fb_built=\u00a0\u00bb1&Prime; _builder_version=\u00a0\u00bb4.4.1&Prime; custom_padding=\u00a0\u00bb||28px|||\u00a0\u00bb animation_style=\u00a0\u00bbflip\u00a0\u00bb][et_pb_row _builder_version=\u00a0\u00bb4.4.1&Prime;][et_pb_column type=\u00a0\u00bb4_4&Prime; _builder_version=\u00a0\u00bb4.4.1&Prime;][et_pb_text _builder_version=\u00a0\u00bb4.4.1&Prime; text_font=\u00a0\u00bbAbel||||||||\u00a0\u00bb text_font_size=\u00a0\u00bb21px\u00a0\u00bb]<\/p>\n<p>C\u2019est sur la C\u00f4te d\u2019Azur, \u00e0 Juan-les-Pins, station baln\u00e9aire cosmopolite o\u00f9 se cultive un certain art de vivre, qu\u2019est n\u00e9e la belle histoire d\u2019Honeymoon.<\/p>\n<p>[\/et_pb_text][\/et_pb_column][\/et_pb_row][et_pb_row column_structure=\u00a0\u00bb1_2,1_2&Prime; _builder_version=\u00a0\u00bb4.4.1&Prime; custom_margin=\u00a0\u00bb||||false|false\u00a0\u00bb custom_padding=\u00a0\u00bb||||false|false\u00a0\u00bb][et_pb_column type=\u00a0\u00bb1_2&Prime; _builder_version=\u00a0\u00bb4.4.1&Prime;][et_pb_text _builder_version=\u00a0\u00bb4.4.1&Prime; text_line_height=\u00a0\u00bb2em\u00a0\u00bb]<\/p>\n<p style=\"text-align: justify;\">En 1999, S\u00e9bastien Coste, imagine et dessine un premier mod\u00e8le de lit d\u2019ext\u00e9rieur \u00e9l\u00e9gant, raffin\u00e9, et de grande qualit\u00e9\u2026 Il s\u00e9duira la client\u00e8le exigeante de la C\u00f4te d\u2019Azur\u00a0: l\u2019esprit Honeymoon s\u2019inscrit dans l\u2019histoire du mobilier d\u2019ext\u00e9rieur.<\/p>\n<p style=\"text-align: justify;\">Impliqu\u00e9 depuis le d\u00e9but de l\u2019aventure, Gr\u00e9gory Dubrulle, son ami proche le rejoint en 2002. Ensemble ils d\u00e9veloppent de nouveaux produits, am\u00e9liorent les mat\u00e9riaux et les techniques et font prendre de l\u2019ampleur \u00e0 la jeune soci\u00e9t\u00e9. Les superficies des mod\u00e8les s\u2019agrandissent pour atteindre d\u00e9passer parfois les 40 m2 et r\u00e9pondre \u00e0 de nombreuses envies et besoins\u00a0!<\/p>\n<p style=\"text-align: justify;\">N\u00e9anmoins, pour concilier grande qualit\u00e9 et respect des ressources naturelles, ils choisissent du teck, issu de r\u00e9serves foresti\u00e8res contr\u00f4l\u00e9es et r\u00e9gul\u00e9es, et s\u2019attachent \u00e0 consommer uniquement les mat\u00e9riaux n\u00e9cessaires.<\/p>\n<p style=\"text-align: justify;\">Grace aux qualit\u00e9s du design et aux choix des mat\u00e9riaux, les produits Honeymoon sont une r\u00e9f\u00e9rence pour l\u2019am\u00e9nagement haut de gamme des ext\u00e9rieurs.<\/p>\n<p>[\/et_pb_text][\/et_pb_column][et_pb_column type=\u00a0\u00bb1_2&Prime; _builder_version=\u00a0\u00bb4.4.1&Prime;][et_pb_image src=\u00a0\u00bbhttps:\/\/www.honeymoon-world.com\/france\/wp-content\/uploads\/2021\/02\/web-Hand-Draft-Sunrise-02.jpg\u00a0\u00bb _builder_version=\u00a0\u00bb4.4.1&Prime;][\/et_pb_image][\/et_pb_column][\/et_pb_row][\/et_pb_section][et_pb_section fb_built=\u00a0\u00bb1&Prime; _builder_version=\u00a0\u00bb4.4.1&Prime; custom_padding=\u00a0\u00bb33px|||||\u00a0\u00bb animation_style=\u00a0\u00bbflip\u00a0\u00bb][et_pb_row _builder_version=\u00a0\u00bb4.4.1&Prime;][et_pb_column type=\u00a0\u00bb4_4&Prime; _builder_version=\u00a0\u00bb4.4.1&Prime;][et_pb_text _builder_version=\u00a0\u00bb4.4.1&Prime; text_font=\u00a0\u00bbAbel||||||||\u00a0\u00bb text_font_size=\u00a0\u00bb40px\u00a0\u00bb]<\/p>\n<p>Qui sommes-nous ?<\/p>\n<p>[\/et_pb_text][\/et_pb_column][\/et_pb_row][et_pb_row column_structure=\u00a0\u00bb1_5,3_5,1_5&Prime; use_custom_gutter=\u00a0\u00bbon\u00a0\u00bb gutter_width=\u00a0\u00bb2&Prime; _builder_version=\u00a0\u00bb4.4.1&Prime; custom_margin=\u00a0\u00bb|auto|||false|false\u00a0\u00bb custom_padding=\u00a0\u00bb||||false|false\u00a0\u00bb][et_pb_column type=\u00a0\u00bb1_5&Prime; _builder_version=\u00a0\u00bb4.4.1&Prime;][et_pb_image src=\u00a0\u00bbhttps:\/\/www.honeymoon-world.com\/france\/wp-content\/uploads\/2021\/01\/Sebastien-Portrait-web.jpg\u00a0\u00bb _builder_version=\u00a0\u00bb4.4.1&Prime; custom_padding=\u00a0\u00bb|||0px||\u00a0\u00bb box_shadow_style=\u00a0\u00bbpreset3&Prime;][\/et_pb_image][\/et_pb_column][et_pb_column type=\u00a0\u00bb3_5&Prime; _builder_version=\u00a0\u00bb4.4.1&Prime;][et_pb_text _builder_version=\u00a0\u00bb4.4.1&Prime; text_line_height=\u00a0\u00bb2em\u00a0\u00bb]<\/p>\n<p><strong>Cr\u00e9ateur\u00a0: S\u00e9bastien Coste &#8211; 52 ans &#8211; vit entre l\u2019Asie, l\u2019Europe et les Cara\u00efbes.<\/strong><br \/> S\u00e9bastien est un globetrotteur, il baigne depuis toujours dans l\u2019univers de la mode et du luxe. De ses voyages, de son go\u00fbt pour le design, et de son amour pour les mat\u00e9riaux naturels et nobles, il a tir\u00e9 la quintessence pour cr\u00e9er les gammes de lits et gazebos Honeymoon.<br \/> Sa volont\u00e9 reste de cr\u00e9er pour une vie enti\u00e8re, que les belles pi\u00e8ces soient transmises entre les g\u00e9n\u00e9rations et que les plaisirs vrais et simples restent\u2026 comme une sieste au jardin ou de longs moments de contemplation. \u00ab\u00a0Nous n\u2019aurons qu\u2019une vie alors vivons et partageons\u00a0\u00bb<\/p>\n<p>[\/et_pb_text][\/et_pb_column][et_pb_column type=\u00a0\u00bb1_5&Prime; _builder_version=\u00a0\u00bb4.4.1&Prime;][\/et_pb_column][\/et_pb_row][et_pb_row column_structure=\u00a0\u00bb1_5,3_5,1_5&Prime; use_custom_gutter=\u00a0\u00bbon\u00a0\u00bb gutter_width=\u00a0\u00bb2&Prime; _builder_version=\u00a0\u00bb4.4.1&Prime; custom_margin=\u00a0\u00bb|auto|||false|false\u00a0\u00bb custom_padding=\u00a0\u00bb||||false|false\u00a0\u00bb][et_pb_column type=\u00a0\u00bb1_5&Prime; _builder_version=\u00a0\u00bb4.4.1&Prime;][\/et_pb_column][et_pb_column type=\u00a0\u00bb3_5&Prime; _builder_version=\u00a0\u00bb4.4.1&Prime;][et_pb_text _builder_version=\u00a0\u00bb4.4.1&Prime; text_line_height=\u00a0\u00bb2em\u00a0\u00bb]<\/p>\n<p><strong>Associ\u00e9\u00a0: Gr\u00e9gory Dubrulle &#8211; 49 ans &#8211; vit en France<\/strong><br \/> Gr\u00e9gory accompagne S\u00e9bastien depuis ses premiers croquis, il a longtemps port\u00e9 plusieurs casquettes\u00a0: consultant, directeur financier, manager de transition\u2026 Depuis 15 ans, il g\u00e8re, structure et d\u00e9veloppe l\u2019entreprise.<br \/> \u00c9galement passionn\u00e9 par le teck et l\u2019art de vivre en ext\u00e9rieur, il est l\u2019interlocuteur des partenaires et des clients professionnels et il s\u2019implique \u00e0 chaque instant pour garantir la pleine satisfaction de la client\u00e8le.<br \/> \u00ab\u00a0Chaque projet, chaque client, est unique. Ma grande fiert\u00e9 est de leur permettre de s\u2019approprier, avec bonheur, de nouveaux espaces de vie\u2026 \u00e0 l\u2019ext\u00e9rieur\u00a0\u00bb.<\/p>\n<p>[\/et_pb_text][\/et_pb_column][et_pb_column type=\u00a0\u00bb1_5&Prime; _builder_version=\u00a0\u00bb4.4.1&Prime;][et_pb_image src=\u00a0\u00bbhttps:\/\/www.honeymoon-world.com\/france\/wp-content\/uploads\/2021\/01\/Gregory-Portrait-web.jpg\u00a0\u00bb _builder_version=\u00a0\u00bb4.4.1&Prime; custom_padding=\u00a0\u00bb|||0px||\u00a0\u00bb box_shadow_style=\u00a0\u00bbpreset3&Prime;][\/et_pb_image][\/et_pb_column][\/et_pb_row][et_pb_row use_custom_gutter=\u00a0\u00bbon\u00a0\u00bb gutter_width=\u00a0\u00bb2&Prime; _builder_version=\u00a0\u00bb4.4.1&Prime; custom_margin=\u00a0\u00bb|auto|||false|false\u00a0\u00bb custom_padding=\u00a0\u00bb||||false|false\u00a0\u00bb][et_pb_column type=\u00a0\u00bb4_4&Prime; _builder_version=\u00a0\u00bb4.4.1&Prime;][et_pb_text _builder_version=\u00a0\u00bb4.4.1&Prime; text_line_height=\u00a0\u00bb2em\u00a0\u00bb]<\/p>\n<p><strong>Partenaires\u00a0: Architectes, D\u00e9corateurs, Paysagistes, Pisciniers\u2026 des professionnels sur tous les continents<\/strong><br \/> Le tandem des cr\u00e9ateurs s\u2019appuie sur des partenariats tiss\u00e9s depuis le d\u00e9but\u00a0: fournisseurs de mat\u00e9riaux, ateliers de fabrication et fournisseurs. L\u2019excellence de nos relations est une garantie pour la p\u00e9rennit\u00e9 de l\u2019entreprise.<br \/> En France, en Europe et sur tous les continents\u00a0: ce sont des d\u00e9corateurs, des architectes, des paysagistes, ou des pisciniers qui int\u00e8grent nos cr\u00e9ations dans leurs projets, ou font appel \u00e0 nos comp\u00e9tences sp\u00e9cifiques. Cette association est toujours b\u00e9n\u00e9fique pour leurs clients.<\/p>\n<p>[\/et_pb_text][\/et_pb_column][\/et_pb_row][\/et_pb_section]<\/p>\n","protected":false},"excerpt":{"rendered":"<p>[et_pb_section fb_built=\u00a0\u00bb1&Prime; fullwidth=\u00a0\u00bbon\u00a0\u00bb _builder_version=\u00a0\u00bb4.4.1&Prime; bottom_divider_style=\u00a0\u00bbtriangle\u00a0\u00bb bottom_divider_color=\u00a0\u00bb#ffffff\u00a0\u00bb bottom_divider_height=\u00a0\u00bb41px\u00a0\u00bb][et_pb_fullwidth_header title=\u00a0\u00bbPr\u00e9sentation\u00a0\u00bb background_overlay_color=\u00a0\u00bbrgba(0,0,0,0.22)\u00a0\u00bb _builder_version=\u00a0\u00bb4.4.1&Prime; title_font_size=\u00a0\u00bb60px\u00a0\u00bb background_color=\u00a0\u00bb#638aa3&Prime; parallax=\u00a0\u00bbon\u00a0\u00bb custom_padding=\u00a0\u00bb60px||60px||false|false\u00a0\u00bb hover_enabled=\u00a0\u00bb0&Prime; background_image=\u00a0\u00bbhttps:\/\/www.honeymoon-world.com\/france\/wp-content\/uploads\/2021\/02\/fond001.jpg\u00a0\u00bb][\/et_pb_fullwidth_header][\/et_pb_section][et_pb_section fb_built=\u00a0\u00bb1&Prime; _builder_version=\u00a0\u00bb4.4.1&Prime; custom_padding=\u00a0\u00bb||28px|||\u00a0\u00bb animation_style=\u00a0\u00bbflip\u00a0\u00bb][et_pb_row _builder_version=\u00a0\u00bb4.4.1&Prime;][et_pb_column type=\u00a0\u00bb4_4&Prime; _builder_version=\u00a0\u00bb4.4.1&Prime;][et_pb_text _builder_version=\u00a0\u00bb4.4.1&Prime; text_font=\u00a0\u00bbAbel||||||||\u00a0\u00bb text_font_size=\u00a0\u00bb21px\u00a0\u00bb] C\u2019est sur la C\u00f4te d\u2019Azur, \u00e0 Juan-les-Pins, station baln\u00e9aire cosmopolite o\u00f9 se cultive un certain art de vivre, qu\u2019est n\u00e9e la belle histoire d\u2019Honeymoon. [\/et_pb_text][\/et_pb_column][\/et_pb_row][et_pb_row column_structure=\u00a0\u00bb1_2,1_2&Prime; _builder_version=\u00a0\u00bb4.4.1&Prime; custom_margin=\u00a0\u00bb||||false|false\u00a0\u00bb custom_padding=\u00a0\u00bb||||false|false\u00a0\u00bb][et_pb_column [&hellip;]<\/p>\n","protected":false},"author":1,"featured_media":0,"parent":0,"menu_order":0,"comment_status":"closed","ping_status":"closed","template":"","meta":{"_et_pb_use_builder":"on","_et_pb_old_content":"","_et_gb_content_width":"","footnotes":""},"class_list":["post-1257","page","type-page","status-publish","hentry"],"yoast_head":"<!-- This site is optimized with the Yoast SEO plugin v25.1 - https:\/\/yoast.com\/wordpress\/plugins\/seo\/ -->\n<title>Fabricant de gazebo en bois, am\u00e9nagement haut de gamme des ext\u00e9rieurs<\/title>\n<meta name=\"description\" content=\"Fabricant de gazebo en bois. Les produits Honeymoon sont une r\u00e9f\u00e9rence pour l\u2019am\u00e9nagement haut de gamme des ext\u00e9rieurs.\" \/>\n<meta name=\"robots\" content=\"index, follow, max-snippet:-1, max-image-preview:large, max-video-preview:-1\" \/>\n<link rel=\"canonical\" href=\"https:\/\/www.honeymoon-world.com\/france\/lhistoire-dhoneymoon\/\" \/>\n<meta property=\"og:locale\" content=\"fr_FR\" \/>\n<meta property=\"og:type\" content=\"article\" \/>\n<meta property=\"og:title\" content=\"Fabricant de gazebo en bois, am\u00e9nagement haut de gamme des ext\u00e9rieurs\" \/>\n<meta property=\"og:description\" content=\"Fabricant de gazebo en bois. Les produits Honeymoon sont une r\u00e9f\u00e9rence pour l\u2019am\u00e9nagement haut de gamme des ext\u00e9rieurs.\" \/>\n<meta property=\"og:url\" content=\"https:\/\/www.honeymoon-world.com\/france\/lhistoire-dhoneymoon\/\" \/>\n<meta property=\"og:site_name\" content=\"Honeymoon World\" \/>\n<meta property=\"article:modified_time\" content=\"2021-02-13T17:57:57+00:00\" \/>\n<meta name=\"twitter:card\" content=\"summary_large_image\" \/>\n<meta name=\"twitter:label1\" content=\"Dur\u00e9e de lecture estim\u00e9e\" \/>\n\t<meta name=\"twitter:data1\" content=\"5 minutes\" \/>\n<script type=\"application\/ld+json\" class=\"yoast-schema-graph\">{\"@context\":\"https:\/\/schema.org\",\"@graph\":[{\"@type\":\"WebPage\",\"@id\":\"https:\/\/www.honeymoon-world.com\/france\/lhistoire-dhoneymoon\/\",\"url\":\"https:\/\/www.honeymoon-world.com\/france\/lhistoire-dhoneymoon\/\",\"name\":\"Fabricant de gazebo en bois, am\u00e9nagement haut de gamme des ext\u00e9rieurs\",\"isPartOf\":{\"@id\":\"https:\/\/www.honeymoon-world.com\/france\/#website\"},\"datePublished\":\"2021-01-26T11:10:49+00:00\",\"dateModified\":\"2021-02-13T17:57:57+00:00\",\"description\":\"Fabricant de gazebo en bois. Les produits Honeymoon sont une r\u00e9f\u00e9rence pour l\u2019am\u00e9nagement haut de gamme des ext\u00e9rieurs.\",\"breadcrumb\":{\"@id\":\"https:\/\/www.honeymoon-world.com\/france\/lhistoire-dhoneymoon\/#breadcrumb\"},\"inLanguage\":\"fr-FR\",\"potentialAction\":[{\"@type\":\"ReadAction\",\"target\":[\"https:\/\/www.honeymoon-world.com\/france\/lhistoire-dhoneymoon\/\"]}]},{\"@type\":\"BreadcrumbList\",\"@id\":\"https:\/\/www.honeymoon-world.com\/france\/lhistoire-dhoneymoon\/#breadcrumb\",\"itemListElement\":[{\"@type\":\"ListItem\",\"position\":1,\"name\":\"Accueil\",\"item\":\"https:\/\/www.honeymoon-world.com\/france\/\"},{\"@type\":\"ListItem\",\"position\":2,\"name\":\"L&rsquo;histoire d&rsquo;Honeymoon\"}]},{\"@type\":\"WebSite\",\"@id\":\"https:\/\/www.honeymoon-world.com\/france\/#website\",\"url\":\"https:\/\/www.honeymoon-world.com\/france\/\",\"name\":\"Honeymoon World\",\"description\":\"L&#039;art de vivre en plein air - Gaz\u00e9bo, mobilier d&#039;ext\u00e9rieur, cuisine d&#039;\u00e9t\u00e9\",\"potentialAction\":[{\"@type\":\"SearchAction\",\"target\":{\"@type\":\"EntryPoint\",\"urlTemplate\":\"https:\/\/www.honeymoon-world.com\/france\/?s={search_term_string}\"},\"query-input\":{\"@type\":\"PropertyValueSpecification\",\"valueRequired\":true,\"valueName\":\"search_term_string\"}}],\"inLanguage\":\"fr-FR\"}]}<\/script>\n<!-- \/ Yoast SEO plugin. -->","yoast_head_json":{"title":"Fabricant de gazebo en bois, am\u00e9nagement haut de gamme des ext\u00e9rieurs","description":"Fabricant de gazebo en bois. Les produits Honeymoon sont une r\u00e9f\u00e9rence pour l\u2019am\u00e9nagement haut de gamme des ext\u00e9rieurs.","robots":{"index":"index","follow":"follow","max-snippet":"max-snippet:-1","max-image-preview":"max-image-preview:large","max-video-preview":"max-video-preview:-1"},"canonical":"https:\/\/www.honeymoon-world.com\/france\/lhistoire-dhoneymoon\/","og_locale":"fr_FR","og_type":"article","og_title":"Fabricant de gazebo en bois, am\u00e9nagement haut de gamme des ext\u00e9rieurs","og_description":"Fabricant de gazebo en bois. Les produits Honeymoon sont une r\u00e9f\u00e9rence pour l\u2019am\u00e9nagement haut de gamme des ext\u00e9rieurs.","og_url":"https:\/\/www.honeymoon-world.com\/france\/lhistoire-dhoneymoon\/","og_site_name":"Honeymoon World","article_modified_time":"2021-02-13T17:57:57+00:00","twitter_card":"summary_large_image","twitter_misc":{"Dur\u00e9e de lecture estim\u00e9e":"5 minutes"},"schema":{"@context":"https:\/\/schema.org","@graph":[{"@type":"WebPage","@id":"https:\/\/www.honeymoon-world.com\/france\/lhistoire-dhoneymoon\/","url":"https:\/\/www.honeymoon-world.com\/france\/lhistoire-dhoneymoon\/","name":"Fabricant de gazebo en bois, am\u00e9nagement haut de gamme des ext\u00e9rieurs","isPartOf":{"@id":"https:\/\/www.honeymoon-world.com\/france\/#website"},"datePublished":"2021-01-26T11:10:49+00:00","dateModified":"2021-02-13T17:57:57+00:00","description":"Fabricant de gazebo en bois. Les produits Honeymoon sont une r\u00e9f\u00e9rence pour l\u2019am\u00e9nagement haut de gamme des ext\u00e9rieurs.","breadcrumb":{"@id":"https:\/\/www.honeymoon-world.com\/france\/lhistoire-dhoneymoon\/#breadcrumb"},"inLanguage":"fr-FR","potentialAction":[{"@type":"ReadAction","target":["https:\/\/www.honeymoon-world.com\/france\/lhistoire-dhoneymoon\/"]}]},{"@type":"BreadcrumbList","@id":"https:\/\/www.honeymoon-world.com\/france\/lhistoire-dhoneymoon\/#breadcrumb","itemListElement":[{"@type":"ListItem","position":1,"name":"Accueil","item":"https:\/\/www.honeymoon-world.com\/france\/"},{"@type":"ListItem","position":2,"name":"L&rsquo;histoire d&rsquo;Honeymoon"}]},{"@type":"WebSite","@id":"https:\/\/www.honeymoon-world.com\/france\/#website","url":"https:\/\/www.honeymoon-world.com\/france\/","name":"Honeymoon World","description":"L&#039;art de vivre en plein air - Gaz\u00e9bo, mobilier d&#039;ext\u00e9rieur, cuisine d&#039;\u00e9t\u00e9","potentialAction":[{"@type":"SearchAction","target":{"@type":"EntryPoint","urlTemplate":"https:\/\/www.honeymoon-world.com\/france\/?s={search_term_string}"},"query-input":{"@type":"PropertyValueSpecification","valueRequired":true,"valueName":"search_term_string"}}],"inLanguage":"fr-FR"}]}},"_links":{"self":[{"href":"https:\/\/www.honeymoon-world.com\/france\/wp-json\/wp\/v2\/pages\/1257","targetHints":{"allow":["GET"]}}],"collection":[{"href":"https:\/\/www.honeymoon-world.com\/france\/wp-json\/wp\/v2\/pages"}],"about":[{"href":"https:\/\/www.honeymoon-world.com\/france\/wp-json\/wp\/v2\/types\/page"}],"author":[{"embeddable":true,"href":"https:\/\/www.honeymoon-world.com\/france\/wp-json\/wp\/v2\/users\/1"}],"replies":[{"embeddable":true,"href":"https:\/\/www.honeymoon-world.com\/france\/wp-json\/wp\/v2\/comments?post=1257"}],"version-history":[{"count":10,"href":"https:\/\/www.honeymoon-world.com\/france\/wp-json\/wp\/v2\/pages\/1257\/revisions"}],"predecessor-version":[{"id":1808,"href":"https:\/\/www.honeymoon-world.com\/france\/wp-json\/wp\/v2\/pages\/1257\/revisions\/1808"}],"wp:attachment":[{"href":"https:\/\/www.honeymoon-world.com\/france\/wp-json\/wp\/v2\/media?parent=1257"}],"curies":[{"name":"wp","href":"https:\/\/api.w.org\/{rel}","templated":true}]}}