{"id":120,"date":"2021-01-08T12:15:06","date_gmt":"2021-01-08T11:15:06","guid":{"rendered":"https:\/\/www.honeymoon-world.com\/france\/?page_id=120"},"modified":"2021-02-04T16:59:26","modified_gmt":"2021-02-04T15:59:26","slug":"daybed-sun-lounger","status":"publish","type":"page","link":"https:\/\/www.honeymoon-world.com\/en\/daybed-sun-lounger\/","title":{"rendered":"DAYBED, SUN LOUNGER &#038; VARIOUS"},"content":{"rendered":"<p>[et_pb_section fb_built=\u00a0\u00bb1&Prime; fullwidth=\u00a0\u00bbon\u00a0\u00bb _builder_version=\u00a0\u00bb4.4.1&Prime; bottom_divider_style=\u00a0\u00bbtriangle\u00a0\u00bb bottom_divider_color=\u00a0\u00bb#ffffff\u00a0\u00bb bottom_divider_height=\u00a0\u00bb41px\u00a0\u00bb][et_pb_fullwidth_header title=\u00a0\u00bbDAYBED, SUN LOUNGER &#038; VARIOUS\u00a0\u00bb background_overlay_color=\u00a0\u00bbrgba(0,0,0,0.22)\u00a0\u00bb _builder_version=\u00a0\u00bb4.4.1&Prime; title_font_size=\u00a0\u00bb60px\u00a0\u00bb background_image=\u00a0\u00bbhttps:\/\/www.honeymoon-world.com\/france\/wp-content\/uploads\/2021\/01\/sun-3588618_1280.jpg\u00a0\u00bb parallax=\u00a0\u00bbon\u00a0\u00bb custom_padding=\u00a0\u00bb60px||60px||false|false\u00a0\u00bb]Outdoor furniture without roofing[\/et_pb_fullwidth_header][\/et_pb_section][et_pb_section fb_built=\u00a0\u00bb1&Prime; _builder_version=\u00a0\u00bb4.4.1&Prime; animation_style=\u00a0\u00bbflip\u00a0\u00bb saved_tabs=\u00a0\u00bball\u00a0\u00bb][et_pb_row column_structure=\u00a0\u00bb1_3,1_3,1_3&Prime; use_custom_gutter=\u00a0\u00bbon\u00a0\u00bb gutter_width=\u00a0\u00bb2&Prime; _builder_version=\u00a0\u00bb4.4.1&Prime; max_width=\u00a0\u00bb1502px\u00a0\u00bb custom_margin=\u00a0\u00bb-6px|auto|17px|auto|false|false\u00a0\u00bb custom_padding=\u00a0\u00bb16px|||||\u00a0\u00bb][et_pb_column type=\u00a0\u00bb1_3&Prime; _builder_version=\u00a0\u00bb4.4.1&Prime;][et_pb_image src=\u00a0\u00bbhttps:\/\/www.honeymoon-world.com\/france\/wp-content\/uploads\/2021\/01\/web-sundeck01.jpg\u00a0\u00bb url=\u00a0\u00bbhttps:\/\/www.honeymoon-world.com\/en\/sundeck\u00a0\u00bb _builder_version=\u00a0\u00bb4.4.1&Prime;][\/et_pb_image][et_pb_text _builder_version=\u00a0\u00bb4.4.1&Prime; text_font=\u00a0\u00bbAbel||||||||\u00a0\u00bb text_font_size=\u00a0\u00bb40px\u00a0\u00bb]<\/p>\n<p>Sundeck<\/p>\n<p>[\/et_pb_text][et_pb_text _builder_version=\u00a0\u00bb4.4.1&Prime; text_font_size=\u00a0\u00bb15px\u00a0\u00bb custom_margin=\u00a0\u00bb||-1px|||\u00a0\u00bb]Designed as a complete decking, this piece of furniture has two mattresses with head cushions, an adjustable backrest and a removable &#8230;[\/et_pb_text][et_pb_text _builder_version=\u00a0\u00bb4.4.1&Prime; min_height=\u00a0\u00bb19.2px\u00a0\u00bb custom_padding=\u00a0\u00bb8px||3px|||\u00a0\u00bb]<a href=\"https:\/\/www.honeymoon-world.com\/en\/sundeck\">See more &gt;&gt;<\/a>[\/et_pb_text][\/et_pb_column][et_pb_column type=\u00a0\u00bb1_3&Prime; _builder_version=\u00a0\u00bb4.4.1&Prime;][et_pb_image src=\u00a0\u00bbhttps:\/\/www.honeymoon-world.com\/en\/wp-content\/uploads\/2021\/01\/web-eeva.jpg\u00a0\u00bb url=\u00a0\u00bbhttps:\/\/www.honeymoon-world.com\/en\/eeva\/\u00a0\u00bb _builder_version=\u00a0\u00bb4.4.1&Prime;][\/et_pb_image][et_pb_text _builder_version=\u00a0\u00bb4.4.1&Prime; text_font=\u00a0\u00bbAbel||||||||\u00a0\u00bb text_font_size=\u00a0\u00bb40px\u00a0\u00bb]<\/p>\n<p>Eeva<\/p>\n<p>[\/et_pb_text][et_pb_text _builder_version=\u00a0\u00bb4.4.1&Prime; text_font_size=\u00a0\u00bb15px\u00a0\u00bb custom_margin=\u00a0\u00bb||-1px|||\u00a0\u00bb]This tropical style bench finds its place in exotic environments\u2026 The piece of furniture is made of solid teak wood &#8230;[\/et_pb_text][et_pb_text _builder_version=\u00a0\u00bb4.4.1&Prime; min_height=\u00a0\u00bb19.2px\u00a0\u00bb custom_padding=\u00a0\u00bb8px||3px|||\u00a0\u00bb]<\/p>\n<p><a href=\"https:\/\/www.honeymoon-world.com\/en\/eeva\/\">See more &gt;&gt;<\/a><\/p>\n<p>[\/et_pb_text][\/et_pb_column][et_pb_column type=\u00a0\u00bb1_3&Prime; _builder_version=\u00a0\u00bb4.4.1&Prime;][et_pb_image src=\u00a0\u00bbhttps:\/\/www.honeymoon-world.com\/en\/wp-content\/uploads\/2021\/02\/hanalei.jpg\u00a0\u00bb url=\u00a0\u00bbhttps:\/\/www.honeymoon-world.com\/en\/hanalei\/\u00a0\u00bb _builder_version=\u00a0\u00bb4.4.1&Prime; hover_enabled=\u00a0\u00bb0&Prime;][\/et_pb_image][et_pb_text _builder_version=\u00a0\u00bb4.4.1&Prime; text_font=\u00a0\u00bbAbel||||||||\u00a0\u00bb text_font_size=\u00a0\u00bb40px\u00a0\u00bb]<\/p>\n<p>Hanalei<\/p>\n<p>[\/et_pb_text][et_pb_text _builder_version=\u00a0\u00bb4.4.1&Prime; text_font_size=\u00a0\u00bb15px\u00a0\u00bb custom_margin=\u00a0\u00bb||-1px|||\u00a0\u00bb]An exotic garden bed for enjoying dreaming moments&#8230; Its solid teakwood structure, with its bamboo style finishing &#8230;[\/et_pb_text][et_pb_text _builder_version=\u00a0\u00bb4.4.1&Prime; min_height=\u00a0\u00bb19.2px\u00a0\u00bb custom_padding=\u00a0\u00bb8px||3px|||\u00a0\u00bb]<\/p>\n<p><a href=\"https:\/\/www.honeymoon-world.com\/en\/hanalei\/\">See more &gt;&gt;<\/a><\/p>\n<p>[\/et_pb_text][\/et_pb_column][\/et_pb_row][et_pb_row column_structure=\u00a0\u00bb1_3,1_3,1_3&Prime; use_custom_gutter=\u00a0\u00bbon\u00a0\u00bb gutter_width=\u00a0\u00bb2&Prime; _builder_version=\u00a0\u00bb4.4.1&Prime; max_width=\u00a0\u00bb1502px\u00a0\u00bb custom_margin=\u00a0\u00bb-6px|auto||auto|false|false\u00a0\u00bb custom_padding=\u00a0\u00bb16px|||||\u00a0\u00bb][et_pb_column type=\u00a0\u00bb1_3&Prime; _builder_version=\u00a0\u00bb4.4.1&Prime;][et_pb_image src=\u00a0\u00bbhttps:\/\/www.honeymoon-world.com\/en\/wp-content\/uploads\/2021\/02\/moana.jpg\u00a0\u00bb url=\u00a0\u00bbhttps:\/\/www.honeymoon-world.com\/en\/moana\/\u00a0\u00bb _builder_version=\u00a0\u00bb4.4.1&Prime; hover_enabled=\u00a0\u00bb0&Prime;][\/et_pb_image][et_pb_text _builder_version=\u00a0\u00bb4.4.1&Prime; text_font=\u00a0\u00bbAbel||||||||\u00a0\u00bb text_font_size=\u00a0\u00bb40px\u00a0\u00bb]<\/p>\n<p>Moana<\/p>\n<p>[\/et_pb_text][et_pb_text _builder_version=\u00a0\u00bb4.4.1&Prime; text_font_size=\u00a0\u00bb15px\u00a0\u00bb custom_margin=\u00a0\u00bb||-1px|||\u00a0\u00bb]A private haven for enjoying air and shade&#8230; the solid teak structures provide an exotic atmosphere with its bamboo style finishing &#8230;[\/et_pb_text][et_pb_text _builder_version=\u00a0\u00bb4.4.1&Prime; min_height=\u00a0\u00bb19.2px\u00a0\u00bb custom_padding=\u00a0\u00bb8px||3px|||\u00a0\u00bb]<\/p>\n<p><a href=\"https:\/\/www.honeymoon-world.com\/france\/moana\/\">See more &gt;&gt;<\/a><\/p>\n<p>[\/et_pb_text][\/et_pb_column][et_pb_column type=\u00a0\u00bb1_3&Prime; _builder_version=\u00a0\u00bb4.4.1&Prime;][et_pb_image src=\u00a0\u00bbhttps:\/\/www.honeymoon-world.com\/en\/wp-content\/uploads\/2021\/01\/web-waimea.jpg\u00a0\u00bb url=\u00a0\u00bbhttps:\/\/www.honeymoon-world.com\/en\/waimea\/\u00a0\u00bb _builder_version=\u00a0\u00bb4.4.1&Prime;][\/et_pb_image][et_pb_text _builder_version=\u00a0\u00bb4.4.1&Prime; text_font=\u00a0\u00bbAbel||||||||\u00a0\u00bb text_font_size=\u00a0\u00bb40px\u00a0\u00bb]<\/p>\n<p>Waimea<\/p>\n<p>[\/et_pb_text][et_pb_text _builder_version=\u00a0\u00bb4.4.1&Prime; text_font_size=\u00a0\u00bb15px\u00a0\u00bb custom_margin=\u00a0\u00bb||-1px|||\u00a0\u00bb]This shower has an exotic design with its nodes of bamboo\u2026 Perfect for a rain of freshness in the garden!&#8230;[\/et_pb_text][et_pb_text _builder_version=\u00a0\u00bb4.4.1&Prime; min_height=\u00a0\u00bb19.2px\u00a0\u00bb custom_padding=\u00a0\u00bb8px||3px|||\u00a0\u00bb]<\/p>\n<p><a href=\"https:\/\/www.honeymoon-world.com\/en\/waimea\/\">See more &gt;&gt;<\/a><\/p>\n<p>[\/et_pb_text][\/et_pb_column][et_pb_column type=\u00a0\u00bb1_3&Prime; _builder_version=\u00a0\u00bb4.4.1&Prime;][\/et_pb_column][\/et_pb_row][\/et_pb_section]<\/p>\n","protected":false},"excerpt":{"rendered":"<p>Outdoor furniture without roofingSundeckDesigned as a complete decking, this piece of furniture has two mattresses with head cushions, an adjustable backrest and a removable &#8230;See more &gt;&gt;EevaThis tropical style bench finds its place in exotic environments\u2026 The piece of furniture is made of solid teak wood &#8230;See more &gt;&gt;HanaleiAn exotic garden bed for enjoying dreaming [&hellip;]<\/p>\n","protected":false},"author":1,"featured_media":0,"parent":0,"menu_order":0,"comment_status":"closed","ping_status":"closed","template":"","meta":{"_et_pb_use_builder":"on","_et_pb_old_content":"","_et_gb_content_width":"","footnotes":""},"class_list":["post-120","page","type-page","status-publish","hentry"],"yoast_head":"<!-- This site is optimized with the Yoast SEO plugin v22.0 - https:\/\/yoast.com\/wordpress\/plugins\/seo\/ -->\n<title>Lits, Bains de soleil &amp; mobilier ext\u00e9rieur - Honeymoon-world<\/title>\n<meta name=\"description\" content=\"Lits, Bains de soleil &amp; mobilier ext\u00e9rieur et jardin - D\u00e9couvrez notre collection de meubles d\u2019ext\u00e9rieur et lits sans couverture pour jardin\" \/>\n<meta name=\"robots\" content=\"index, follow, max-snippet:-1, max-image-preview:large, max-video-preview:-1\" \/>\n<link rel=\"canonical\" href=\"https:\/\/www.honeymoon-world.com\/en\/daybed-sun-lounger\/\" \/>\n<meta property=\"og:locale\" content=\"fr_FR\" \/>\n<meta property=\"og:type\" content=\"article\" \/>\n<meta property=\"og:title\" content=\"Lits, Bains de soleil &amp; mobilier ext\u00e9rieur - Honeymoon-world\" \/>\n<meta property=\"og:description\" content=\"Lits, Bains de soleil &amp; mobilier ext\u00e9rieur et jardin - D\u00e9couvrez notre collection de meubles d\u2019ext\u00e9rieur et lits sans couverture pour jardin\" \/>\n<meta property=\"og:url\" content=\"https:\/\/www.honeymoon-world.com\/en\/daybed-sun-lounger\/\" \/>\n<meta property=\"og:site_name\" content=\"Honeymoon World\" \/>\n<meta property=\"article:modified_time\" content=\"2021-02-04T15:59:26+00:00\" \/>\n<meta name=\"twitter:card\" content=\"summary_large_image\" \/>\n<meta name=\"twitter:label1\" content=\"Dur\u00e9e de lecture estim\u00e9e\" \/>\n\t<meta name=\"twitter:data1\" content=\"3 minutes\" \/>\n<script type=\"application\/ld+json\" class=\"yoast-schema-graph\">{\"@context\":\"https:\/\/schema.org\",\"@graph\":[{\"@type\":\"WebPage\",\"@id\":\"https:\/\/www.honeymoon-world.com\/en\/daybed-sun-lounger\/\",\"url\":\"https:\/\/www.honeymoon-world.com\/en\/daybed-sun-lounger\/\",\"name\":\"Lits, Bains de soleil & mobilier ext\u00e9rieur - Honeymoon-world\",\"isPartOf\":{\"@id\":\"https:\/\/www.honeymoon-world.com\/en\/#website\"},\"datePublished\":\"2021-01-08T11:15:06+00:00\",\"dateModified\":\"2021-02-04T15:59:26+00:00\",\"description\":\"Lits, Bains de soleil & mobilier ext\u00e9rieur et jardin - D\u00e9couvrez notre collection de meubles d\u2019ext\u00e9rieur et lits sans couverture pour jardin\",\"breadcrumb\":{\"@id\":\"https:\/\/www.honeymoon-world.com\/en\/daybed-sun-lounger\/#breadcrumb\"},\"inLanguage\":\"fr-FR\",\"potentialAction\":[{\"@type\":\"ReadAction\",\"target\":[\"https:\/\/www.honeymoon-world.com\/en\/daybed-sun-lounger\/\"]}]},{\"@type\":\"BreadcrumbList\",\"@id\":\"https:\/\/www.honeymoon-world.com\/en\/daybed-sun-lounger\/#breadcrumb\",\"itemListElement\":[{\"@type\":\"ListItem\",\"position\":1,\"name\":\"Home\",\"item\":\"https:\/\/www.honeymoon-world.com\/en\/\"},{\"@type\":\"ListItem\",\"position\":2,\"name\":\"DAYBED, SUN LOUNGER &#038; VARIOUS\"}]},{\"@type\":\"WebSite\",\"@id\":\"https:\/\/www.honeymoon-world.com\/en\/#website\",\"url\":\"https:\/\/www.honeymoon-world.com\/en\/\",\"name\":\"Honeymoon World\",\"description\":\"The art of living outdoors!\",\"potentialAction\":[{\"@type\":\"SearchAction\",\"target\":{\"@type\":\"EntryPoint\",\"urlTemplate\":\"https:\/\/www.honeymoon-world.com\/en\/?s={search_term_string}\"},\"query-input\":\"required name=search_term_string\"}],\"inLanguage\":\"fr-FR\"}]}<\/script>\n<!-- \/ Yoast SEO plugin. -->","yoast_head_json":{"title":"Lits, Bains de soleil & mobilier ext\u00e9rieur - Honeymoon-world","description":"Lits, Bains de soleil & mobilier ext\u00e9rieur et jardin - D\u00e9couvrez notre collection de meubles d\u2019ext\u00e9rieur et lits sans couverture pour jardin","robots":{"index":"index","follow":"follow","max-snippet":"max-snippet:-1","max-image-preview":"max-image-preview:large","max-video-preview":"max-video-preview:-1"},"canonical":"https:\/\/www.honeymoon-world.com\/en\/daybed-sun-lounger\/","og_locale":"fr_FR","og_type":"article","og_title":"Lits, Bains de soleil & mobilier ext\u00e9rieur - Honeymoon-world","og_description":"Lits, Bains de soleil & mobilier ext\u00e9rieur et jardin - D\u00e9couvrez notre collection de meubles d\u2019ext\u00e9rieur et lits sans couverture pour jardin","og_url":"https:\/\/www.honeymoon-world.com\/en\/daybed-sun-lounger\/","og_site_name":"Honeymoon World","article_modified_time":"2021-02-04T15:59:26+00:00","twitter_card":"summary_large_image","twitter_misc":{"Dur\u00e9e de lecture estim\u00e9e":"3 minutes"},"schema":{"@context":"https:\/\/schema.org","@graph":[{"@type":"WebPage","@id":"https:\/\/www.honeymoon-world.com\/en\/daybed-sun-lounger\/","url":"https:\/\/www.honeymoon-world.com\/en\/daybed-sun-lounger\/","name":"Lits, Bains de soleil & mobilier ext\u00e9rieur - Honeymoon-world","isPartOf":{"@id":"https:\/\/www.honeymoon-world.com\/en\/#website"},"datePublished":"2021-01-08T11:15:06+00:00","dateModified":"2021-02-04T15:59:26+00:00","description":"Lits, Bains de soleil & mobilier ext\u00e9rieur et jardin - D\u00e9couvrez notre collection de meubles d\u2019ext\u00e9rieur et lits sans couverture pour jardin","breadcrumb":{"@id":"https:\/\/www.honeymoon-world.com\/en\/daybed-sun-lounger\/#breadcrumb"},"inLanguage":"fr-FR","potentialAction":[{"@type":"ReadAction","target":["https:\/\/www.honeymoon-world.com\/en\/daybed-sun-lounger\/"]}]},{"@type":"BreadcrumbList","@id":"https:\/\/www.honeymoon-world.com\/en\/daybed-sun-lounger\/#breadcrumb","itemListElement":[{"@type":"ListItem","position":1,"name":"Home","item":"https:\/\/www.honeymoon-world.com\/en\/"},{"@type":"ListItem","position":2,"name":"DAYBED, SUN LOUNGER &#038; VARIOUS"}]},{"@type":"WebSite","@id":"https:\/\/www.honeymoon-world.com\/en\/#website","url":"https:\/\/www.honeymoon-world.com\/en\/","name":"Honeymoon World","description":"The art of living outdoors!","potentialAction":[{"@type":"SearchAction","target":{"@type":"EntryPoint","urlTemplate":"https:\/\/www.honeymoon-world.com\/en\/?s={search_term_string}"},"query-input":"required name=search_term_string"}],"inLanguage":"fr-FR"}]}},"_links":{"self":[{"href":"https:\/\/www.honeymoon-world.com\/en\/wp-json\/wp\/v2\/pages\/120","targetHints":{"allow":["GET"]}}],"collection":[{"href":"https:\/\/www.honeymoon-world.com\/en\/wp-json\/wp\/v2\/pages"}],"about":[{"href":"https:\/\/www.honeymoon-world.com\/en\/wp-json\/wp\/v2\/types\/page"}],"author":[{"embeddable":true,"href":"https:\/\/www.honeymoon-world.com\/en\/wp-json\/wp\/v2\/users\/1"}],"replies":[{"embeddable":true,"href":"https:\/\/www.honeymoon-world.com\/en\/wp-json\/wp\/v2\/comments?post=120"}],"version-history":[{"count":5,"href":"https:\/\/www.honeymoon-world.com\/en\/wp-json\/wp\/v2\/pages\/120\/revisions"}],"predecessor-version":[{"id":2054,"href":"https:\/\/www.honeymoon-world.com\/en\/wp-json\/wp\/v2\/pages\/120\/revisions\/2054"}],"wp:attachment":[{"href":"https:\/\/www.honeymoon-world.com\/en\/wp-json\/wp\/v2\/media?parent=120"}],"curies":[{"name":"wp","href":"https:\/\/api.w.org\/{rel}","templated":true}]}}